{"id":3894,"date":"2023-12-11T15:36:49","date_gmt":"2023-12-11T13:36:49","guid":{"rendered":"https:\/\/etno.net\/?post_type=product&#038;p=3894"},"modified":"2025-02-10T15:39:15","modified_gmt":"2025-02-10T13:39:15","slug":"eva-valjaots-robbie-sherratt-skylark","status":"publish","type":"product","link":"https:\/\/etno.net\/en\/julkaisu\/aanitteet\/eva-valjaots-robbie-sherratt-skylark","title":{"rendered":"Eva V\u00e4ljaots &amp; Robbie Sherratt: Skylark"},"content":{"rendered":"<p><a title=\"Skylarkin kuvat\" href=\"https:\/\/etno.net\/wp-content\/uploads\/2023\/12\/Skylark-kuvat.pdf\" target=\"_blank\" rel=\"noopener\">CD booklet (PDF)<\/a><\/p>\n<p><strong>1. S\u00f5prade labajalg 02:51<\/strong><\/p>\n<!--[if lt IE 9]><script>document.createElement('audio');<\/script><![endif]-->\n<audio class=\"wp-audio-shortcode\" id=\"audio-3894-1\" preload=\"none\" style=\"width: 100%;\" controls=\"controls\"><source type=\"audio\/mpeg\" src=\"https:\/\/etno.net\/wp-content\/uploads\/2023\/12\/1-Soprade-Labajalg-nayte.aiff_.mp3?_=1\" \/><a href=\"https:\/\/etno.net\/wp-content\/uploads\/2023\/12\/1-Soprade-Labajalg-nayte.aiff_.mp3\">https:\/\/etno.net\/wp-content\/uploads\/2023\/12\/1-Soprade-Labajalg-nayte.aiff_.mp3<\/a><\/audio>\n<p>2. Starling 05:27<\/p>\n<p><strong>3. Adventure Tune 05:26<\/strong><\/p>\n<audio class=\"wp-audio-shortcode\" id=\"audio-3894-2\" preload=\"none\" style=\"width: 100%;\" controls=\"controls\"><source type=\"audio\/mpeg\" src=\"https:\/\/etno.net\/wp-content\/uploads\/2023\/12\/3-Adventure-Tune-nayte.aiff_.mp3?_=2\" \/><a href=\"https:\/\/etno.net\/wp-content\/uploads\/2023\/12\/3-Adventure-Tune-nayte.aiff_.mp3\">https:\/\/etno.net\/wp-content\/uploads\/2023\/12\/3-Adventure-Tune-nayte.aiff_.mp3<\/a><\/audio>\n<p>4. Ice Walk 06:21<\/p>\n<p>5. Weavers 04:34<\/p>\n<p>6. Counting Rhyme 00:21<\/p>\n<p><strong>7. Helevalge tuvi 04:33<\/strong><\/p>\n<audio class=\"wp-audio-shortcode\" id=\"audio-3894-3\" preload=\"none\" style=\"width: 100%;\" controls=\"controls\"><source type=\"audio\/mpeg\" src=\"https:\/\/etno.net\/wp-content\/uploads\/2023\/12\/7-Helevalge-Tuvi-nayte.mp3?_=3\" \/><a href=\"https:\/\/etno.net\/wp-content\/uploads\/2023\/12\/7-Helevalge-Tuvi-nayte.mp3\">https:\/\/etno.net\/wp-content\/uploads\/2023\/12\/7-Helevalge-Tuvi-nayte.mp3<\/a><\/audio>\n<p>8. Avatud akende valss 04:27<\/p>\n<p>9. Tulih\u00e4nd 06:58<\/p>\n<p>10. L\u00f5oke 03:29<\/p>\n<p>&nbsp;<\/p>\n<p><strong>Eva V\u00e4ljaots <\/strong>&#8211; kannel, bird-call, vocals<br \/>\n<strong>Robbie Sherratt <\/strong>&#8211; fiddle, hiiu kannel, vocals<\/p>\n<p>Compositions by\u00a0<strong>Eva V\u00e4ljaots<\/strong>\u00a0&amp;\u00a0<strong>Robbie Sherratt<\/strong> (except nr. 5 trad. English)<br \/>\nLyrics: 2. <strong>Robbie Sherratt<\/strong>, 5. trad. English, 6., 7. trad. Estonian, 10. trad. after <strong>Mari Sutt<\/strong> from Estonia<\/p>\n<p>Instruments:<br \/>\nColin Cross 5-string violin, <strong>Robbie Sherratt<\/strong> hiiu kannel<br \/>\nRait Pihlap 15-string kannel,\u00a0Mihkel Soon 12-string kannel,<br \/>\nQuelle est Belle Company bird-call<br \/>\nTrack 5 features recordings of both Queen Street Mill in Burnley and a hand loom which were edited by <strong>Alec Havinmaa<\/strong><\/p>\n<p>Recording, mixing &#8211; <strong>Alec Havinmaa<\/strong><br \/>\nMastering &#8211; <strong>Mikko H Haapoja<\/strong><br \/>\nPhotography &#8211; <strong>Ruudu Rahumaru<\/strong><\/p>\n<p>Sibelius Academy Folk Music Recordings 187<br \/>\nThe Sibelius Academy of the University of the Arts Helsinki &#8211; Folk Music<br \/>\nEVRS01<\/p>\n","protected":false},"excerpt":{"rendered":"<p>CD booklet (PDF) 1. S\u00f5prade labajalg 02:51 2. Starling 05:27 3. Adventure Tune 05:26 4. Ice Walk 06:21 5. Weavers 04:34 6. Counting Rhyme 00:21 7. Helevalge tuvi 04:33 8. Avatud akende valss 04:27 9. Tulih\u00e4nd 06:58 10. L\u00f5oke 03:29 &nbsp; Eva V\u00e4ljaots &#8211; kannel, bird-call, vocals Robbie Sherratt &#8211; fiddle, hiiu kannel, vocals Compositions [&hellip;]<\/p>\n","protected":false},"featured_media":4078,"comment_status":"closed","ping_status":"closed","template":"","meta":{"_acf_changed":false},"product_brand":[],"product_cat":[65],"product_tag":[],"class_list":{"0":"post-3894","1":"product","2":"type-product","3":"status-publish","4":"has-post-thumbnail","6":"product_cat-aanitteet","8":"first","9":"instock","10":"shipping-taxable","11":"product-type-simple"},"acf":[],"_links":{"self":[{"href":"https:\/\/etno.net\/en\/wp-json\/wp\/v2\/product\/3894","targetHints":{"allow":["GET"]}}],"collection":[{"href":"https:\/\/etno.net\/en\/wp-json\/wp\/v2\/product"}],"about":[{"href":"https:\/\/etno.net\/en\/wp-json\/wp\/v2\/types\/product"}],"replies":[{"embeddable":true,"href":"https:\/\/etno.net\/en\/wp-json\/wp\/v2\/comments?post=3894"}],"wp:featuredmedia":[{"embeddable":true,"href":"https:\/\/etno.net\/en\/wp-json\/wp\/v2\/media\/4078"}],"wp:attachment":[{"href":"https:\/\/etno.net\/en\/wp-json\/wp\/v2\/media?parent=3894"}],"wp:term":[{"taxonomy":"product_brand","embeddable":true,"href":"https:\/\/etno.net\/en\/wp-json\/wp\/v2\/product_brand?post=3894"},{"taxonomy":"product_cat","embeddable":true,"href":"https:\/\/etno.net\/en\/wp-json\/wp\/v2\/product_cat?post=3894"},{"taxonomy":"product_tag","embeddable":true,"href":"https:\/\/etno.net\/en\/wp-json\/wp\/v2\/product_tag?post=3894"}],"curies":[{"name":"wp","href":"https:\/\/api.w.org\/{rel}","templated":true}]}}