{"id":3911,"date":"2024-02-09T09:30:27","date_gmt":"2024-02-09T07:30:27","guid":{"rendered":"https:\/\/etno.net\/?post_type=product&#038;p=3911"},"modified":"2025-02-10T15:50:56","modified_gmt":"2025-02-10T13:50:56","slug":"siba-folk-big-band-hippavalta","status":"publish","type":"product","link":"https:\/\/etno.net\/en\/julkaisu\/aanitteet\/siba-folk-big-band-hippavalta","title":{"rendered":"SibA Folk Big Band: Hippavalta"},"content":{"rendered":"<p><a href=\"https:\/\/open.spotify.com\/album\/3XoISspnpAnZv60c955qYB?si=_m-e87vLRQOjkOLd7eEK9w\" target=\"_blank\" rel=\"noopener\">Linkki suoratoistopalveluun (Spotify)<\/a><\/p>\n<p>1.\u00a0<strong>Hippavalta<\/strong> 3&#8217;42<br \/>\ns\u00e4v. trad., sov. Roope Aarnio<\/p>\n<!--[if lt IE 9]><script>document.createElement('audio');<\/script><![endif]-->\n<audio class=\"wp-audio-shortcode\" id=\"audio-3911-1\" preload=\"none\" style=\"width: 100%;\" controls=\"controls\"><source type=\"audio\/mpeg\" src=\"https:\/\/etno.net\/wp-content\/uploads\/2024\/02\/01-Hippavalta-44100-24.mp3?_=1\" \/><a href=\"https:\/\/etno.net\/wp-content\/uploads\/2024\/02\/01-Hippavalta-44100-24.mp3\">https:\/\/etno.net\/wp-content\/uploads\/2024\/02\/01-Hippavalta-44100-24.mp3<\/a><\/audio>\n<p>2.\u00a0<span lang=\"FI\"><strong>Kultaneito<\/strong>\u00a05&#8217;16<br \/>\ns\u00e4v. Esko J\u00e4rvel\u00e4, san. trad., sov. Esko J\u00e4rvel\u00e4<\/span><\/p>\n<audio class=\"wp-audio-shortcode\" id=\"audio-3911-2\" preload=\"none\" style=\"width: 100%;\" controls=\"controls\"><source type=\"audio\/mpeg\" src=\"https:\/\/etno.net\/wp-content\/uploads\/2024\/02\/02-Kultaneito-44100-24.mp3?_=2\" \/><a href=\"https:\/\/etno.net\/wp-content\/uploads\/2024\/02\/02-Kultaneito-44100-24.mp3\">https:\/\/etno.net\/wp-content\/uploads\/2024\/02\/02-Kultaneito-44100-24.mp3<\/a><\/audio>\n<p><span lang=\"FI\">3. <strong>Etel\u00e4st\u00e4 lensi<\/strong> 5&#8217;16<br \/>\n<\/span><span lang=\"FI\">s\u00e4v. trad. <\/span><span lang=\"EN-US\">&amp; Roope<span class=\"apple-converted-space\">\u00a0<\/span><span class=\"outlook-search-highlight\">Aarnio<\/span><span class=\"apple-converted-space\">, <\/span>san. trad., sov. <\/span><span lang=\"FI\"><span lang=\"FI\">Roope<span class=\"apple-converted-space\">\u00a0<\/span><span class=\"outlook-search-highlight\">Aarnio<\/span><\/span><\/span><\/p>\n<audio class=\"wp-audio-shortcode\" id=\"audio-3911-3\" preload=\"none\" style=\"width: 100%;\" controls=\"controls\"><source type=\"audio\/mpeg\" src=\"https:\/\/etno.net\/wp-content\/uploads\/2024\/02\/03-Etelasta-Lensi-44100-24.mp3?_=3\" \/><a href=\"https:\/\/etno.net\/wp-content\/uploads\/2024\/02\/03-Etelasta-Lensi-44100-24.mp3\">https:\/\/etno.net\/wp-content\/uploads\/2024\/02\/03-Etelasta-Lensi-44100-24.mp3<\/a><\/audio>\n<p>4.<strong> Pratsun\u00a0laulu<\/strong> <strong>&amp; Kyyr\u00e4n Matti<\/strong> 9&#8217;29<br \/>\nPratsun laulu: s\u00e4v. trad., san. trad., sov. Emilia Lajunen &amp; FBB Kyyr\u00e4n Matti: s\u00e4v. trad., sov.\u00a0Emilia Lajunen &amp; Jonas Simonson<\/p>\n<audio class=\"wp-audio-shortcode\" id=\"audio-3911-4\" preload=\"none\" style=\"width: 100%;\" controls=\"controls\"><source type=\"audio\/mpeg\" src=\"https:\/\/etno.net\/wp-content\/uploads\/2024\/02\/04-Pratsun-laulu-Kyyran-Matti-44100-24.mp3?_=4\" \/><a href=\"https:\/\/etno.net\/wp-content\/uploads\/2024\/02\/04-Pratsun-laulu-Kyyran-Matti-44100-24.mp3\">https:\/\/etno.net\/wp-content\/uploads\/2024\/02\/04-Pratsun-laulu-Kyyran-Matti-44100-24.mp3<\/a><\/audio>\n<p>5.\u00a0<strong>Sjupav\u00a0Makaro<\/strong> 5&#8217;39<br \/>\ns\u00e4v. trad. &amp; Anna-Kaisa Liedes, san. trad., sov. Anna-Kaisa Liedes &amp; FBB<\/p>\n<audio class=\"wp-audio-shortcode\" id=\"audio-3911-5\" preload=\"none\" style=\"width: 100%;\" controls=\"controls\"><source type=\"audio\/mpeg\" src=\"https:\/\/etno.net\/wp-content\/uploads\/2024\/02\/05-Sjupav-Makaro-44100-24.mp3?_=5\" \/><a href=\"https:\/\/etno.net\/wp-content\/uploads\/2024\/02\/05-Sjupav-Makaro-44100-24.mp3\">https:\/\/etno.net\/wp-content\/uploads\/2024\/02\/05-Sjupav-Makaro-44100-24.mp3<\/a><\/audio>\n<p>6. <strong>R\u00f6ntysk\u00e4t<\/strong> 6&#8217;02<br \/>\ns\u00e4v. trad. &amp; Roope Aarnio, san. trad., sov. Roope\u00a0Aarnio<\/p>\n<audio class=\"wp-audio-shortcode\" id=\"audio-3911-6\" preload=\"none\" style=\"width: 100%;\" controls=\"controls\"><source type=\"audio\/mpeg\" src=\"https:\/\/etno.net\/wp-content\/uploads\/2024\/02\/06-Rontyskat-44100-24.mp3?_=6\" \/><a href=\"https:\/\/etno.net\/wp-content\/uploads\/2024\/02\/06-Rontyskat-44100-24.mp3\">https:\/\/etno.net\/wp-content\/uploads\/2024\/02\/06-Rontyskat-44100-24.mp3<\/a><\/audio>\n<div>\n<div>\n<p>&nbsp;<\/p>\n<p style=\"font-weight: 400;\">\u00c4\u00e4nitetty Helsingin Musiikkitalon SibA:n studioissa 11.-15.12.2023 \/ Recorded at Helsinki Music Center, SibA studios 11.\u201315.12.2023<\/p>\n<p style=\"font-weight: 400;\">\u00c4\u00e4nitys \/ Recording: <strong>Joanna Carvelli<\/strong>, <strong>Tuisku Hillil\u00e4<\/strong>, <strong>Aapo Lankinen<\/strong>, <strong>Saku Liimatainen<\/strong>, <strong>Nemo Mannermaa<\/strong>, <strong>Emil Palom\u00e4ki<\/strong>, <strong>Aleksis Raivio<\/strong>, <strong>Jonatan Snapir<\/strong>, <strong>Nancy Tahlfelt<br \/>\n<\/strong>\u00c4\u00e4nityksen valvoja &amp; ohjaaja \/ Recording\u00a0supervisor\u00a0&amp; guidance: <strong>Miikka Huttunen\u00a0<\/strong><br \/>\nMiksaus \/ Mixing: <strong>Miikka Huttunen\u00a0<\/strong><br \/>\nMasterointi \/ Mastering: <strong>Tommi Vainikainen<br \/>\n<\/strong>Taiteelliset tuottajat \/ Artistic\u00a0producers:\u00a0<strong>Timo Alakotila<\/strong> <strong>&amp;\u00a0<\/strong><strong>Roope\u00a0Aarnio<br \/>\n<\/strong>Toimeenpanevat tuottajat \/ Executive\u00a0producers: <strong>Roope\u00a0Aarnio<\/strong>, <strong>Emilia Lajunen<\/strong>, <strong>Juhani N\u00e4reharju\u00a0<\/strong><br \/>\nKuva &amp; kansien suunnittelu \/ Photo &amp; cover design: <strong>Janne Bj\u00f6rn<br \/>\n<\/strong>Taiteellinen johtaja \/ Artistic director: <strong>Roope Aarnio<br \/>\n<\/strong>Tuotanto &amp; julkaisija \/ Production &amp; publisher: <strong><span lang=\"FI\">Taideyliopiston Sibelius-Akatemian kansanmusiikin koulutusohjelma<\/span><\/strong><strong><br \/>\n<\/strong><strong><span lang=\"FI\">Degree programme of Folk Music at the Sibelius Academy of Uniarts Helsinki<\/span><\/strong><\/p>\n<p>&nbsp;<\/p>\n<\/div>\n<p><strong>Esitt\u00e4j\u00e4t:\u00a0<\/strong><\/p>\n<div>\n<p class=\"paragraph\"><strong><span class=\"normaltextrun\"><span lang=\"EN-US\">Roope<\/span><\/span><span class=\"apple-converted-space\"><span lang=\"EN-US\">\u00a0<\/span><\/span><span class=\"outlook-search-highlight\"><span lang=\"EN-US\">Aarnio<\/span><\/span><span class=\"apple-converted-space\"><span lang=\"EN-US\">: <\/span><\/span><\/strong><span class=\"apple-converted-space\"><span lang=\"EN-US\">mandoliini, akustinen kitara, perkussiot \u00a0\/\u00a0<\/span><\/span><span class=\"normaltextrun\"><span lang=\"EN-US\">mandolin, acoustic<\/span><\/span><span class=\"apple-converted-space\"><span lang=\"EN-US\">\u00a0<\/span><\/span><span class=\"normaltextrun\"><span lang=\"EN-US\">guitar<\/span><\/span><span lang=\"EN-US\">, percussion<br \/>\n<\/span><strong><span class=\"normaltextrun\"><span lang=\"EN-US\">Genevieve<\/span><\/span><span class=\"apple-converted-space\"><span lang=\"EN-US\">\u00a0<\/span><\/span><\/strong><span class=\"normaltextrun\"><span lang=\"EN-US\"><strong>Andersen:<\/strong>\u00a0laulu, perkussiot \/ vocals, percussion<br \/>\n<\/span><\/span><strong><span class=\"normaltextrun\"><span lang=\"EN-US\">Aurora<\/span><\/span><span class=\"apple-converted-space\"><span lang=\"EN-US\">\u00a0<\/span><\/span><\/strong><span class=\"normaltextrun\"><span lang=\"EN-US\"><strong>Fustinoni:<\/strong> kantele<br \/>\n<\/span><\/span><strong>Ella Harju:<\/strong>\u00a0harmonikka \/ accordion<br \/>\n<span class=\"normaltextrun\"><span lang=\"EN-US\"><strong>Leo Herranen:<\/strong>\u00a0kontrabasso \/ double<\/span><\/span><span class=\"apple-converted-space\"><span lang=\"EN-US\">\u00a0<\/span><\/span><span class=\"normaltextrun\"><span lang=\"EN-US\">bass<br \/>\n<\/span><\/span><strong>Olli Kari:<\/strong>\u00a0harmonikka \/ accordion<br \/>\n<strong>Touko Kentala:<\/strong>\u00a0viulu, perkussiot \/ fiddle, percussion<br \/>\n<strong><span class=\"normaltextrun\"><span lang=\"FI\">Sonja Kola<\/span><\/span><span class=\"eop\"><span lang=\"FI\">: <\/span><\/span><\/strong><span class=\"eop\"><span lang=\"FI\">harmonikka \/\u00a0<\/span><\/span><span class=\"normaltextrun\"><span lang=\"FI\">accordion<br \/>\n<\/span><\/span><strong>Anna-Karin Korhonen:<\/strong> kantele<br \/>\n<strong>Sirkka Kosonen:<\/strong>\u00a0laulu, perkussiot \/ vocals, percussion<br \/>\n<strong><span class=\"normaltextrun\"><span lang=\"EN-US\">Vellamo Kyh\u00e4l\u00e4:<\/span><\/span><\/strong><span lang=\"EN-US\">\u00a0huilu, kansanomainen nokkahuilu, kantele \/ concert flute, folk recorder, kantele<br \/>\n<\/span><strong>Sirkka K\u00e4rkk\u00e4inen:<\/strong>\u00a0harmooni \/ harmonium<br \/>\n<strong>Emilia Lajunen:<\/strong>\u00a0viulu \/ fiddle<br \/>\n<strong><span class=\"normaltextrun\"><span lang=\"FI\">Oskari<\/span><\/span><span class=\"apple-converted-space\"><span lang=\"FI\">\u00a0<\/span><\/span><span class=\"normaltextrun\"><span lang=\"FI\">Lehtonen<\/span><\/span><\/strong><span class=\"apple-converted-space\"><span lang=\"FI\"><strong>:<\/strong>\u00a0rummut ja perkussiot \/ d<\/span><\/span><span class=\"normaltextrun\"><span lang=\"FI\">rums<\/span><\/span><span class=\"apple-converted-space\"><span lang=\"FI\">\u00a0<\/span><\/span><span class=\"normaltextrun\"><span lang=\"FI\">and percussion<br \/>\n<\/span><\/span><span class=\"normaltextrun\"><span lang=\"FI\"><strong>Onni Leminen:<\/strong>\u00a0akustinen kitara \/ acoustic<\/span><\/span><span class=\"apple-converted-space\"><span lang=\"FI\">\u00a0<\/span><\/span><span class=\"normaltextrun\"><span lang=\"FI\">guitar<br \/>\n<\/span><\/span><strong><span class=\"normaltextrun\"><span lang=\"FI\">Kerttu<\/span><\/span><span class=\"apple-converted-space\"><span lang=\"FI\">\u00a0<\/span><\/span><span class=\"normaltextrun\"><span lang=\"FI\">Luotamo: <\/span><\/span><\/strong><span class=\"normaltextrun\"><span lang=\"FI\">laulu, avainviulu, perkussiot \/\u00a0<\/span><\/span><span class=\"eop\"><span lang=\"FI\">vocals,<\/span><\/span><span class=\"apple-converted-space\"><span lang=\"FI\">\u00a0<\/span><\/span><span class=\"normaltextrun\"><span lang=\"FI\">nyckelharpa<\/span><\/span><span class=\"tabchar\"><span lang=\"FI\">,<\/span><\/span><span class=\"apple-converted-space\"><span lang=\"FI\">\u00a0<\/span><\/span><span class=\"normaltextrun\"><span lang=\"FI\">percussion<\/span><\/span><span class=\"apple-converted-space\"><span lang=\"FI\"><br \/>\n<\/span><\/span><strong>Emma Myllynen:<\/strong>\u00a0laulu, perkussiot \/ vocals, percussion<br \/>\n<strong><span class=\"normaltextrun\"><span lang=\"EN-US\">Aapo Nieminen:<\/span><\/span><\/strong><span class=\"eop\"><span lang=\"EN-US\">\u00a0akustinen kitara, s\u00e4hk\u00f6kitara \/ a<\/span><\/span><span class=\"normaltextrun\"><span lang=\"EN-US\">coustic<\/span><\/span><span class=\"apple-converted-space\"><span lang=\"EN-US\">\u00a0<\/span><\/span><span class=\"normaltextrun\"><span lang=\"EN-US\">guitar<\/span><\/span><span lang=\"EN-US\">,<span class=\"apple-converted-space\">\u00a0<\/span><span class=\"normaltextrun\">electric guitar<br \/>\n<\/span><\/span><strong><span class=\"normaltextrun\"><span lang=\"EN-US\">Kirsi Ojala<\/span><\/span><span class=\"eop\"><span lang=\"EN-US\">: <\/span><\/span><\/strong><span class=\"eop\"><span lang=\"EN-US\">kansanomaiset nokkahuilut, barokkinokkahuilu, pitk\u00e4huilu, munniharppu \/\u00a0<\/span><\/span><span class=\"normaltextrun\"><span lang=\"EN-US\">folk recorders, baroque recorder, overtone flute, mouth harp<br \/>\n<\/span><\/span><strong><span class=\"normaltextrun\"><span lang=\"EN-US\">Petri Prauda<\/span><\/span><span class=\"apple-converted-space\"><span lang=\"EN-US\">: <\/span><\/span><\/strong><span class=\"apple-converted-space\"><span lang=\"EN-US\">cittern, s\u00e4kkipilli, munniharppu \/\u00a0<\/span><\/span><span class=\"normaltextrun\"><span lang=\"EN-US\">cittern,<\/span><\/span><span class=\"apple-converted-space\"><span lang=\"EN-US\">\u00a0<\/span><\/span><span class=\"normaltextrun\"><span lang=\"EN-US\">bagpipe, mouth<\/span><\/span><span class=\"apple-converted-space\"><span lang=\"EN-US\">\u00a0<\/span><\/span><span class=\"normaltextrun\"><span lang=\"EN-US\">harp<br \/>\n<\/span><\/span><strong><span class=\"normaltextrun\"><span lang=\"EN-US\">Eemeli<\/span><\/span><span class=\"apple-converted-space\"><span lang=\"EN-US\">\u00a0<\/span><\/span><\/strong><span class=\"normaltextrun\"><span lang=\"EN-US\"><strong>Pruiksma:<\/strong>\u00a0viulu \/ fiddle<br \/>\n<\/span><\/span><span class=\"normaltextrun\"><span lang=\"EN-US\"><strong>Emmi Rajala:<\/strong>\u00a0laulu, perkussiot, huilu \/ vocals, percussion<\/span><\/span><span lang=\"EN-US\">, concert flute<br \/>\n<\/span><strong><span class=\"normaltextrun\"><span lang=\"FI\">Laura Reunanen<\/span><\/span><\/strong><span class=\"apple-converted-space\"><span lang=\"FI\"><strong>:<\/strong>\u00a0laulu, perkussiot \/\u00a0<\/span><\/span><span class=\"normaltextrun\"><span lang=\"FI\">vocals, percussion<br \/>\n<\/span><\/span><strong>Joni Salo:<\/strong>\u00a0viulu \/ fiddle<br \/>\n<strong><span class=\"normaltextrun\"><span lang=\"FI\">Oona Sinkko<\/span><\/span><span class=\"eop\"><span lang=\"FI\">: <\/span><\/span><\/strong><span class=\"eop\"><span lang=\"FI\">harmooni \/\u00a0<\/span><\/span><span class=\"normaltextrun\"><span lang=\"FI\">harmonium<br \/>\n<\/span><\/span><strong><span class=\"normaltextrun\"><span lang=\"FI\">Liene<\/span><\/span><span class=\"apple-converted-space\"><span lang=\"FI\">\u00a0<\/span><\/span><\/strong><span class=\"normaltextrun\"><span lang=\"FI\"><strong>Skrebinska:<\/strong>\u00a0laulu \/ vocals<br \/>\n<\/span><\/span><span class=\"normaltextrun\"><span lang=\"FI\"><strong>Tuike Suomalainen:<\/strong>\u00a0viulu, tanssi-improvisaatio\/Pratsun laulu \/ fiddle,<\/span><\/span><span class=\"apple-converted-space\"><span lang=\"FI\">\u00a0<\/span><\/span><span class=\"normaltextrun\"><span lang=\"FI\">dance impro<\/span><\/span><span class=\"tabchar\"><span lang=\"FI\">\/<\/span><\/span><span class=\"normaltextrun\"><span lang=\"FI\">Pratsun laulu<br \/>\n<\/span><\/span><strong><span class=\"normaltextrun\"><span lang=\"FI\">Helena Taskila<\/span><\/span><\/strong><span class=\"eop\"><span lang=\"FI\"><strong>:<\/strong>\u00a0laulu, panhuilu \/ v<\/span><\/span><span class=\"normaltextrun\"><span lang=\"FI\">ocals, pan flute<br \/>\n<\/span><\/span><strong>Viive Virtanen:<\/strong>\u00a0viulu \/ fiddle<br \/>\n<strong><span class=\"normaltextrun\"><span lang=\"FI\">Henrica\u00a0<\/span><\/span><span class=\"normaltextrun\"><span lang=\"FI\">Westerholm<\/span><\/span><span class=\"eop\"><span lang=\"FI\">: <\/span><\/span><\/strong><span class=\"eop\"><span lang=\"FI\">viulu<\/span><\/span><span class=\"eop\"><span lang=\"FI\"> \/\u00a0<\/span><\/span><span class=\"normaltextrun\"><span lang=\"FI\">fiddle<br \/>\n<\/span><\/span><strong><span class=\"normaltextrun\"><span lang=\"EN-US\">Petteri<\/span><\/span><span class=\"apple-converted-space\"><span lang=\"EN-US\">\u00a0<\/span><\/span><span class=\"normaltextrun\"><span lang=\"EN-US\">Wiander<\/span><\/span><\/strong><span class=\"eop\"><span lang=\"EN-US\"><strong>:<\/strong>\u00a0kontrabasso \/\u00a0<\/span><\/span><span class=\"normaltextrun\"><span lang=\"EN-US\">double<\/span><\/span><span class=\"apple-converted-space\"><span lang=\"EN-US\">\u00a0<\/span><\/span><span class=\"normaltextrun\"><span lang=\"EN-US\">bass<br \/>\n<\/span><\/span><span class=\"normaltextrun\"><span lang=\"EN-US\"><strong>Everybody:<\/strong> kuoro \/ choir<\/span><\/span><\/p>\n<\/div>\n<\/div>\n","protected":false},"excerpt":{"rendered":"<p>Linkki suoratoistopalveluun (Spotify) 1.\u00a0Hippavalta 3&#8217;42 s\u00e4v. trad., sov. Roope Aarnio 2.\u00a0Kultaneito\u00a05&#8217;16 s\u00e4v. Esko J\u00e4rvel\u00e4, san. trad., sov. Esko J\u00e4rvel\u00e4 3. Etel\u00e4st\u00e4 lensi 5&#8217;16 s\u00e4v. trad. &amp; Roope\u00a0Aarnio, san. trad., sov. Roope\u00a0Aarnio 4. Pratsun\u00a0laulu &amp; Kyyr\u00e4n Matti 9&#8217;29 Pratsun laulu: s\u00e4v. trad., san. trad., sov. Emilia Lajunen &amp; FBB Kyyr\u00e4n Matti: s\u00e4v. trad., sov.\u00a0Emilia Lajunen &amp; [&hellip;]<\/p>\n","protected":false},"featured_media":4084,"comment_status":"closed","ping_status":"closed","template":"","meta":{"_acf_changed":false},"product_brand":[],"product_cat":[65],"product_tag":[],"class_list":{"0":"post-3911","1":"product","2":"type-product","3":"status-publish","4":"has-post-thumbnail","6":"product_cat-aanitteet","8":"first","9":"instock","10":"shipping-taxable","11":"product-type-simple"},"acf":[],"_links":{"self":[{"href":"https:\/\/etno.net\/en\/wp-json\/wp\/v2\/product\/3911","targetHints":{"allow":["GET"]}}],"collection":[{"href":"https:\/\/etno.net\/en\/wp-json\/wp\/v2\/product"}],"about":[{"href":"https:\/\/etno.net\/en\/wp-json\/wp\/v2\/types\/product"}],"replies":[{"embeddable":true,"href":"https:\/\/etno.net\/en\/wp-json\/wp\/v2\/comments?post=3911"}],"wp:featuredmedia":[{"embeddable":true,"href":"https:\/\/etno.net\/en\/wp-json\/wp\/v2\/media\/4084"}],"wp:attachment":[{"href":"https:\/\/etno.net\/en\/wp-json\/wp\/v2\/media?parent=3911"}],"wp:term":[{"taxonomy":"product_brand","embeddable":true,"href":"https:\/\/etno.net\/en\/wp-json\/wp\/v2\/product_brand?post=3911"},{"taxonomy":"product_cat","embeddable":true,"href":"https:\/\/etno.net\/en\/wp-json\/wp\/v2\/product_cat?post=3911"},{"taxonomy":"product_tag","embeddable":true,"href":"https:\/\/etno.net\/en\/wp-json\/wp\/v2\/product_tag?post=3911"}],"curies":[{"name":"wp","href":"https:\/\/api.w.org\/{rel}","templated":true}]}}