{"id":3924,"date":"2024-03-04T13:48:34","date_gmt":"2024-03-04T11:48:34","guid":{"rendered":"https:\/\/etno.net\/?post_type=product&#038;p=3924"},"modified":"2025-02-10T15:42:31","modified_gmt":"2025-02-10T13:42:31","slug":"nooli-tanssihuuma","status":"publish","type":"product","link":"https:\/\/etno.net\/en\/julkaisu\/aanitteet\/nooli-tanssihuuma","title":{"rendered":"Nooli: Tanssihuuma"},"content":{"rendered":"<p><a href=\"https:\/\/etno.net\/wp-content\/uploads\/2024\/03\/Kansikuvat.pdf\" target=\"_blank\" rel=\"noopener\">Kansikuvat (PDF)<\/a><\/p>\n<p><a href=\"https:\/\/open.spotify.com\/album\/6B2AzkcbosImazCKZJ0wfa?si=W1aob-e3QZq5HKFAi8LU_Q\" target=\"_blank\" rel=\"noopener\">Linkki suoratoistopalveluun (Spotify)<\/a><\/p>\n<p><strong>1. KATRILLI 03:16<br \/>\n<\/strong>s\u00e4v. Jonna Lankinen<\/p>\n<!--[if lt IE 9]><script>document.createElement('audio');<\/script><![endif]-->\n<audio class=\"wp-audio-shortcode\" id=\"audio-3924-1\" preload=\"none\" style=\"width: 100%;\" controls=\"controls\"><source type=\"audio\/mpeg\" src=\"https:\/\/etno.net\/wp-content\/uploads\/2024\/03\/1-Katrilli-teaser.mp3?_=1\" \/><a href=\"https:\/\/etno.net\/wp-content\/uploads\/2024\/03\/1-Katrilli-teaser.mp3\">https:\/\/etno.net\/wp-content\/uploads\/2024\/03\/1-Katrilli-teaser.mp3<\/a><\/audio>\n<p>2. SWEET HOME POHOJAMMAA (VALSSI) 03:53<br \/>\ns\u00e4v. Jonna Lankinen<\/p>\n<p>3. ENKELISKA 04:33<br \/>\ns\u00e4v. Oona Sinkko<\/p>\n<p><strong>4. MATKAMASURKKA 03:24<br \/>\n<\/strong>s\u00e4v. Aino Kinnunen<\/p>\n<audio class=\"wp-audio-shortcode\" id=\"audio-3924-2\" preload=\"none\" style=\"width: 100%;\" controls=\"controls\"><source type=\"audio\/mpeg\" src=\"https:\/\/etno.net\/wp-content\/uploads\/2024\/03\/4-Matkamasurkka-teaser.mp3?_=2\" \/><a href=\"https:\/\/etno.net\/wp-content\/uploads\/2024\/03\/4-Matkamasurkka-teaser.mp3\">https:\/\/etno.net\/wp-content\/uploads\/2024\/03\/4-Matkamasurkka-teaser.mp3<\/a><\/audio>\n<p>5. L\u00c4HTEV\u00c4LLE (VALSSI) 05:03<br \/>\ns\u00e4v. Oona Sinkko &amp; Miika Lamminm\u00e4ki<\/p>\n<p>6. KEV\u00c4\u00c4N ENSIMM\u00c4INEN (SOTTIISI) 03:52<br \/>\ns\u00e4v. Oona Sinkko<\/p>\n<p>7. BL\u00c5POLSKAN 04:47<br \/>\ns\u00e4v. Aino Kinnunen<\/p>\n<p>8. POLKKASETTI 04:19<br \/>\ns\u00e4v. Jonna Lankinen<\/p>\n<p><strong>9. PELIMANNIN VAPAAP\u00c4IV\u00c4 (POLSKA) 03:10<br \/>\n<\/strong>s\u00e4v. Oona Sinkko<\/p>\n<audio class=\"wp-audio-shortcode\" id=\"audio-3924-3\" preload=\"none\" style=\"width: 100%;\" controls=\"controls\"><source type=\"audio\/mpeg\" src=\"https:\/\/etno.net\/wp-content\/uploads\/2024\/03\/9-Pelimannin-vapaapaiva-teaser.mp3?_=3\" \/><a href=\"https:\/\/etno.net\/wp-content\/uploads\/2024\/03\/9-Pelimannin-vapaapaiva-teaser.mp3\">https:\/\/etno.net\/wp-content\/uploads\/2024\/03\/9-Pelimannin-vapaapaiva-teaser.mp3<\/a><\/audio>\n<p>&nbsp;<\/p>\n<p><strong>Oona Sinkko<\/strong> &#8211; harmooni<br \/>\n<strong>Jonna Lankinen<\/strong> &#8211; viulu (raita 1)<br \/>\n<strong>Aino Kinnunen<\/strong> &#8211; viulu (raidat 2-9)<\/p>\n<p><strong>Ville Ojanen<\/strong> &#8211; tuotanto<br \/>\n<strong>Samu Ruuskanen<\/strong> &#8211; \u00e4\u00e4nitys, miksaus, masterointi<\/p>\n<p>Kaikki sovitukset \u00e1 la <strong>NOOLI<\/strong>.<\/p>\n<p>Graafinen suunnittelu: <strong>Sakari Nordman<\/strong><br \/>\nValokuva: <strong>Mikko Malmivaara<\/strong><\/p>\n<p>Kiitos <strong>Samu<\/strong> ja <strong>Ville<\/strong>, <strong>Joona<\/strong> ja <strong>Mikko<\/strong>, perheet,<br \/>\n<strong>Sofia Timonen<\/strong>, <strong>Timo Alakotila<\/strong> sek\u00e4 masenaatti-tukijat.<\/p>\n<p>\u00c4\u00e4nitetty Musiikkitalon studiossa Helsingiss\u00e4 24.-26.7.2023.<\/p>\n<p>Sibelius-Akatemian kansanmusiikki\u00e4\u00e4nitteit\u00e4 186.<br \/>\nTaideyliopiston Sibelius-Akatemia &#8211; Kansanmusiikki<\/p>\n<p>&nbsp;<\/p>\n","protected":false},"excerpt":{"rendered":"<p>Kansikuvat (PDF) Linkki suoratoistopalveluun (Spotify) 1. KATRILLI 03:16 s\u00e4v. Jonna Lankinen 2. SWEET HOME POHOJAMMAA (VALSSI) 03:53 s\u00e4v. Jonna Lankinen 3. ENKELISKA 04:33 s\u00e4v. Oona Sinkko 4. MATKAMASURKKA 03:24 s\u00e4v. Aino Kinnunen 5. L\u00c4HTEV\u00c4LLE (VALSSI) 05:03 s\u00e4v. Oona Sinkko &amp; Miika Lamminm\u00e4ki 6. KEV\u00c4\u00c4N ENSIMM\u00c4INEN (SOTTIISI) 03:52 s\u00e4v. Oona Sinkko 7. BL\u00c5POLSKAN 04:47 s\u00e4v. Aino [&hellip;]<\/p>\n","protected":false},"featured_media":4079,"comment_status":"closed","ping_status":"closed","template":"","meta":{"_acf_changed":false},"product_brand":[],"product_cat":[65],"product_tag":[],"class_list":{"0":"post-3924","1":"product","2":"type-product","3":"status-publish","4":"has-post-thumbnail","6":"product_cat-aanitteet","8":"first","9":"instock","10":"shipping-taxable","11":"product-type-simple"},"acf":[],"_links":{"self":[{"href":"https:\/\/etno.net\/en\/wp-json\/wp\/v2\/product\/3924","targetHints":{"allow":["GET"]}}],"collection":[{"href":"https:\/\/etno.net\/en\/wp-json\/wp\/v2\/product"}],"about":[{"href":"https:\/\/etno.net\/en\/wp-json\/wp\/v2\/types\/product"}],"replies":[{"embeddable":true,"href":"https:\/\/etno.net\/en\/wp-json\/wp\/v2\/comments?post=3924"}],"wp:featuredmedia":[{"embeddable":true,"href":"https:\/\/etno.net\/en\/wp-json\/wp\/v2\/media\/4079"}],"wp:attachment":[{"href":"https:\/\/etno.net\/en\/wp-json\/wp\/v2\/media?parent=3924"}],"wp:term":[{"taxonomy":"product_brand","embeddable":true,"href":"https:\/\/etno.net\/en\/wp-json\/wp\/v2\/product_brand?post=3924"},{"taxonomy":"product_cat","embeddable":true,"href":"https:\/\/etno.net\/en\/wp-json\/wp\/v2\/product_cat?post=3924"},{"taxonomy":"product_tag","embeddable":true,"href":"https:\/\/etno.net\/en\/wp-json\/wp\/v2\/product_tag?post=3924"}],"curies":[{"name":"wp","href":"https:\/\/api.w.org\/{rel}","templated":true}]}}