{"id":3938,"date":"2024-05-10T12:07:08","date_gmt":"2024-05-10T10:07:08","guid":{"rendered":"https:\/\/etno.net\/?post_type=product&#038;p=3938"},"modified":"2024-05-10T12:07:08","modified_gmt":"2024-05-10T10:07:08","slug":"piiri-epaonnistumisia","status":"publish","type":"product","link":"https:\/\/etno.net\/en\/julkaisu\/opinnaytteet\/maisteriopinnot\/piiri-epaonnistumisia","title":{"rendered":"PIIRI &#8211; Ep\u00e4onnistumisia"},"content":{"rendered":"<h2>Sis\u00e4llysluettelo<\/h2>\n<p><strong>Lukijalle<br \/>\n<\/strong><\/p>\n<p><strong>Aluksi<br \/>\n<\/strong><\/p>\n<p><strong>Ep\u00e4onnistuminen<br \/>\n<\/strong><\/p>\n<p><strong>Kuuntelen kun<\/strong><\/p>\n<p><strong>En tied\u00e4 mit\u00e4 kuunteleminen on<\/strong><br \/>\nMuutama h\u00e4mment\u00e4v\u00e4 kahtiajako<br \/>\nQueereist\u00e4 kuuntelemisen tavoista<\/p>\n<p><strong>Kuvauksia kuuntelemisesta<\/strong><br \/>\nHuminat<br \/>\nHiljaiset \u00e4\u00e4net<br \/>\nEi-healingi\u00e4<\/p>\n<p><strong>Miksi viulunsoitto on vaikeaa?<br \/>\n<\/strong><\/p>\n<p><strong>Miksi viel\u00e4 soitan viulua?<br \/>\n<\/strong><\/p>\n<p><strong>Soitin ja min\u00e4 \u2013 kahdenv\u00e4lisyydest\u00e4<br \/>\n<\/strong><\/p>\n<p><strong>Kahdenv\u00e4lisyys avautuu hieman<br \/>\n<\/strong><\/p>\n<p><strong>Yleis\u00f6<br \/>\n<\/strong><\/p>\n<p><strong>Luulin olevani minimalisti \u2013 olenkin ehk\u00e4 luopuja<br \/>\n<\/strong><\/p>\n<p><strong>Virhe<br \/>\n<\/strong><\/p>\n<p><strong>Ep\u00e4varmuus eli miksi kutsuin teosta demoksi?<br \/>\n<\/strong><\/p>\n<p><strong>Solmut I \u2013 Uupumus, individualismi ja muutos<br \/>\n<\/strong><\/p>\n<p><strong>Solmut II \u2013 vetosolmu<br \/>\n<\/strong><\/p>\n<p><strong>Solmut III \u2013 Niksit, yhteisyys<br \/>\n<\/strong><\/p>\n<p><strong>Solmut nelj\u00e4 \u2013 Dokumentointi<br \/>\n<\/strong><\/p>\n<p><strong>L\u00e4hteet<\/strong><\/p>\n<p>&nbsp;<\/p>\n<h2>Tiivistelm\u00e4<\/h2>\n<div class=\"page\" title=\"Page 1\">\n<div class=\"section\">\n<div class=\"layoutArea\">\n<div class=\"column\">\n<p>Ta\u0308ma\u0308n projektityo\u0308ni kirjallisen osan la\u0308hto\u0308asetelmana on uupumus ja halu ymma\u0308rta\u0308a\u0308 sita\u0308, mika\u0308 musiikin tekemisessa\u0308, erityisesti viulunsoitossa voisi tuntua kesta\u0308va\u0308lta\u0308, levolta. Mika\u0308 voisi tuntua tarpeeksi pienelta\u0308, la\u0308hestytta\u0308va\u0308lta\u0308, ja voivatko na\u0308ma\u0308 pienet kuvata myo\u0308s jotakin laajempaa. Muita pienia\u0308 seka\u0308 niista\u0308 rakentuvia oleellisia. Heikkoja voimia ja pohjavirtoja.<\/p>\n<p>Kiinnostuin ta\u0308ma\u0308n tyo\u0308skentelyn aikana hiljaisuudesta, huminasta, pienten asioiden merkitta\u0308vyydesta\u0308, virheista\u0308, kuuntelemisesta, epa\u0308varmuudesta ja lopulta epa\u0308onnistumisesta. Helposti katveisiin ja\u0308a\u0308vista\u0308 a\u0308a\u0308nista\u0308 ja toiminnan tavoista. Kartoitan sita\u0308, kuinka epa\u0308onnistuminen na\u0308kyy era\u0308a\u0308n teoksen muotoutumisessa (ehka\u0308 myo\u0308s laajemmin musiikillisessa tyo\u0308ssa\u0308ni) ja toivon voivani houkutella sita\u0308 la\u0308hemma\u0308ksi, tutummaksi, strategiaksi, selviytymisen keinosta pa\u0308a\u0308ma\u0308a\u0308ra\u0308ksi.<\/p>\n<p>Kerron myo\u0308s kuuntelemisesta. A\u0308a\u0308nessa\u0308 olemista korostavassa yhteiskunnassa na\u0308en sen yhtena\u0308 sellaisista toimintamalleista, joka kutsuu epa\u0308onnistumisen voimakseen. Va\u0308ita\u0308n, etta\u0308 kuunteleminen, virheesta\u0308 kiinnostuminen ja epa\u0308onnistumisen arvostaminen voivat toimia lepoa mahdollistavina strategioina. Kuunteleminen on epa\u0308onnistuva ja katveisiin ja\u0308a\u0308va\u0308 strategia. Kuuntelemisen nimea\u0308minen tarpeelliseksi ja jopa muutosvoimaiseksi on antanut merkitysta\u0308 musiikillisesti, kehollisesti seka\u0308 sosiaalisesti harjoittamilleni asioille.<\/p>\n<p>Samalla ta\u0308ma\u0308 on yritys kuvata era\u0308a\u0308n teoksen matkaa, ymma\u0308rta\u0308a\u0308 tarvettani sen toteuttamiseen ja tarkastella milla\u0308 tavoin prosessissa ilmenneet asiat liittyva\u0308t laajemmin taiteilijan tyo\u0308ho\u0308n, maailmankuvaani ja kehooni.<\/p>\n<p>Kuljetan mukana syksylla\u0308 2023 lavastaja Helka Saariniemen kanssa yhteistyo\u0308ssa\u0308 toteuttamaani esitysdemoa nimelta\u0308 Piiri. Piiri rakentui Helsingin So\u0308rna\u0308isissa\u0308 sijaitsevaan Vapaan Taiteen Tilaan Joulukuussa 2022. Sen pohjana toimi syksylla\u0308 2021 esitta\u0308ma\u0308ni soolodemo, jossa tarkastelin viulun sointia, kehoani ja kontaktia yleiso\u0308n kanssa tilaan asettamani siimajousen kautta. Rakensimme Vapaan Taiteen tilaan kalastussiiman, kuormaliinojen ja tiilien avulla installaatiomaisen rakennelman, loputtoman jousen &#8211; Piirin, johon kutsuimme yleiso\u0308n liikkumaan, kuuntelemaan seka\u0308 soittamaan viuluja. Teos liikkuu ta\u0308ssa\u0308 tekstissa\u0308 viitteena\u0308, esimerkkina\u0308, ha\u0308iva\u0308hdyksena\u0308, ajatusteni konkretisointia ilmenta\u0308ma\u0308ssa\u0308. Piirista\u0308 voin lo\u0308yta\u0308a\u0308 joitakin ruumiillistumia (tai a\u0308a\u0308nellistymia\u0308) sille, miten virheet, kuunteleminen, pienet asiat ja epa\u0308onnistuminen na\u0308kyva\u0308t suhteessa teoksen rakentumiseen tai viulunsoittoon seka\u0308 soittimeen objektina.<\/p>\n<\/div>\n<\/div>\n<\/div>\n<\/div>\n<div class=\"page\" title=\"Page 2\">\n<div class=\"section\">\n<div class=\"layoutArea\">\n<div class=\"column\">\n<p>Ta\u0308ssa\u0308 kirjallisessa tyo\u0308ssa\u0308 luiskahtelen anekdoottien, listojen, runomaisten merkinto\u0308jen ja la\u0308hdeviitteistettyjen kappaleiden va\u0308lilla\u0308. Akateemisuuteen en juuri nyt kykene vaan valutan asioita ja muotoja toisiinsa. Ta\u0308ma\u0308n tekstin henkilo\u0308kohtaisuus, pa\u0308iva\u0308kirjan kaltaisuus ja keskenera\u0308isyys ja\u0308nnitta\u0308va\u0308t ja raastavat. Kirjoittamistani ohjaa epa\u0308onnistuminen, pyyda\u0308n sen voimakseni ja vapaudekseni. Tarkastelen sita\u0308 viela\u0308 opintojeni puitteissa na\u0308iden opintopisteiden ja ta\u0308ma\u0308n tiedoston verran.<\/p>\n<\/div>\n<\/div>\n<\/div>\n<\/div>","protected":false},"excerpt":{"rendered":"<p>Projektity\u00f6<br \/>\nTaideyliopiston Sibelius-Akatemia<br \/>\nKansanmusiikin aineryhm\u00e4<br \/>\nSyksy 2023<\/p>","protected":false},"featured_media":0,"comment_status":"closed","ping_status":"closed","template":"","meta":{"_acf_changed":false},"product_brand":[],"product_cat":[81,76],"product_tag":[],"class_list":{"0":"post-3938","1":"product","2":"type-product","3":"status-publish","5":"product_cat-maisteriopinnot","6":"product_cat-opinnaytteet","8":"first","9":"instock","10":"shipping-taxable","11":"product-type-simple"},"acf":[],"_links":{"self":[{"href":"https:\/\/etno.net\/en\/wp-json\/wp\/v2\/product\/3938","targetHints":{"allow":["GET"]}}],"collection":[{"href":"https:\/\/etno.net\/en\/wp-json\/wp\/v2\/product"}],"about":[{"href":"https:\/\/etno.net\/en\/wp-json\/wp\/v2\/types\/product"}],"replies":[{"embeddable":true,"href":"https:\/\/etno.net\/en\/wp-json\/wp\/v2\/comments?post=3938"}],"wp:attachment":[{"href":"https:\/\/etno.net\/en\/wp-json\/wp\/v2\/media?parent=3938"}],"wp:term":[{"taxonomy":"product_brand","embeddable":true,"href":"https:\/\/etno.net\/en\/wp-json\/wp\/v2\/product_brand?post=3938"},{"taxonomy":"product_cat","embeddable":true,"href":"https:\/\/etno.net\/en\/wp-json\/wp\/v2\/product_cat?post=3938"},{"taxonomy":"product_tag","embeddable":true,"href":"https:\/\/etno.net\/en\/wp-json\/wp\/v2\/product_tag?post=3938"}],"curies":[{"name":"wp","href":"https:\/\/api.w.org\/{rel}","templated":true}]}}