{"id":3948,"date":"2024-06-06T16:01:48","date_gmt":"2024-06-06T14:01:48","guid":{"rendered":"https:\/\/etno.net\/?post_type=product&#038;p=3948"},"modified":"2024-06-06T16:02:45","modified_gmt":"2024-06-06T14:02:45","slug":"kuulokulmia-tsuktsien-henkilolauluun-saveltamalla-kuuleminen-taiteellisen-tutkimuksen-menetelmana","status":"publish","type":"product","link":"https:\/\/etno.net\/en\/julkaisu\/opinnaytteet\/kuulokulmia-tsuktsien-henkilolauluun-saveltamalla-kuuleminen-taiteellisen-tutkimuksen-menetelmana","title":{"rendered":"Kuulokulmia tsuktsien henkil\u00f6lauluun &#8211; S\u00e4velt\u00e4m\u00e4ll\u00e4 kuuleminen taiteellisen tutkimuksen menetelm\u00e4n\u00e4"},"content":{"rendered":"<div class=\"page\" title=\"Page 6\">\n<div class=\"layoutArea\">\n<div class=\"column\">\n<p>Tutustuminen koillisen Siperian alkupera\u0308iskansojen musiikkiin on ollut koko musiikillisen ajatteluni ka\u0308a\u0308nnekohta. Se ei ole ainoastaan vaikuttanut kuulemiseeni vaan myo\u0308s kyseenalaistanut ymma\u0308rrysta\u0308ni musiikista. Muutos ajattelussani alkoi kentta\u0308matkoilla koilliseen Siperiaan vuosina 2004\u20132019, jolloin tutustuin Sahalinissa, Kamts\u030catkassa ja Ts\u030cukotkassa asuvien niin sanottujen paleosiperialaisten alkupera\u0308iskansojen lauluperinteeseen, musiikkiin, jollaista en koskaan aikaisemmin ollut kuullut, mutta joka outoudestaan huolimatta lumosi minut. Mielenkiintoni hera\u0308tti erityisesti ts\u030cukts\u030cien henkilo\u0308laulu, joka kuuluu arktisten alkupera\u0308iskansojen kulttuuriperinteeseen. Siina\u0308 musiikki ei ole vain ihmisen aikaansaama tuotos vaan osa ha\u0308nen identiteettia\u0308a\u0308n.<\/p>\n<p>Tohtorintutkintoni <em>Kuulokulmia koillisen Siperian alkupera\u0308iskansojen musiikkiin<\/em> koostuu viidesta\u0308 taiteellisesta osiosta ja kirjallisesta osiosta. Kirjallinen osio <em>Kuulokulmia ts\u030cukts\u030cien henkilo\u0308lauluun \u2013 Sa\u0308velta\u0308ma\u0308lla\u0308 kuuleminen taiteellisen tutkimuksen menetelma\u0308na\u0308<\/em> on musiikillinen tutkimusmatka ts\u030cukts\u030cien henkilo\u0308lauluun. Taiteellisen tutkimukseni peruskysymyksena\u0308 on, mika\u0308 ta\u0308ssa\u0308 musiikissa koskettaa minua niin voimakkaasti, etten voi sita\u0308 sivuuttaa. <em>Kuulokulmat<\/em> tutkimukseni otsikossa eiva\u0308t merkitse vain kuuntelemista, vaan ha\u0308ilyva\u0308isen ja usein hyvin ristiriitaisen kuulemisen ja musiikin tekemisen vuorovaikutuksessa syntyva\u0308a\u0308 ymma\u0308rrysta\u0308. <em>Kuulokulmat<\/em> on tutkimusprosessi, jossa sa\u0308velta\u0308minen on toiminut tutkimukseni menetelma\u0308na\u0308. Sen avulla olen taiteellisia osioita tyo\u0308sta\u0308essa\u0308ni pyrkinyt ymma\u0308rta\u0308ma\u0308a\u0308n, kuinka ts\u030cukts\u030cien musiikki ka\u0308ytta\u0308ytyy. Taiteellinen tutkimukseni on kuin kalastusretki. Viitekehys on kalaverkkoni, jonka punoslankana on muusikon hiljainen, kokemuksellinen tieto. Siita\u0308 on kudottu verkon solmut: kentta\u0308matkojen kokemukset ja kohtaamiset ts\u030cukts\u030cien kanssa. Na\u0308ihin yhdistyva\u0308t aiempi etnomusikologinen tutkimus, fenomenologia, musiikin perusolemuksen filosofia ja luonnon a\u0308a\u0308nimaailma.<\/p>\n<p>Tutkimus jakaantuu kolmeen osaan. Ensimma\u0308isessa\u0308 osassa tutustutaan ts\u030cukts\u030ceihin ja heida\u0308n kulttuuriinsa, josta he itse kertovat a\u0308a\u0308nitettyjen keskustelujen ja matkapa\u0308iva\u0308kirjojen muistiinpanojen va\u0308lityksella\u0308. Toinen osa keskittyy ts\u030cukts\u030cien laulukulttuurin ominaispiirteisiin, joka ovat avautuneet kuuntelemisen, muistiinkirjoittamisen ja musiikin tekemisen kautta. Esittelen niita\u0308 nuotinnosten ja niihin liitettyjen a\u0308a\u0308nitysten va\u0308lityksella\u0308. Kolmas osa kertoo sa\u0308velta\u0308ma\u0308lla\u0308 kuulemisen prosessista tyo\u0308sta\u0308essa\u0308ni taiteellisia osioita <em>Ulitan ka\u0308vely, A\u0308a\u0308ni vastaa a\u0308a\u0308neen, Musiikin virta, Henkilo\u0308laulua etsima\u0308ssa\u0308<\/em> and <em>Polar Voices<\/em>. Jupik-vanhimman Asikongaun laulun sanoin olen usein ihmetellyt: <em>Kuinka saan kalan vedettya\u0308 ylo\u0308s vedesta\u0308?<\/em> Saaliiksi on tullut paljon kaloja, joita monet muut jo ennen minua ovat kalastaneet. Mutta myo\u0308s muutama uusi kala on tarttunut verkkoon. Niita\u0308 ovat horisontaalinen harmonia, sattumanvaraisuus ja hiljaisuus musiikkina, tai kun ihminen on musiikin kanssa kahden. Ne avaavat uusia <em>kuulokulmia<\/em> siihen, mita\u0308 musiikki on.<\/p>\n<div class=\"page\" title=\"Page 7\">\n<div class=\"layoutArea\">\n<div class=\"column\">\n<p><strong>Avainsanat:<\/strong> sa\u0308velta\u0308minen, ts\u030cukts\u030cit, taiteellinen tutkimus, kuulokulmat, henkilo\u0308laulu, arktinen<\/p>\n<\/div>\n<\/div>\n<\/div>\n<\/div>\n<\/div>\n<\/div>","protected":false},"excerpt":{"rendered":"<div class=\"page\" title=\"Page 5\">\n<div class=\"layoutArea\">\n<div class=\"column\">\n<p><a href=\"https:\/\/etno.net\/wp-content\/uploads\/2024\/06\/Siirala_Kuulokulmia-tsuktsien-henkilolauluun-\u2013-Saveltamalla-kuuleminen-taiteellisen-tutkimuksen-menetelmana.pdf\" target=\"_blank\" rel=\"noopener\">Kuulokulmia ts\u030cukts\u030cien henkilo\u0308lauluun \u2013 Sa\u0308velta\u0308ma\u0308lla\u0308 kuuleminen taiteellisen tutkimuksen menetelma\u0308na\u0308<\/a> (PDF)<\/p>\n<p>Taideyliopiston Sibelius-Akatemia, Helsinki<br \/>\nTaiteellisen tohtorintutkinnon tutkielma<br \/>\nKansanmusiikin aineryhma\u0308<br \/>\nMuTri-tohtorikoulu 2024<\/p>\n<div class=\"page\" title=\"Page 5\">\n<div class=\"layoutArea\">\n<div class=\"column\">\n<p>ISSN 1237-4229 (painettu)<br \/>\nISSN 2489-7981 (PDF)<br \/>\nISBN 978-952-329-358-8 (painettu)<br \/>\nISBN 978-952-329-359-5 (PDF)<\/p>\n<div class=\"page\" title=\"Page 5\">\n<div class=\"layoutArea\">\n<div class=\"column\">\n<p>EST 80 \/ Sibelius-Akatemian kansanmusiikkijulkaisuja 40<\/p>\n<\/div>\n<\/div>\n<\/div>\n<\/div>\n<\/div>\n<\/div>\n<\/div>\n<\/div>\n<\/div>","protected":false},"featured_media":3949,"comment_status":"closed","ping_status":"closed","template":"","meta":{"_acf_changed":false},"product_brand":[],"product_cat":[76,15,84,78],"product_tag":[],"class_list":{"0":"post-3948","1":"product","2":"type-product","3":"status-publish","4":"has-post-thumbnail","6":"product_cat-opinnaytteet","7":"product_cat-kirjat","8":"product_cat-tutkielmat","9":"product_cat-tohtoriopinnot","11":"first","12":"instock","13":"shipping-taxable","14":"product-type-simple"},"acf":[],"_links":{"self":[{"href":"https:\/\/etno.net\/en\/wp-json\/wp\/v2\/product\/3948","targetHints":{"allow":["GET"]}}],"collection":[{"href":"https:\/\/etno.net\/en\/wp-json\/wp\/v2\/product"}],"about":[{"href":"https:\/\/etno.net\/en\/wp-json\/wp\/v2\/types\/product"}],"replies":[{"embeddable":true,"href":"https:\/\/etno.net\/en\/wp-json\/wp\/v2\/comments?post=3948"}],"wp:featuredmedia":[{"embeddable":true,"href":"https:\/\/etno.net\/en\/wp-json\/wp\/v2\/media\/3949"}],"wp:attachment":[{"href":"https:\/\/etno.net\/en\/wp-json\/wp\/v2\/media?parent=3948"}],"wp:term":[{"taxonomy":"product_brand","embeddable":true,"href":"https:\/\/etno.net\/en\/wp-json\/wp\/v2\/product_brand?post=3948"},{"taxonomy":"product_cat","embeddable":true,"href":"https:\/\/etno.net\/en\/wp-json\/wp\/v2\/product_cat?post=3948"},{"taxonomy":"product_tag","embeddable":true,"href":"https:\/\/etno.net\/en\/wp-json\/wp\/v2\/product_tag?post=3948"}],"curies":[{"name":"wp","href":"https:\/\/api.w.org\/{rel}","templated":true}]}}