{"id":3952,"date":"2024-06-12T17:33:29","date_gmt":"2024-06-12T15:33:29","guid":{"rendered":"https:\/\/etno.net\/?post_type=product&#038;p=3952"},"modified":"2024-06-12T19:37:07","modified_gmt":"2024-06-12T17:37:07","slug":"karhun-katseella-laulan-haltioitunut-muusikko-ja-myyttinen-dialogi","status":"publish","type":"product","link":"https:\/\/etno.net\/en\/julkaisu\/opinnaytteet\/tohtoriopinnot\/tutkielmat\/karhun-katseella-laulan-haltioitunut-muusikko-ja-myyttinen-dialogi","title":{"rendered":"Karhun katseella laulan &#8211; Haltioitunut muusikko ja myyttinen dialogi"},"content":{"rendered":"<h2 class=\"p1\">Tiivistelm\u00e4<\/h2>\n<p>Myyttien kontemplointi esitt\u00e4v\u00e4n taiteen keinoin on taiteen vanhimpia teht\u00e4vi\u00e4. Myyttej\u00e4 ei ole vain esitetty, vaan myyttisten toimijoiden kanssa on pyritty dialogiseen suhteeseen. Sen aikaansaaminen on edellytt\u00e4nyt esiintyj\u00e4lt\u00e4 kyky\u00e4 muuttaa tietoisuuden tilaansa. Tietoisuuden tilan muutos voi vaihdella intensiteetilt\u00e4\u00e4n liev\u00e4st\u00e4 mielialan muutoksesta syv\u00e4\u00e4n transsitilaan, jossa k\u00e4sitys ajasta ja paikasta h\u00e4vi\u00e4\u00e4 kokonaan. Taiteellisessa tohtorintutkinnossani ajattelen taidetta kielen\u00e4, jolla sek\u00e4 ilmennet\u00e4\u00e4n myyttist\u00e4 maailmankuvaa ett\u00e4 osallistutaan sen sis\u00e4lt\u00e4miin toimintoihin.<\/p>\n<p>Muuntuneen tietoisuuden tilan kautta muusikko joko sallii tapahtuvaksi tai suoranaisesti aikaansaa dialogin enemm\u00e4n-kuin-ihmisten kanssa. Enemm\u00e4n-kuin-ihminen termill\u00e4 tarkoitetaan kaikkia ihmisen v\u00e4litt\u00f6m\u00e4\u00e4n el\u00e4m\u00e4npiiriin vaikuttavia asioita kasvi- ja el\u00e4inkunnasta s\u00e4\u00e4tilaan ja myyttisen kertomusperinteen toimijoihin. Taiteelliseen tohtorintutkintoon kuuluvassa tutkielmassani kutsun t\u00e4t\u00e4 vuorovaikutteista yhteytt\u00e4 myyttiseksi dialogiksi. Myyttinen dialogi vaikuttaa vastavuoroisesti esityshetkell\u00e4 muusikon tuottamaan tulkintaan, muunteluun tai improvisaatioon.<\/p>\n<p>Taiteellinen tutkimukseni luo uutta tietoa myyttisen dialogin luonteesta sek\u00e4 perinteentutkimuksen n\u00e4k\u00f6kulmasta ett\u00e4 taiteellisten osakokonaisuuksien kautta omassa ajassamme. Tohtorintutkinnon kirjallisessa tutkielmassa k\u00e4sittelen sek\u00e4 muuntuneen tietoisuuden tilaa ett\u00e4 myyttist\u00e4 dialogia autoetnografisesti muusikon omakohtaisena kokemuksena ja jaan kokemusten synnytt\u00e4m\u00e4n n\u00e4k\u00f6kulman osaksi laajempaa perinteentutkimusta.<\/p>\n<p>Tutkimukseni sis\u00e4lsi nelj\u00e4 kentt\u00e4matkaa Siperiaan hantien, mansien ja mets\u00e4nenetsien alueille. Matkat olivat p\u00e4\u00e4s\u00e4\u00e4nt\u00f6isesti taiteellisia yhteisty\u00f6hankkeita, joiden sis\u00e4ll\u00e4 toteutin aineiston keruuta ja my\u00f6s tutkielmaan sis\u00e4ltyv\u00e4n Maria Kuzminitsna Voldinan teemahaastattelun. T\u00e4rkein kentt\u00e4ty\u00f6metodini oli soittaa ensin viululla hantien kansanlauluja hanteille itselleen, jonka j\u00e4lkeen pyysin heit\u00e4 kertomaan, mit\u00e4 soittamani laulut olivat, sek\u00e4 kommentoimaan tapaani soittaa niist\u00e4 omia versioitani. Kappaleiden soittaminen toisillemme vuoron per\u00e4\u00e4n loi aidosti vuorovaikutteisen ja tasa-arvoisen tavan saada oppia kohtaamiltani perinteentaitajilta. Kentt\u00e4matkoja ymp\u00e4r\u00f6i myyttist\u00e4 dialogia sis\u00e4lt\u00e4vien laulujen arkistotutkimus sek\u00e4 n\u00e4iden laulujen esitt\u00e4minen muusikkona. T\u00e4rkeimpi\u00e4 arkistomateriaaleja olivat hantien, mansien, karjalaisten ja suomalaisten karhunpeijaisperinteisiin kuuluvat laulut.<\/p>\n<p>Taiteellinen tohtorintutkintoni koostuu viidest\u00e4 taiteellisesta osiosta ja t\u00e4st\u00e4 kirjallisesta tutkielmasta videotallenteineen. Ensimm\u00e4inen jatkotutkintokonsertti <em>Shamaaniviulu<\/em> (2013) pohjautui lauluille, jotka Kai Donner \u00e4\u00e4nitti vahalieri\u00f6ille Siperian matkoillaan vuosina 1912\u20131914. Toinen jatkotutkintokonsertti <em>Shamanviolin with <\/em><em>Aillo\u0161<\/em> (2014) tutki mahdollisuutta transsitilassa soittamiseen yhteissoitossa. Kolmas taiteellinen osio oli seremoniallisuutta, musiikkia, runoutta, teatteria, seuraleikkej\u00e4 ja -tansseja sek\u00e4 ruokailun sis\u00e4lt\u00e4v\u00e4 <em>Karhunpeijaiset<\/em>-esitys (2016). Nelj\u00e4s taiteellinen osio oli teatteriyhdistys Ruska Ensemblen toteuttama n\u00e4ytelm\u00e4 <em>Arktinen Odys<\/em><em>seia<\/em> (2017) yhdess\u00e4 Suomen Kansallisteatterin ja Gr\u00f6nlannin Nunatta Isiginnaartitsisarfian kanssa. Viides taiteellinen osio oli soololevyni <em>Bear Awakener<\/em> (2022), jonka t\u00e4rkein l\u00e4hdeaineisto olivat Artturi Kanniston fonografikokoelmat.<\/p>\n<p>Tapaustutkimuksena tutkielmassa k\u00e4sitelty <em>Karhunpeijaiset<\/em>-esitys onnistui synnytt\u00e4m\u00e4\u00e4n merkityksellisi\u00e4 myyttisen dialogin kokemuksia sek\u00e4 ty\u00f6ryhm\u00e4lle ett\u00e4 yleis\u00f6lle. Myyttisten aiheiden kanssa ty\u00f6skentely taiteen keinoin luo mahdollisuuden k\u00e4sitell\u00e4 kulttuurimme hitaasti muuttuvia mentaalisia malleja yhteis\u00f6llisesti. Myyttisen dialogin avulla voimme edelleen saada samankaltaisia kokemuksia, mit\u00e4 esivanhempamme saivat t\u00e4ysin erilaisessa yhteiskunnassa. Koska myytit edustavat hitaasti muuttuvaa kollektiivista perinnett\u00e4, voidaan myyttien kokemuksellistamisella vahvistaa yksil\u00f6iden ja yhteis\u00f6jen min\u00e4kuvaa sek\u00e4 saada aikaan kauaskantoisia hyvinvointivaikutuksia.<\/p>\n<p><strong>Avainsanat:<\/strong> <em>Myyttinen dialogi, haltioituminen, muuntuneet mielentilat, transsi,<\/em><br \/>\n<em>transsendenssi, myytit, animismi, enemm\u00e4n-kuin-ihminen, karhunpeijaiset<\/em><\/p>","protected":false},"excerpt":{"rendered":"<p><a href=\"https:\/\/etno.net\/wp-content\/uploads\/2024\/06\/Tuomas-Rounakari_Karhun-katseella-laulan_Sibelius-Akatemia.pdf\">Karhun katseella laulan \u2013 Haltioitunut muusikko ja myyttinen dialogi<\/a> (PDF)<\/p>\n<p>Taideyliopiston Sibelius-Akatemia, Helsinki<br \/>\nTaiteellisen tohtorintutkinnon tutkielma<br \/>\nKansanmusiikin aineryhma\u0308<br \/>\nMuTri-tohtorikoulu 2024<\/p>\n<p class=\"p1\">ISBN 978-952-329-348-9 (nide)<br \/>\nISSN 1237-4229 (nide)<\/p>\n<p class=\"p1\">ISBN 978-952-329-349-6 (PDF)<br \/>\nISSN 2489-7981 (PDF)<\/p>\n<p>EST 79 \/ Sibelius-Akatemian kansanmusiikkijulkaisuja 41<\/p>","protected":false},"featured_media":3953,"comment_status":"closed","ping_status":"closed","template":"","meta":{"_acf_changed":false},"product_brand":[],"product_cat":[84,15,76,78],"product_tag":[168,169,163,170,164,167,162,166,165],"class_list":{"0":"post-3952","1":"product","2":"type-product","3":"status-publish","4":"has-post-thumbnail","6":"product_cat-tutkielmat","7":"product_cat-kirjat","8":"product_cat-opinnaytteet","9":"product_cat-tohtoriopinnot","10":"product_tag-animismi","11":"product_tag-enemman-kuin-ihminen","12":"product_tag-haltioituminen","13":"product_tag-karhunpeijaiset","14":"product_tag-muuntuneet-mielentilat","15":"product_tag-myytit","16":"product_tag-myyttinen-dialogi","17":"product_tag-transsendenssi","18":"product_tag-transsi","20":"first","21":"instock","22":"shipping-taxable","23":"product-type-simple"},"acf":[],"_links":{"self":[{"href":"https:\/\/etno.net\/en\/wp-json\/wp\/v2\/product\/3952","targetHints":{"allow":["GET"]}}],"collection":[{"href":"https:\/\/etno.net\/en\/wp-json\/wp\/v2\/product"}],"about":[{"href":"https:\/\/etno.net\/en\/wp-json\/wp\/v2\/types\/product"}],"replies":[{"embeddable":true,"href":"https:\/\/etno.net\/en\/wp-json\/wp\/v2\/comments?post=3952"}],"wp:featuredmedia":[{"embeddable":true,"href":"https:\/\/etno.net\/en\/wp-json\/wp\/v2\/media\/3953"}],"wp:attachment":[{"href":"https:\/\/etno.net\/en\/wp-json\/wp\/v2\/media?parent=3952"}],"wp:term":[{"taxonomy":"product_brand","embeddable":true,"href":"https:\/\/etno.net\/en\/wp-json\/wp\/v2\/product_brand?post=3952"},{"taxonomy":"product_cat","embeddable":true,"href":"https:\/\/etno.net\/en\/wp-json\/wp\/v2\/product_cat?post=3952"},{"taxonomy":"product_tag","embeddable":true,"href":"https:\/\/etno.net\/en\/wp-json\/wp\/v2\/product_tag?post=3952"}],"curies":[{"name":"wp","href":"https:\/\/api.w.org\/{rel}","templated":true}]}}