{"id":3960,"date":"2024-06-18T13:50:32","date_gmt":"2024-06-18T11:50:32","guid":{"rendered":"https:\/\/etno.net\/?post_type=product&#038;p=3960"},"modified":"2024-06-18T13:50:32","modified_gmt":"2024-06-18T11:50:32","slug":"satasarvi2","status":"publish","type":"product","link":"https:\/\/etno.net\/en\/julkaisu\/satasarvi\/satasarvi2","title":{"rendered":"SATASARVI 2. Kansanmusiikin tutkimuksen aikakauskirja \u2013  Finnish Journal of Folk Music Research 2024"},"content":{"rendered":"<h3>JULKAISUN TIEDOT<\/h3>\n<p><a href=\"https:\/\/etno.net\/wp-content\/uploads\/2024\/06\/satasarvi2_Tietosivu.pdf\"><strong>Julkaisun tiedot<\/strong><\/a> (PDF)<\/p>\n<h3>P\u00c4\u00c4KIRJOITUS<\/h3>\n<p><a href=\"https:\/\/etno.net\/wp-content\/uploads\/2024\/06\/satasarvi2_Lukijalle.pdf\"><strong>Lukijalle<\/strong><\/a> (PDF)<br \/>\nPauliina Syrj\u00e4l\u00e4, Maari Kallberg<\/p>\n<h3>ARTIKKELIT<\/h3>\n<p><strong><a href=\"https:\/\/etno.net\/wp-content\/uploads\/2024\/06\/satasarvi2_Risto-Blomster.pdf\">Popularizing ethno music: The first years of the Finnish Roma band Hortto Kaalo<\/a> <\/strong>(PDF)<br \/>\nRisto Blomster<\/p>\n<p><img decoding=\"async\" class=\"alignnone wp-image-3966\" src=\"https:\/\/etno.net\/wp-content\/uploads\/2024\/06\/VA_kuvio-tekstiton.png\" alt=\"\" width=\"24\" height=\"24\" srcset=\"https:\/\/etno.net\/wp-content\/uploads\/2024\/06\/VA_kuvio-tekstiton.png 135w, https:\/\/etno.net\/wp-content\/uploads\/2024\/06\/VA_kuvio-tekstiton-12x12.png 12w, https:\/\/etno.net\/wp-content\/uploads\/2024\/06\/VA_kuvio-tekstiton-100x100.png 100w, https:\/\/etno.net\/wp-content\/uploads\/2024\/06\/VA_kuvio-tekstiton-64x64.png 64w\" sizes=\"(max-width: 24px) 100vw, 24px\" \/> <a href=\"https:\/\/etno.net\/wp-content\/uploads\/2024\/06\/satasarvi2_Jari-Eerola.pdf\"><strong>Besedat eli illanistujaiset veps\u00e4l\u00e4isiss\u00e4 l\u00fch\u00fcdpajoissa<\/strong><\/a> (PDF)<br \/>\nJari Eerola<\/p>\n<p><img decoding=\"async\" class=\"alignnone wp-image-3966\" src=\"https:\/\/etno.net\/wp-content\/uploads\/2024\/06\/VA_kuvio-tekstiton.png\" alt=\"\" width=\"24\" height=\"24\" srcset=\"https:\/\/etno.net\/wp-content\/uploads\/2024\/06\/VA_kuvio-tekstiton.png 135w, https:\/\/etno.net\/wp-content\/uploads\/2024\/06\/VA_kuvio-tekstiton-12x12.png 12w, https:\/\/etno.net\/wp-content\/uploads\/2024\/06\/VA_kuvio-tekstiton-100x100.png 100w, https:\/\/etno.net\/wp-content\/uploads\/2024\/06\/VA_kuvio-tekstiton-64x64.png 64w\" sizes=\"(max-width: 24px) 100vw, 24px\" \/> <strong><a href=\"https:\/\/etno.net\/wp-content\/uploads\/2024\/06\/satasarvi2_Maari-Kallberg.pdf\">Aunuksenkarjalainen runolaulu \u2013 laulajan ty\u00f6kaluja ja esitt\u00e4misen tapoja<\/a><\/strong>\u00a0(PDF)<br \/>\nMaari Kallberg<\/p>\n<p><img decoding=\"async\" class=\"alignnone wp-image-3966\" src=\"https:\/\/etno.net\/wp-content\/uploads\/2024\/06\/VA_kuvio-tekstiton.png\" alt=\"\" width=\"24\" height=\"24\" srcset=\"https:\/\/etno.net\/wp-content\/uploads\/2024\/06\/VA_kuvio-tekstiton.png 135w, https:\/\/etno.net\/wp-content\/uploads\/2024\/06\/VA_kuvio-tekstiton-12x12.png 12w, https:\/\/etno.net\/wp-content\/uploads\/2024\/06\/VA_kuvio-tekstiton-100x100.png 100w, https:\/\/etno.net\/wp-content\/uploads\/2024\/06\/VA_kuvio-tekstiton-64x64.png 64w\" sizes=\"(max-width: 24px) 100vw, 24px\" \/> <a href=\"https:\/\/etno.net\/wp-content\/uploads\/2024\/06\/satasarvi2_Anneli-Kont.pdf\"><strong>Kivikasukas-tanssis\u00e4velm\u00e4n rakennetta etsim\u00e4ss\u00e4<\/strong><\/a>\u00a0(PDF)<br \/>\nAnneli Kont<\/p>\n<p><img decoding=\"async\" class=\"alignnone wp-image-3966\" src=\"https:\/\/etno.net\/wp-content\/uploads\/2024\/06\/VA_kuvio-tekstiton.png\" alt=\"\" width=\"24\" height=\"24\" srcset=\"https:\/\/etno.net\/wp-content\/uploads\/2024\/06\/VA_kuvio-tekstiton.png 135w, https:\/\/etno.net\/wp-content\/uploads\/2024\/06\/VA_kuvio-tekstiton-12x12.png 12w, https:\/\/etno.net\/wp-content\/uploads\/2024\/06\/VA_kuvio-tekstiton-100x100.png 100w, https:\/\/etno.net\/wp-content\/uploads\/2024\/06\/VA_kuvio-tekstiton-64x64.png 64w\" sizes=\"(max-width: 24px) 100vw, 24px\" \/> <a href=\"https:\/\/etno.net\/wp-content\/uploads\/2024\/06\/satasarvi2_Erkki-Pekkila.pdf\"><strong>Ilmari Krohnin rytmiliikunta, orkestiikka ja Jaques-Dalcroze-metodi<\/strong><\/a>\u00a0(PDF)<br \/>\nErkki Pekkil\u00e4<\/p>\n<p><a href=\"https:\/\/etno.net\/wp-content\/uploads\/2024\/06\/satasarvi2_Anna-Liisa-Tenhunen.pdf\"><strong>Kantelekilpailuja Karjalassa<\/strong><\/a>\u00a0(PDF)<br \/>\nAnna-Liisa Tenhunen<\/p>\n<h3>LEKTIOT<\/h3>\n<p>Lectio praecursoria<br \/>\n<a href=\"https:\/\/etno.net\/wp-content\/uploads\/2024\/06\/satasarvi2_Pauliina-Syrjala.pdf\"><strong>Hytkypolkka ja hyppiv\u00e4 puuhevonen: Kansanmuusikko s\u00e4velt\u00e4v\u00e4n\u00e4 perinnesoittajana<\/strong><\/a> (PDF)<br \/>\nPauliina Syrj\u00e4l\u00e4<\/p>\n<h3>KIRJA-ARVOSTELUT<\/h3>\n<p><a href=\"https:\/\/etno.net\/wp-content\/uploads\/2024\/06\/satasarvi2_Anneli-Asplund.pdf\"><strong>Arkkiveisut aktiivisen tutkimuksen kohteena Ruotsissa<\/strong><\/a> (PDF)<br \/>\nAnneli Asplund<\/p>\n<h3>PUHEENVUOROT<\/h3>\n<p><strong><a href=\"https:\/\/etno.net\/wp-content\/uploads\/2024\/06\/satasarvi2_Heikki-Laitinen.pdf\">Yksin meill\u00e4 y\u00f6t tulevat eli muusikon hiljainen tieto.<\/a><\/strong><br \/>\nKansanmusiikin professorin virkaanastujaisesitys 31.10.2001 (PDF)<br \/>\nHeikki Laitinen<\/p>\n<p><strong><a href=\"https:\/\/etno.net\/wp-content\/uploads\/2024\/06\/satasarvi2_Hanna-Ryynanen.pdf\">Matkan varrelta<\/a><\/strong><br \/>\nKansanmusiikin koulutusohjelman alumnin reflektioita maisteriopinnoista (PDF)<br \/>\nHanna Ryyn\u00e4nen<\/p>\n<h3>KOKO JULKAISU<\/h3>\n<p><strong><a href=\"https:\/\/etno.net\/wp-content\/uploads\/2024\/06\/satasarvi2_Koko-julkaisu.pdf\">Satasarvi 2<\/a><\/strong> (PDF)<\/p>","protected":false},"excerpt":{"rendered":"<p><strong>Satasarvi 2<\/strong><br \/>\nKansanmusiikin tutkimuksen aikakauskirja<br \/>\nFinnish Journal of Folk Music Research<\/p>\n<p>Kes\u00e4kuu 2024<\/p>\n<p>ISSN 2984-116X<br \/>\nISBN 978-952-329-363-2<\/p>\n<p>Sibelius-Akatemian kansanmusiikkijulkaisuja 39<br \/>\nISSN 2489-8163<\/p>","protected":false},"featured_media":3961,"comment_status":"closed","ping_status":"closed","template":"","meta":{"_acf_changed":false},"product_brand":[],"product_cat":[160],"product_tag":[],"class_list":{"0":"post-3960","1":"product","2":"type-product","3":"status-publish","4":"has-post-thumbnail","6":"product_cat-satasarvi","8":"first","9":"instock","10":"shipping-taxable","11":"product-type-simple"},"acf":[],"_links":{"self":[{"href":"https:\/\/etno.net\/en\/wp-json\/wp\/v2\/product\/3960","targetHints":{"allow":["GET"]}}],"collection":[{"href":"https:\/\/etno.net\/en\/wp-json\/wp\/v2\/product"}],"about":[{"href":"https:\/\/etno.net\/en\/wp-json\/wp\/v2\/types\/product"}],"replies":[{"embeddable":true,"href":"https:\/\/etno.net\/en\/wp-json\/wp\/v2\/comments?post=3960"}],"wp:featuredmedia":[{"embeddable":true,"href":"https:\/\/etno.net\/en\/wp-json\/wp\/v2\/media\/3961"}],"wp:attachment":[{"href":"https:\/\/etno.net\/en\/wp-json\/wp\/v2\/media?parent=3960"}],"wp:term":[{"taxonomy":"product_brand","embeddable":true,"href":"https:\/\/etno.net\/en\/wp-json\/wp\/v2\/product_brand?post=3960"},{"taxonomy":"product_cat","embeddable":true,"href":"https:\/\/etno.net\/en\/wp-json\/wp\/v2\/product_cat?post=3960"},{"taxonomy":"product_tag","embeddable":true,"href":"https:\/\/etno.net\/en\/wp-json\/wp\/v2\/product_tag?post=3960"}],"curies":[{"name":"wp","href":"https:\/\/api.w.org\/{rel}","templated":true}]}}