{"id":3977,"date":"2024-06-26T17:25:15","date_gmt":"2024-06-26T15:25:15","guid":{"rendered":"https:\/\/etno.net\/?post_type=product&#038;p=3977"},"modified":"2025-09-30T11:28:17","modified_gmt":"2025-09-30T09:28:17","slug":"millaisen-paikan-loydan-itselleni-soittaessani-duettoa-kaen-kanssa-luontosuhteeni-vaikutus-taiteelliseen-tyoskentelyyni","status":"publish","type":"product","link":"https:\/\/etno.net\/en\/julkaisu\/opinnaytteet\/maisteriopinnot\/millaisen-paikan-loydan-itselleni-soittaessani-duettoa-kaen-kanssa-luontosuhteeni-vaikutus-taiteelliseen-tyoskentelyyni","title":{"rendered":"Millaisen paikan l\u00f6yd\u00e4n itselleni soittaessani duettoa k\u00e4en kanssa? &#8211; Luontosuhteeni vaikutus taiteelliseen ty\u00f6skentelyyni"},"content":{"rendered":"<h2>Tiivistelm\u00e4<\/h2>\n<p>T\u00e4ss\u00e4 projektity\u00f6ss\u00e4 kirjoittaja tarkastelee omaa luontosuhdettaan ja sit\u00e4, miten se vaikuttaa h\u00e4nen taiteelliseen ty\u00f6skentelyyns\u00e4. Miten luontosuhteet voivat vaikuttaa s\u00e4velt\u00e4miseen ja s\u00e4vellyksiin ja onko yhteyksi\u00e4 toisin p\u00e4in, voiko taiteen tekeminen vaikuttaa s\u00e4velt\u00e4j\u00e4n omaan luontosuhteeseen. Tekij\u00e4 etsii vastauksia taiteellisen ty\u00f6skentelyn kautta seuraaviin kysymyksiin: Mit\u00e4 on luonto? Millainen on luontosuhteeni?<\/p>\n<p>Ty\u00f6skentelyn taiteellinen osuus on Luonto miussa \u2013 mie luonnossa \u2013maisterikonsertti, joka esitettiin Musiikkitalon Black Box \u2013salissa, 24.5.2024. Yhten\u00e4 ajatuksena tuon maisterikonsertin teeman alla oli se, miten taiteen kautta voisi saada ihmisi\u00e4 kiinnostumaan luonnosta ja kenties vaikuttaa heid\u00e4n luontosuhteisiinsa. Tekij\u00e4 pohtii, pystyisik\u00f6 konsertin kautta antamaan yleis\u00f6lle kokemuksen, joka voisi vahvistaa heid\u00e4n yhteytt\u00e4ns\u00e4 luontoon?<\/p>\n<p>Ty\u00f6ss\u00e4 kirjoittaja avaa luontosanastoa ja luontosuhteen k\u00e4sitteist\u00f6\u00e4. Tekstiss\u00e4 tarkastellaan my\u00f6s luontok\u00e4sitysten ongelmallisuutta sek\u00e4 ihmisen ja luonnon suhdetta ja niiden vaikutuksia taiteeseen. Tekij\u00e4 tunnistaa taiteellisen ty\u00f6skentelyn kautta esiin tulevia luontosuhteiden ristiriitoja ja pohtii l\u00e4sn\u00e4olon, kuuntelemisen ja hiljaisuuden yhtenev\u00e4isyyksi\u00e4 luonnossa ja musiikissa.<\/p>\n<h2>Sis\u00e4llysluettelo<\/h2>\n<p><strong>1 Johdanto<\/strong><\/p>\n<p><strong>2 Luonnosta ja luntosuhteesta<\/strong><\/p>\n<p>2.1 Luonto<br \/>\n2.2 Luontosuhteeni<\/p>\n<p><strong>3 Ristiriitoja<\/strong><\/p>\n<p><strong>4 Kuunteleminen, kuuleminen ja hiljaisuus<\/strong><\/p>\n<p><strong>5 Lopuksi<\/strong><\/p>\n<p><strong>L\u00e4hteet<\/strong><\/p>\n<p><strong>Liitteet<\/strong><\/p>","protected":false},"excerpt":{"rendered":"<p>Projektity\u00f6<br \/>\nTaideyliopiston Sibelius Akatemia<br \/>\nKansanmusiikin aineryhm\u00e4<br \/>\nKev\u00e4t 2024<\/p>","protected":false},"featured_media":0,"comment_status":"closed","ping_status":"closed","template":"","meta":{"_acf_changed":false},"product_brand":[],"product_cat":[81,76],"product_tag":[],"class_list":{"0":"post-3977","1":"product","2":"type-product","3":"status-publish","5":"product_cat-maisteriopinnot","6":"product_cat-opinnaytteet","8":"first","9":"instock","10":"shipping-taxable","11":"product-type-simple"},"acf":[],"_links":{"self":[{"href":"https:\/\/etno.net\/en\/wp-json\/wp\/v2\/product\/3977","targetHints":{"allow":["GET"]}}],"collection":[{"href":"https:\/\/etno.net\/en\/wp-json\/wp\/v2\/product"}],"about":[{"href":"https:\/\/etno.net\/en\/wp-json\/wp\/v2\/types\/product"}],"replies":[{"embeddable":true,"href":"https:\/\/etno.net\/en\/wp-json\/wp\/v2\/comments?post=3977"}],"wp:attachment":[{"href":"https:\/\/etno.net\/en\/wp-json\/wp\/v2\/media?parent=3977"}],"wp:term":[{"taxonomy":"product_brand","embeddable":true,"href":"https:\/\/etno.net\/en\/wp-json\/wp\/v2\/product_brand?post=3977"},{"taxonomy":"product_cat","embeddable":true,"href":"https:\/\/etno.net\/en\/wp-json\/wp\/v2\/product_cat?post=3977"},{"taxonomy":"product_tag","embeddable":true,"href":"https:\/\/etno.net\/en\/wp-json\/wp\/v2\/product_tag?post=3977"}],"curies":[{"name":"wp","href":"https:\/\/api.w.org\/{rel}","templated":true}]}}