{"id":3982,"date":"2024-11-22T08:26:19","date_gmt":"2024-11-22T06:26:19","guid":{"rendered":"https:\/\/etno.net\/?post_type=product&#038;p=3982"},"modified":"2025-08-27T14:33:09","modified_gmt":"2025-08-27T12:33:09","slug":"essi-hirvonen-pyhat","status":"publish","type":"product","link":"https:\/\/etno.net\/en\/julkaisu\/aanitteet\/essi-hirvonen-pyhat","title":{"rendered":"Essi Hirvonen: Pyh\u00e4t"},"content":{"rendered":"<p><a href=\"https:\/\/etno.net\/wp-content\/uploads\/2024\/11\/Saatekirjelma.pdf\">Saatekirjelma\u0308 (PDF)<\/a><\/p>\n<p><strong>Pyh\u00e4t<\/strong> on Essi Hirvosen vuosina 2020\u20132023 s\u00e4velt\u00e4m\u00e4 temaattinen albumikokonaisuus. \u201dPyh\u00e4t\u201d k\u00e4sittelee n\u00e4kyv\u00e4n ja n\u00e4kym\u00e4tt\u00f6m\u00e4n rajapintaa, pyhyyden kokemusta sek\u00e4 hiljentymist\u00e4. Improvisatoriset s\u00e4vellykset ovat syntyneet kaipuusta merkityksellisyyteen ja tarkoitukseen. Kokonaisuuden s\u00e4vellykset on omistettu pyhille ihmisille, kuten muusikoiden suojeluspyh\u00e4lle, Cecilia Roomalaiselle. Liitteen\u00e4 olevasta <a href=\"https:\/\/etno.net\/wp-content\/uploads\/2024\/11\/Saatekirjelma.pdf\">&#8221;Saatekirjelm\u00e4st\u00e4&#8221;<\/a> voi lukea lis\u00e4\u00e4 pyhiin ja s\u00e4vellyksiin liittyen.<\/p>\n<p>Essi Hirvonen (s. 1993) on kontrabasisti, kansanmuusikko ja s\u00e4velt\u00e4j\u00e4. Hirvosen kontrabassomusiikki on vastalause nykyp\u00e4iv\u00e4n nopeatempoiselle maailmalle perustuen v\u00e4h\u00e4s\u00e4veliseen improvisaatioon, pitk\u00e4linjaisuuteen sek\u00e4 kontrabasson resonaation kuuntelemiseen ja kokemiseen. Hirvosen musiikin teemallisuus, luova l\u00e4hestyminen kontrabasson soittoon ja vahvasti l\u00e4sn\u00e4oleva esiintyminen luovat kokonaisuuden, joka koskettaa.<\/p>\n<p>\u201dPyh\u00e4t\u201d on hiljainen ja herkk\u00e4 albumi, joka on tarkoitettu kuunneltavaksi kuulokkeilla ja hiljaisuudessa.<\/p>\n<p>&nbsp;<\/p>\n<p><strong>1. Cecilia Roomalaiselle<\/strong><\/p>\n<!--[if lt IE 9]><script>document.createElement('audio');<\/script><![endif]-->\n<audio class=\"wp-audio-shortcode\" id=\"audio-3982-1\" preload=\"none\" style=\"width: 100%;\" controls=\"controls\"><source type=\"audio\/mpeg\" src=\"https:\/\/etno.net\/wp-content\/uploads\/2024\/11\/01-Cecilia-roomalaiselle.mp3?_=1\" \/><a href=\"https:\/\/etno.net\/wp-content\/uploads\/2024\/11\/01-Cecilia-roomalaiselle.mp3\">https:\/\/etno.net\/wp-content\/uploads\/2024\/11\/01-Cecilia-roomalaiselle.mp3<\/a><\/audio>\n<p>&nbsp;<\/p>\n<p><strong>2. Elisabet ja Varvara<\/strong><\/p>\n<audio class=\"wp-audio-shortcode\" id=\"audio-3982-2\" preload=\"none\" style=\"width: 100%;\" controls=\"controls\"><source type=\"audio\/mpeg\" src=\"https:\/\/etno.net\/wp-content\/uploads\/2024\/11\/02-Elisabet-ja-Varvara.mp3?_=2\" \/><a href=\"https:\/\/etno.net\/wp-content\/uploads\/2024\/11\/02-Elisabet-ja-Varvara.mp3\">https:\/\/etno.net\/wp-content\/uploads\/2024\/11\/02-Elisabet-ja-Varvara.mp3<\/a><\/audio>\n<p>&nbsp;<\/p>\n<p><strong>3. Syd\u00e4n\u00e4\u00e4net \u2013 Rakkaus<\/strong><\/p>\n<audio class=\"wp-audio-shortcode\" id=\"audio-3982-3\" preload=\"none\" style=\"width: 100%;\" controls=\"controls\"><source type=\"audio\/mpeg\" src=\"https:\/\/etno.net\/wp-content\/uploads\/2024\/11\/03-Sydanaanet.mp3?_=3\" \/><a href=\"https:\/\/etno.net\/wp-content\/uploads\/2024\/11\/03-Sydanaanet.mp3\">https:\/\/etno.net\/wp-content\/uploads\/2024\/11\/03-Sydanaanet.mp3<\/a><\/audio>\n<p>&nbsp;<\/p>\n<p><strong>4. Johannes Sonkajanrantalaiselle<\/strong><\/p>\n<audio class=\"wp-audio-shortcode\" id=\"audio-3982-4\" preload=\"none\" style=\"width: 100%;\" controls=\"controls\"><source type=\"audio\/mpeg\" src=\"https:\/\/etno.net\/wp-content\/uploads\/2024\/11\/04-Johannes-sonkajanrantalaiselle.mp3?_=4\" \/><a href=\"https:\/\/etno.net\/wp-content\/uploads\/2024\/11\/04-Johannes-sonkajanrantalaiselle.mp3\">https:\/\/etno.net\/wp-content\/uploads\/2024\/11\/04-Johannes-sonkajanrantalaiselle.mp3<\/a><\/audio>\n<p>&nbsp;<\/p>\n<p><strong>5. Kolme pyh\u00e4\u00e4 nuorukaista<\/strong><\/p>\n<audio class=\"wp-audio-shortcode\" id=\"audio-3982-5\" preload=\"none\" style=\"width: 100%;\" controls=\"controls\"><source type=\"audio\/mpeg\" src=\"https:\/\/etno.net\/wp-content\/uploads\/2024\/11\/05-Kolme-pyhaa-nuorukaista.mp3?_=5\" \/><a href=\"https:\/\/etno.net\/wp-content\/uploads\/2024\/11\/05-Kolme-pyhaa-nuorukaista.mp3\">https:\/\/etno.net\/wp-content\/uploads\/2024\/11\/05-Kolme-pyhaa-nuorukaista.mp3<\/a><\/audio>\n<p>&nbsp;<\/p>\n<p>Albumin tekemist\u00e4 ovat tukeneet Sibelius-Akatemian tukis\u00e4\u00e4ti\u00f6, Samuel Huberin Taides\u00e4\u00e4ti\u00f6 ja Taideyliopiston Sibelius-Akatemian kansanmusiikin koulutusohjelma.<\/p>\n<p>Albumi on \u00e4\u00e4nitetty J\u00e4rvenp\u00e4\u00e4ss\u00e4 Kallio-Kuninkalassa 21.\u201322.12.2023. Albumi ilmestyy digitaalisena julkaisuna ja on omakustanne.<\/p>\n<p>Kontrabasso, s\u00e4vellykset ja tuotanto: <strong>Essi Hirvonen<\/strong><\/p>\n<p>\u00c4\u00e4nitys, miksaus ja masterointi: <strong>Alec Havinmaa<\/strong><\/p>\n<p>Albumin kansitaide: <strong>Iida Putkuri<\/strong><\/p>\n<p>Sibelius-Akatemian kansanmusiikki\u00e4\u00e4nitteit\u00e4 190.<br \/>\nTaideyliopiston Sibelius-Akatemia &#8211; Kansanmusiikki<\/p>\n","protected":false},"excerpt":{"rendered":"<p>Saatekirjelma\u0308 (PDF) Pyh\u00e4t on Essi Hirvosen vuosina 2020\u20132023 s\u00e4velt\u00e4m\u00e4 temaattinen albumikokonaisuus. \u201dPyh\u00e4t\u201d k\u00e4sittelee n\u00e4kyv\u00e4n ja n\u00e4kym\u00e4tt\u00f6m\u00e4n rajapintaa, pyhyyden kokemusta sek\u00e4 hiljentymist\u00e4. Improvisatoriset s\u00e4vellykset ovat syntyneet kaipuusta merkityksellisyyteen ja tarkoitukseen. Kokonaisuuden s\u00e4vellykset on omistettu pyhille ihmisille, kuten muusikoiden suojeluspyh\u00e4lle, Cecilia Roomalaiselle. Liitteen\u00e4 olevasta &#8221;Saatekirjelm\u00e4st\u00e4&#8221; voi lukea lis\u00e4\u00e4 pyhiin ja s\u00e4vellyksiin liittyen. Essi Hirvonen (s. 1993) on [&hellip;]<\/p>\n","protected":false},"featured_media":4083,"comment_status":"closed","ping_status":"closed","template":"","meta":{"_acf_changed":false},"product_brand":[],"product_cat":[65],"product_tag":[],"class_list":{"0":"post-3982","1":"product","2":"type-product","3":"status-publish","4":"has-post-thumbnail","6":"product_cat-aanitteet","8":"first","9":"instock","10":"shipping-taxable","11":"product-type-simple"},"acf":[],"_links":{"self":[{"href":"https:\/\/etno.net\/en\/wp-json\/wp\/v2\/product\/3982","targetHints":{"allow":["GET"]}}],"collection":[{"href":"https:\/\/etno.net\/en\/wp-json\/wp\/v2\/product"}],"about":[{"href":"https:\/\/etno.net\/en\/wp-json\/wp\/v2\/types\/product"}],"replies":[{"embeddable":true,"href":"https:\/\/etno.net\/en\/wp-json\/wp\/v2\/comments?post=3982"}],"wp:featuredmedia":[{"embeddable":true,"href":"https:\/\/etno.net\/en\/wp-json\/wp\/v2\/media\/4083"}],"wp:attachment":[{"href":"https:\/\/etno.net\/en\/wp-json\/wp\/v2\/media?parent=3982"}],"wp:term":[{"taxonomy":"product_brand","embeddable":true,"href":"https:\/\/etno.net\/en\/wp-json\/wp\/v2\/product_brand?post=3982"},{"taxonomy":"product_cat","embeddable":true,"href":"https:\/\/etno.net\/en\/wp-json\/wp\/v2\/product_cat?post=3982"},{"taxonomy":"product_tag","embeddable":true,"href":"https:\/\/etno.net\/en\/wp-json\/wp\/v2\/product_tag?post=3982"}],"curies":[{"name":"wp","href":"https:\/\/api.w.org\/{rel}","templated":true}]}}