{"id":3992,"date":"2025-01-15T15:47:17","date_gmt":"2025-01-15T13:47:17","guid":{"rendered":"https:\/\/etno.net\/?post_type=product&#038;p=3992"},"modified":"2025-09-30T11:28:25","modified_gmt":"2025-09-30T09:28:25","slug":"aalloilla-elaman-pianistin-matka-kohti-kansanmuusikkoutta","status":"publish","type":"product","link":"https:\/\/etno.net\/en\/julkaisu\/opinnaytteet\/maisteriopinnot\/aalloilla-elaman-pianistin-matka-kohti-kansanmuusikkoutta","title":{"rendered":"Aalloilla el\u00e4m\u00e4n &#8211; Pianistin matka kohti kansanmuusikkoutta"},"content":{"rendered":"<h2>Sis\u00e4llysluettelo<\/h2>\n<p><strong>1 Johdanto<\/strong><br \/>\n<strong>2 Taustaa<\/strong><br \/>\n<strong>3 Ajatuksia muusikkoidentiteetist\u00e4<\/strong><br \/>\n<strong>4 Kansanmusiikin m\u00e4\u00e4rittely\u00e4<\/strong><br \/>\n<strong>5 Kohti kansanmuusikkoutta<\/strong><\/p>\n<h2>Tiivistelm\u00e4 ty\u00f6n johdannosta<\/h2>\n<p>Ty\u00f6skennelless\u00e4ni Taideyliopiston Sibelius-Akatemiassa pianomusiikin lehtorina olen huomannut lis\u00e4\u00e4ntyneen kiinnostuksen kansanmusiikkia kohtaan musiikkia opiskelevien nuorten keskuudessa. Laajentaakseni omaa kansanmusiikkiohjelmistoani ja ymm\u00e4rryst\u00e4ni t\u00e4st\u00e4 musiikinlajista p\u00e4\u00e4dyin opiskelemaan kansanmusiikkia Taideyliopiston Sibelius-Akatemian kansanmusiikin koulutusohjelmaan. Opintoni ovat tarjonneet minulle arvokkaita k\u00e4yt\u00e4nn\u00f6n kokemuksia ja uusia n\u00e4k\u00f6kulmia, joiden avulla olen voinut syvent\u00e4\u00e4 ymm\u00e4rryst\u00e4ni kansanmusiikista. Opintojeni l\u00e4hestyess\u00e4 loppua onkin hyv\u00e4 hetki tarkastella, mit\u00e4 olen oppinut, miten voin soveltaa oppimaani nykyisess\u00e4 ty\u00f6ss\u00e4ni, ja millainen vaikutus opinnoilla on ollut muusikkoidentiteettiini. N\u00e4it\u00e4 teemoja k\u00e4sittelen t\u00e4ss\u00e4 kansanmusiikin maisteriopinn\u00e4ytteeseen sis\u00e4ltyv\u00e4ss\u00e4 projektity\u00f6ss\u00e4.<\/p>\n<p>Koen, ett\u00e4 kansanmusiikin syv\u00e4llisempi ymm\u00e4rt\u00e4minen mahdollistaisi paitsi oman soiton ja opetusmenetelmien kehitt\u00e4misen, my\u00f6s opiskelijoiden oppimiskokemusten rikastuttamisen. N\u00e4in ollen p\u00e4\u00e4t\u00f6s hakeutua opiskelemaan n\u00e4ytt\u00e4ytyi loogisena jatkumona niin ammatillisen kuin pedagogisenkin osaamiseni laajentamisessa. Aloittaessani kaksi ja puoli vuotta kest\u00e4v\u00e4t maisteriopinnot Taideyliopiston Sibelius-Akatemian kansanmusiikin koulutusohjelmassa syksyll\u00e4 2022 minulla oli enemm\u00e4n kysymyksi\u00e4 kuin vastauksia. Maisteriopintojeni edetess\u00e4 minulle avautui, kuinka monimuotoinen ja laaja-alainen k\u00e4site kansanmusiikki on verrattuna siihen, mit\u00e4 olin alun perin kuvitellut. Kansanmusiikki ei esimerkiksi rajoitu yhteen maantieteelliseen alueeseen tai tiettyyn ajanjaksoon, vaan se on alati muuttuva ja sopeutuva musiikinlaji, joka heijastaa sek\u00e4 paikallisia ett\u00e4 maailmanlaajuisia vaikutteita. Kansanmusiikin emeritusprofessori Heikki Laitisen (1991) mukaan kansanmusiikki on nyky\u00e4\u00e4n suomen kieless\u00e4 moniulotteinen termi, jonka merkitykset ovat laajentuneet erityisesti 1970-luvun kansanmusiikin uuden tulemisen eli kansanmusiikkirevivaalin my\u00f6t\u00e4. Kansanmusiikin m\u00e4\u00e4rittelyn moniulotteisuus vaikutti minusta erityisen mielenkiintoiselta ja merkitt\u00e4v\u00e4lt\u00e4 tulevaa ammattitaitoani ajatellen, mutta my\u00f6s tulevan maisterikonserttini n\u00e4k\u00f6kulmasta. T\u00e4m\u00e4n vuoksi syvennyn siihen tarkemmin my\u00f6hemmin t\u00e4ss\u00e4 ty\u00f6ss\u00e4.<\/p>\n<p>Aivan kuten kansanmusiikki itsess\u00e4\u00e4nkin on jatkuvassa muutoksessa, my\u00f6s min\u00e4 olen altistanut itseni vastaavalle prosessille. Kasvu kansanmuusikoksi ei ole vain teknisten taitojen hiomista, vaan my\u00f6s syv\u00e4llinen matka itsetuntemukseen ja kulttuuriseen ymm\u00e4rrykseen. T\u00e4m\u00e4n projektity\u00f6n my\u00f6t\u00e4 toivon ottavani askeleita kohti kasvua kansanmuusikoksi. Vaikka kansanmuusikkouden omaksuminen tuntuu yh\u00e4 hieman vieraalta, huomaan l\u00e4hestyv\u00e4ni sit\u00e4 identiteettin\u00e4, jota ei voi m\u00e4\u00e4ritell\u00e4 vain maisterintutkinnon kautta, vaan jatkuvana prosessina ja kasvuna kohti musiikin ja perinteen syvemp\u00e4\u00e4 ymm\u00e4rryst\u00e4.<\/p>\n<p>Tarkastelen matkaani kohti kansanmuusikkoutta <em>reflektoivan l\u00e4hestymistavan<\/em> (Jyv\u00e4skyl\u00e4n yliopisto 2024) avulla, sill\u00e4 se antaa minulle mahdollisuuden tarkastella omia kokemuksiani ja oppimisprosessiani kriittisesti. Reflektion avulla voin analysoida, miten erilaisten tilanteiden, kuten eri opintojaksojen, keskusteluiden ja yhteisty\u00f6projektien, kautta saatu tieto ja k\u00e4yt\u00e4nn\u00f6n kokemus ovat vaikuttaneet musiikilliseen identiteettiini. Reflektoimalla kokemuksiani voin tunnistaa, mitk\u00e4 seikat ovat olleet erityisen merkityksellisi\u00e4 kehitykselleni ja miten eri oppimiskokemukset ovat rikastuttaneet suhdetta kansanmusiikkiin. Lis\u00e4ksi reflektointi antaa mahdollisuuden arvioida omia arvojani ja tavoitteitani musiikissa. Kun tarkastelen matkaani, voin mietti\u00e4, kuinka omat henkil\u00f6kohtaiset kokemukseni, kuten perhesuhteet, kulttuuritausta ja sosiaaliset verkostot, ovat vaikuttaneet musiikkimakuuni ja -ilmaisuuni.<\/p>\n<p>Kansanmusiikin monimuotoisuuden ymm\u00e4rt\u00e4minen on keskeist\u00e4, sill\u00e4 se avaa ovia erilaisille n\u00e4k\u00f6kulmille ja ideoille, jotka voivat rikastuttaa omaa soittotyyli\u00e4ni ja luovaa prosessiani. Reflektoinnin my\u00f6t\u00e4 voin my\u00f6s pohtia, miten kulttuuriset ja historialliset kontekstit ovat muokanneet kansanmusiikkia ja miten t\u00e4m\u00e4 vaikuttaa omaan ohjelmistooni. T\u00e4m\u00e4 projektity\u00f6 toimii siis paitsi er\u00e4\u00e4nlaisena oppimisp\u00e4iv\u00e4kirjana, my\u00f6s v\u00e4lineen\u00e4 syvent\u00e4\u00e4 omaa muusikkoidentiteetti\u00e4ni ja kehitt\u00e4\u00e4 kyky\u00e4ni toimia kansanmuusikkona.<\/p>","protected":false},"excerpt":{"rendered":"<p>Projektity\u00f6<br \/>\nTaideyliopiston Sibelius-Akatemia<br \/>\nKansanmusiikin koulutusohjelma<br \/>\nSyksy 2024<\/p>","protected":false},"featured_media":0,"comment_status":"closed","ping_status":"closed","template":"","meta":{"_acf_changed":false},"product_brand":[],"product_cat":[81,76],"product_tag":[],"class_list":{"0":"post-3992","1":"product","2":"type-product","3":"status-publish","5":"product_cat-maisteriopinnot","6":"product_cat-opinnaytteet","8":"first","9":"instock","10":"shipping-taxable","11":"product-type-simple"},"acf":[],"_links":{"self":[{"href":"https:\/\/etno.net\/en\/wp-json\/wp\/v2\/product\/3992","targetHints":{"allow":["GET"]}}],"collection":[{"href":"https:\/\/etno.net\/en\/wp-json\/wp\/v2\/product"}],"about":[{"href":"https:\/\/etno.net\/en\/wp-json\/wp\/v2\/types\/product"}],"replies":[{"embeddable":true,"href":"https:\/\/etno.net\/en\/wp-json\/wp\/v2\/comments?post=3992"}],"wp:attachment":[{"href":"https:\/\/etno.net\/en\/wp-json\/wp\/v2\/media?parent=3992"}],"wp:term":[{"taxonomy":"product_brand","embeddable":true,"href":"https:\/\/etno.net\/en\/wp-json\/wp\/v2\/product_brand?post=3992"},{"taxonomy":"product_cat","embeddable":true,"href":"https:\/\/etno.net\/en\/wp-json\/wp\/v2\/product_cat?post=3992"},{"taxonomy":"product_tag","embeddable":true,"href":"https:\/\/etno.net\/en\/wp-json\/wp\/v2\/product_tag?post=3992"}],"curies":[{"name":"wp","href":"https:\/\/api.w.org\/{rel}","templated":true}]}}