{"id":3993,"date":"2025-01-31T09:06:45","date_gmt":"2025-01-31T07:06:45","guid":{"rendered":"https:\/\/etno.net\/?post_type=product&#038;p=3993"},"modified":"2025-08-27T14:32:38","modified_gmt":"2025-08-27T12:32:38","slug":"maimu-jogeda-nordic-reflections","status":"publish","type":"product","link":"https:\/\/etno.net\/en\/julkaisu\/aanitteet\/maimu-jogeda-nordic-reflections","title":{"rendered":"Maimu J\u00f5geda: Nordic Reflections"},"content":{"rendered":"<p><strong>1. P\u00f6\u00f6ri\u00f6\u00f6 p\u00e4ike<\/strong><\/p>\n<!--[if lt IE 9]><script>document.createElement('audio');<\/script><![endif]-->\n<audio class=\"wp-audio-shortcode\" id=\"audio-3993-1\" preload=\"none\" style=\"width: 100%;\" controls=\"controls\"><source type=\"audio\/mpeg\" src=\"https:\/\/etno.net\/wp-content\/uploads\/2025\/01\/01-Poorioo-paike-etnonet-sample.mp3?_=1\" \/><a href=\"https:\/\/etno.net\/wp-content\/uploads\/2025\/01\/01-Poorioo-paike-etnonet-sample.mp3\">https:\/\/etno.net\/wp-content\/uploads\/2025\/01\/01-Poorioo-paike-etnonet-sample.mp3<\/a><\/audio>\n<p>&nbsp;<\/p>\n<p>2. February 17th<\/p>\n<p>3. Joogilaul<\/p>\n<p>4. Maimu&#8217;s S\u00f8nderhoning<\/p>\n<p>5. Kuma<\/p>\n<p>6. Kaamos<\/p>\n<p><strong>7. Waltz for Broken Dreams<\/strong><\/p>\n<audio class=\"wp-audio-shortcode\" id=\"audio-3993-2\" preload=\"none\" style=\"width: 100%;\" controls=\"controls\"><source type=\"audio\/mpeg\" src=\"https:\/\/etno.net\/wp-content\/uploads\/2025\/01\/07-Waltz-for-Broken-Dreams-etnonet-sample.mp3?_=2\" \/><a href=\"https:\/\/etno.net\/wp-content\/uploads\/2025\/01\/07-Waltz-for-Broken-Dreams-etnonet-sample.mp3\">https:\/\/etno.net\/wp-content\/uploads\/2025\/01\/07-Waltz-for-Broken-Dreams-etnonet-sample.mp3<\/a><\/audio>\n<p>&nbsp;<\/p>\n<p>8. The Land of All Dreams<\/p>\n<p>9. Sextur &amp; Halling fr\u00e5n R\u00f5uge<\/p>\n<p><strong>10. Reaching Home<\/strong><\/p>\n<audio class=\"wp-audio-shortcode\" id=\"audio-3993-3\" preload=\"none\" style=\"width: 100%;\" controls=\"controls\"><source type=\"audio\/wav\" src=\"https:\/\/etno.net\/wp-content\/uploads\/2025\/01\/10-Reaching-Home.wav?_=3\" \/><a href=\"https:\/\/etno.net\/wp-content\/uploads\/2025\/01\/10-Reaching-Home.wav\">https:\/\/etno.net\/wp-content\/uploads\/2025\/01\/10-Reaching-Home.wav<\/a><\/audio>\n<p>&nbsp;<\/p>\n<p>11. \u00d5htuvaikuse j\u00f5uab<\/p>\n<p>&nbsp;<\/p>\n<p>All tracks are performed by\u00a0<strong>Maimu J\u00f5geda<\/strong> and are her original compositions, except for tracks 3 and 11, which are folk songs arranged and sung by Maimu J\u00f5geda. &#8221;\u00d5htuvaikuse j\u00f5uab&#8221; is a Siberian Estonian song adapted from a 1923 recording featuring Linda Trisk. &#8221;Joogilaul&#8221; is from Ruhnu Island and is adapted from a 1967 recording featuring Peeter Roosilaid.<\/p>\n<p>Album design by\u00a0<strong>Kadri Kadalipp<\/strong><br \/>\nPhotos taken by <strong>Laura Reunanen<\/strong><br \/>\nRecording, mixing, and mastering on all tracks, and effects on tracks 7 and 9 by <strong>Alec Havinmaa<\/strong><br \/>\nRecorded at the <strong>University of the Arts Helsinki Sibelius Academy studio<\/strong> (February 2024)<br \/>\nFree-bass accordion, stomp-box, and singing by <strong>Maimu J\u00f5geda<\/strong><\/p>\n<p>This recording is part of the Sibelius Academy of the University of the Arts Helsinki Folk Music department&#8217;s recording series.<\/p>\n","protected":false},"excerpt":{"rendered":"<p>1. P\u00f6\u00f6ri\u00f6\u00f6 p\u00e4ike &nbsp; 2. February 17th 3. Joogilaul 4. Maimu&#8217;s S\u00f8nderhoning 5. Kuma 6. Kaamos 7. Waltz for Broken Dreams &nbsp; 8. The Land of All Dreams 9. Sextur &amp; Halling fr\u00e5n R\u00f5uge 10. Reaching Home &nbsp; 11. \u00d5htuvaikuse j\u00f5uab &nbsp; All tracks are performed by\u00a0Maimu J\u00f5geda and are her original compositions, except for [&hellip;]<\/p>\n","protected":false},"featured_media":3994,"comment_status":"closed","ping_status":"closed","template":"","meta":{"_acf_changed":false},"product_brand":[],"product_cat":[65],"product_tag":[171,172],"class_list":{"0":"post-3993","1":"product","2":"type-product","3":"status-publish","4":"has-post-thumbnail","6":"product_cat-aanitteet","7":"product_tag-harmonikka","8":"product_tag-viro","10":"first","11":"instock","12":"shipping-taxable","13":"product-type-simple"},"acf":[],"_links":{"self":[{"href":"https:\/\/etno.net\/en\/wp-json\/wp\/v2\/product\/3993","targetHints":{"allow":["GET"]}}],"collection":[{"href":"https:\/\/etno.net\/en\/wp-json\/wp\/v2\/product"}],"about":[{"href":"https:\/\/etno.net\/en\/wp-json\/wp\/v2\/types\/product"}],"replies":[{"embeddable":true,"href":"https:\/\/etno.net\/en\/wp-json\/wp\/v2\/comments?post=3993"}],"wp:featuredmedia":[{"embeddable":true,"href":"https:\/\/etno.net\/en\/wp-json\/wp\/v2\/media\/3994"}],"wp:attachment":[{"href":"https:\/\/etno.net\/en\/wp-json\/wp\/v2\/media?parent=3993"}],"wp:term":[{"taxonomy":"product_brand","embeddable":true,"href":"https:\/\/etno.net\/en\/wp-json\/wp\/v2\/product_brand?post=3993"},{"taxonomy":"product_cat","embeddable":true,"href":"https:\/\/etno.net\/en\/wp-json\/wp\/v2\/product_cat?post=3993"},{"taxonomy":"product_tag","embeddable":true,"href":"https:\/\/etno.net\/en\/wp-json\/wp\/v2\/product_tag?post=3993"}],"curies":[{"name":"wp","href":"https:\/\/api.w.org\/{rel}","templated":true}]}}