{"id":4096,"date":"2025-06-04T13:17:16","date_gmt":"2025-06-04T11:17:16","guid":{"rendered":"https:\/\/etno.net\/?post_type=product&#038;p=4096"},"modified":"2025-08-19T10:31:00","modified_gmt":"2025-08-19T08:31:00","slug":"kansanmusiikki-elavana-kulttuuriperintona","status":"publish","type":"product","link":"https:\/\/etno.net\/en\/julkaisu\/aanitteet\/kansanmusiikki-elavana-kulttuuriperintona","title":{"rendered":"Kansanmusiikki el\u00e4v\u00e4n\u00e4 kulttuuriperint\u00f6n\u00e4"},"content":{"rendered":"<p><img fetchpriority=\"high\" decoding=\"async\" class=\"alignnone size-full wp-image-4102\" src=\"https:\/\/etno.net\/wp-content\/uploads\/2025\/06\/Untitled132_20250613154304.png\" alt=\"\" width=\"2500\" height=\"1304\" srcset=\"https:\/\/etno.net\/wp-content\/uploads\/2025\/06\/Untitled132_20250613154304.png 2500w, https:\/\/etno.net\/wp-content\/uploads\/2025\/06\/Untitled132_20250613154304-300x156.png 300w, https:\/\/etno.net\/wp-content\/uploads\/2025\/06\/Untitled132_20250613154304-1024x534.png 1024w, https:\/\/etno.net\/wp-content\/uploads\/2025\/06\/Untitled132_20250613154304-768x401.png 768w, https:\/\/etno.net\/wp-content\/uploads\/2025\/06\/Untitled132_20250613154304-1536x801.png 1536w, https:\/\/etno.net\/wp-content\/uploads\/2025\/06\/Untitled132_20250613154304-2048x1068.png 2048w, https:\/\/etno.net\/wp-content\/uploads\/2025\/06\/Untitled132_20250613154304-18x9.png 18w, https:\/\/etno.net\/wp-content\/uploads\/2025\/06\/Untitled132_20250613154304-600x313.png 600w, https:\/\/etno.net\/wp-content\/uploads\/2025\/06\/Untitled132_20250613154304-64x33.png 64w\" sizes=\"(max-width: 2500px) 100vw, 2500px\" \/><\/p>\n<p style=\"font-weight: 400;\">Kansanmusiikki el\u00e4v\u00e4n\u00e4 kulttuuriperint\u00f6n\u00e4 -podcastsarja syventyy tarkastelemaan kansanmusiikin ajankohtaisia ilmi\u00f6it\u00e4. Sarjassa ei pyrit\u00e4 kansanmusiikin museointiin tai kulttuuriperinn\u00f6n ajattelemiseen pelk\u00e4st\u00e4\u00e4n menneisyyden ilmi\u00f6n\u00e4, vaan pureudutaan sen el\u00e4vyyteen ja muuntumiskykyisyyteen. Podcast-jaksoissa Sibelius-Akatemian kansanmusiikin koulutusohjelman maisteriopiskelijat tuovat esille kansanmusiikin yhteis\u00f6j\u00e4, tekij\u00f6it\u00e4 ja ymp\u00e4rist\u00f6j\u00e4.<\/p>\n<hr \/>\n<p>&nbsp;<\/p>\n<h2 style=\"font-weight: 400;\">Jaksot<\/h2>\n<p>&nbsp;<\/p>\n<!--[if lt IE 9]><script>document.createElement('audio');<\/script><![endif]-->\n<audio class=\"wp-audio-shortcode\" id=\"audio-4096-1\" preload=\"none\" style=\"width: 100%;\" controls=\"controls\"><source type=\"audio\/mpeg\" src=\"https:\/\/etno.net\/wp-content\/uploads\/2025\/06\/Kansanmusiikkia-Espoosta-1.mp3?_=1\" \/><a href=\"https:\/\/etno.net\/wp-content\/uploads\/2025\/06\/Kansanmusiikkia-Espoosta-1.mp3\">https:\/\/etno.net\/wp-content\/uploads\/2025\/06\/Kansanmusiikkia-Espoosta-1.mp3<\/a><\/audio>\n<p style=\"font-weight: 400;\"><strong>Kansanmusiikkia Espoosta<\/strong><br \/>\nTekij\u00e4t: Oona Sinkko ja Viive Virtanen<br \/>\nHaastateltavana Maria Kalaniemi<\/p>\n<p>&nbsp;<\/p>\n<audio class=\"wp-audio-shortcode\" id=\"audio-4096-2\" preload=\"none\" style=\"width: 100%;\" controls=\"controls\"><source type=\"audio\/mpeg\" src=\"https:\/\/etno.net\/wp-content\/uploads\/2025\/06\/Kansanmusiikin-ammattilaisten-ja-harrastajien-yhteisot-1.mp3?_=2\" \/><a href=\"https:\/\/etno.net\/wp-content\/uploads\/2025\/06\/Kansanmusiikin-ammattilaisten-ja-harrastajien-yhteisot-1.mp3\">https:\/\/etno.net\/wp-content\/uploads\/2025\/06\/Kansanmusiikin-ammattilaisten-ja-harrastajien-yhteisot-1.mp3<\/a><\/audio>\n<p style=\"font-weight: 400;\"><strong>Kansanmusiikin ammattilaisten ja harrastajien yhteis\u00f6t<\/strong><br \/>\nTekij\u00e4t: Touko Kentala ja Aapo Nieminen<br \/>\nHaastateltavana Arttu Kunnasto<\/p>\n<p>&nbsp;<\/p>\n<audio class=\"wp-audio-shortcode\" id=\"audio-4096-3\" preload=\"none\" style=\"width: 100%;\" controls=\"controls\"><source type=\"audio\/mpeg\" src=\"https:\/\/etno.net\/wp-content\/uploads\/2025\/06\/Soitinrakennus-ja-perinnesoittimet-1.mp3?_=3\" \/><a href=\"https:\/\/etno.net\/wp-content\/uploads\/2025\/06\/Soitinrakennus-ja-perinnesoittimet-1.mp3\">https:\/\/etno.net\/wp-content\/uploads\/2025\/06\/Soitinrakennus-ja-perinnesoittimet-1.mp3<\/a><\/audio>\n<p style=\"font-weight: 400;\"><strong>Soitinrakennus ja perinnesoittimet<\/strong><br \/>\nTekij\u00e4t: Leeni H\u00e4mynen, Laura Lehto ja Artturi Vuorinen<br \/>\nHaastateltavana Juhana Nyrhinen<\/p>\n<p>&nbsp;<\/p>\n<audio class=\"wp-audio-shortcode\" id=\"audio-4096-4\" preload=\"none\" style=\"width: 100%;\" controls=\"controls\"><source type=\"audio\/mpeg\" src=\"https:\/\/etno.net\/wp-content\/uploads\/2025\/06\/Spelmanslag-perinne-Suomessa-\u2013-Spelmanslagtradition-i-Finland-1.mp3?_=4\" \/><a href=\"https:\/\/etno.net\/wp-content\/uploads\/2025\/06\/Spelmanslag-perinne-Suomessa-\u2013-Spelmanslagtradition-i-Finland-1.mp3\">https:\/\/etno.net\/wp-content\/uploads\/2025\/06\/Spelmanslag-perinne-Suomessa-\u2013-Spelmanslagtradition-i-Finland-1.mp3<\/a><\/audio>\n<p style=\"font-weight: 400;\"><strong>Spelmanslag-perinne Suomessa \u2013 Spelmanslagtradition i Finland<\/strong><br \/>\nTekij\u00e4t: Eemeli Pruiksma ja Henrica Westerholm<br \/>\nHaastateltavana Ingolf Backman<\/p>\n","protected":false},"excerpt":{"rendered":"<p>Kansanmusiikki el\u00e4v\u00e4n\u00e4 kulttuuriperint\u00f6n\u00e4 -podcastsarja syventyy tarkastelemaan kansanmusiikin ajankohtaisia ilmi\u00f6it\u00e4. Sarjassa ei pyrit\u00e4 kansanmusiikin museointiin tai kulttuuriperinn\u00f6n ajattelemiseen pelk\u00e4st\u00e4\u00e4n menneisyyden ilmi\u00f6n\u00e4, vaan pureudutaan sen el\u00e4vyyteen ja muuntumiskykyisyyteen. Podcast-jaksoissa Sibelius-Akatemian kansanmusiikin koulutusohjelman maisteriopiskelijat tuovat esille kansanmusiikin yhteis\u00f6j\u00e4, tekij\u00f6it\u00e4 ja ymp\u00e4rist\u00f6j\u00e4. &nbsp; Jaksot &nbsp; Kansanmusiikkia Espoosta Tekij\u00e4t: Oona Sinkko ja Viive Virtanen Haastateltavana Maria Kalaniemi &nbsp; Kansanmusiikin ammattilaisten [&hellip;]<\/p>\n","protected":false},"featured_media":4103,"comment_status":"closed","ping_status":"closed","template":"","meta":{"_acf_changed":false},"product_brand":[],"product_cat":[65],"product_tag":[],"class_list":{"0":"post-4096","1":"product","2":"type-product","3":"status-publish","4":"has-post-thumbnail","6":"product_cat-aanitteet","8":"first","9":"instock","10":"shipping-taxable","11":"product-type-simple"},"acf":[],"_links":{"self":[{"href":"https:\/\/etno.net\/en\/wp-json\/wp\/v2\/product\/4096","targetHints":{"allow":["GET"]}}],"collection":[{"href":"https:\/\/etno.net\/en\/wp-json\/wp\/v2\/product"}],"about":[{"href":"https:\/\/etno.net\/en\/wp-json\/wp\/v2\/types\/product"}],"replies":[{"embeddable":true,"href":"https:\/\/etno.net\/en\/wp-json\/wp\/v2\/comments?post=4096"}],"wp:featuredmedia":[{"embeddable":true,"href":"https:\/\/etno.net\/en\/wp-json\/wp\/v2\/media\/4103"}],"wp:attachment":[{"href":"https:\/\/etno.net\/en\/wp-json\/wp\/v2\/media?parent=4096"}],"wp:term":[{"taxonomy":"product_brand","embeddable":true,"href":"https:\/\/etno.net\/en\/wp-json\/wp\/v2\/product_brand?post=4096"},{"taxonomy":"product_cat","embeddable":true,"href":"https:\/\/etno.net\/en\/wp-json\/wp\/v2\/product_cat?post=4096"},{"taxonomy":"product_tag","embeddable":true,"href":"https:\/\/etno.net\/en\/wp-json\/wp\/v2\/product_tag?post=4096"}],"curies":[{"name":"wp","href":"https:\/\/api.w.org\/{rel}","templated":true}]}}