{"id":4112,"date":"2025-08-27T14:31:35","date_gmt":"2025-08-27T12:31:35","guid":{"rendered":"https:\/\/etno.net\/?post_type=product&#038;p=4112"},"modified":"2025-08-27T14:33:56","modified_gmt":"2025-08-27T12:33:56","slug":"hurja-halla-surma-hiihti","status":"publish","type":"product","link":"https:\/\/etno.net\/en\/julkaisu\/aanitteet\/hurja-halla-surma-hiihti","title":{"rendered":"Hurja Halla: Surma hiihti"},"content":{"rendered":"<p><strong>Hurja Halla<\/strong> on suomalainen uutta kansanmusiikkia esitt\u00e4v\u00e4 yhtye, jonka kotipaikka on Joensuussa, Pohjois-Karjalassa. Surma hiihti -albumilla yhtye kutsuu kuulijan matkalle it\u00e4suomalaisiin metsiin, suomaisemiin ja loitsuperinteen \u00e4\u00e4relle. Loitsuja on k\u00e4ytetty moniin eri k\u00e4ytt\u00f6tarkoituksiin, muun muassa parantamiseen ja vaaroilta suojautumiseen. Loitsuperinne on ollut vahvaa sek\u00e4 Savossa ett\u00e4 Karjalassa.<\/p>\n<p>Hurja Halla -yhtye sai alkunsa vuonna 2019, kun muusikot <strong>Liisa Haapanen<\/strong> ja <strong>Janne Ojaj\u00e4rvi<\/strong> kokeilivat, miten sello ja pitk\u00e4huilu sointuvat yhteen. Kokeilun my\u00f6t\u00e4 syntyi esikoisalbumi Riitti (2022), joka sai radiosoittoa Euroopassa ja vei kaksikon konserttilavoille Suomessa ja ulkomailla. Kakkosalbumin Surma hiihti my\u00f6t\u00e4 Hurja Halla kasvaa trioksi, kun ly\u00f6m\u00e4soittaja ja laulaja Eve Pietarinen liittyy joukkoon luoden yhtyeen musiikkiin kokonaan uuden, kiehtovan kerroksen.<\/p>\n<p><strong>Liisa Haapanen:<\/strong> viisikielinen sello, munniharppu, laulu<br \/>\n<strong>Janne Ojaj\u00e4rvi:<\/strong> munniharput, pitk\u00e4huilut, sointuhuuliharppu, tinapillit, laulu<br \/>\n<strong>Eve Pietarinen:<\/strong> perkussiot, rummut, laulu<\/p>\n<p><strong>1. Teeren tanssi<\/strong><\/p>\n<!--[if lt IE 9]><script>document.createElement('audio');<\/script><![endif]-->\n<audio class=\"wp-audio-shortcode\" id=\"audio-4112-1\" preload=\"none\" style=\"width: 100%;\" controls=\"controls\"><source type=\"audio\/mpeg\" src=\"https:\/\/etno.net\/wp-content\/uploads\/2025\/08\/01-Teeren-tanssi_etnonet.mp3?_=1\" \/><a href=\"https:\/\/etno.net\/wp-content\/uploads\/2025\/08\/01-Teeren-tanssi_etnonet.mp3\">https:\/\/etno.net\/wp-content\/uploads\/2025\/08\/01-Teeren-tanssi_etnonet.mp3<\/a><\/audio>\n<p>2. Otsoseni ainoiseni<\/p>\n<p>3. Surma hiihti<\/p>\n<p>4. Tuonen neito<\/p>\n<p><strong>5. Pakkanen puhurin poika<\/strong><\/p>\n<audio class=\"wp-audio-shortcode\" id=\"audio-4112-2\" preload=\"none\" style=\"width: 100%;\" controls=\"controls\"><source type=\"audio\/mpeg\" src=\"https:\/\/etno.net\/wp-content\/uploads\/2025\/08\/05-Pakkanen-puhurin-poika_etnonet.mp3?_=2\" \/><a href=\"https:\/\/etno.net\/wp-content\/uploads\/2025\/08\/05-Pakkanen-puhurin-poika_etnonet.mp3\">https:\/\/etno.net\/wp-content\/uploads\/2025\/08\/05-Pakkanen-puhurin-poika_etnonet.mp3<\/a><\/audio>\n<p>6. Suohiisi<\/p>\n<p><strong>7. Mets\u00e4n tyt\u00e4r<\/strong><\/p>\n<audio class=\"wp-audio-shortcode\" id=\"audio-4112-3\" preload=\"none\" style=\"width: 100%;\" controls=\"controls\"><source type=\"audio\/mpeg\" src=\"https:\/\/etno.net\/wp-content\/uploads\/2025\/08\/07-Metsan-tytar_etnonet.mp3?_=3\" \/><a href=\"https:\/\/etno.net\/wp-content\/uploads\/2025\/08\/07-Metsan-tytar_etnonet.mp3\">https:\/\/etno.net\/wp-content\/uploads\/2025\/08\/07-Metsan-tytar_etnonet.mp3<\/a><\/audio>\n<p>8. Virvatuli<\/p>\n<p>9. Pirun polska<\/p>\n<p>10. Lintukoto<\/p>\n<p>&nbsp;<\/p>\n<p>\u00c4\u00e4nitys \/ Recording: <strong>Heikki Marttila<\/strong> (Guru Studio 07\/2024), <strong>Janne Ojaj\u00e4rvi<\/strong> (Kes\u00e4lahti-Seuran Kyllikin talo 12\/2023 &amp; 04\/2024, Helsingin Musiikkitalon studio 07\/2024)<br \/>\nMiksaus \/ Mixing:\u00a0<strong>Vesa Laasanen<\/strong> \/ Goatee Productions<br \/>\nMasterointi \/ Mastering:\u00a0<strong>Jarno Alho\u00a0<\/strong>\/ Alho Audio Mastering<br \/>\nKansitaide, valokuvat ja taitto \/ Cover art, photos and layout:\u00a0<strong>Karoliina Gavrilov<\/strong><br \/>\nTiedottaja \/ Publicity:<strong> Mari P\u00e4\u00e4kk\u00f6nen\u00a0<\/strong>\/ pihla folk<br \/>\nJulkaisija \/ Publisher:\u00a0<strong>Hurja Halla<\/strong><br \/>\nTukijat \/ Supporters: Joensuun kaupunki, Taiteen edist\u00e4miskeskus<\/p>\n<p><strong>Kiitokset \/ Thanks to:<\/strong><br \/>\nAntti Gavrilov, Alec Havinmaa, Tero Hyttinen, Elli Luukkainen, Leila Luukkainen, Riikka Malin, Juhani N\u00e4reharju, Ippa Ojaj\u00e4rvi, Pentti Ojaj\u00e4rvi, Erja P\u00e4tsi, Tellu Turkka, Joensuun kaupunki, Joensuun konservatorio, Kes\u00e4lahti-Seura, Sibelius-Akatemian kansanmusiikin koulutusohjelma, Taiteen edist\u00e4miskeskus<\/p>\n<p>Sibelius-Akatemian kansanmusiikki\u00e4\u00e4nitteit\u00e4 192<br \/>\nSibelius Academy Folk Music Recordings 192<br \/>\nTaideyliopiston Sibelius-Akatemia &#8211; Kansanmusiikki<br \/>\nThe Sibelius Academy of the University of the Arts Helsinki &#8211; Folk Music<\/p>\n","protected":false},"excerpt":{"rendered":"<p>Hurja Halla on suomalainen uutta kansanmusiikkia esitt\u00e4v\u00e4 yhtye, jonka kotipaikka on Joensuussa, Pohjois-Karjalassa. Surma hiihti -albumilla yhtye kutsuu kuulijan matkalle it\u00e4suomalaisiin metsiin, suomaisemiin ja loitsuperinteen \u00e4\u00e4relle. Loitsuja on k\u00e4ytetty moniin eri k\u00e4ytt\u00f6tarkoituksiin, muun muassa parantamiseen ja vaaroilta suojautumiseen. Loitsuperinne on ollut vahvaa sek\u00e4 Savossa ett\u00e4 Karjalassa. Hurja Halla -yhtye sai alkunsa vuonna 2019, kun muusikot [&hellip;]<\/p>\n","protected":false},"featured_media":4116,"comment_status":"closed","ping_status":"closed","template":"","meta":{"_acf_changed":false},"product_brand":[],"product_cat":[65],"product_tag":[],"class_list":{"0":"post-4112","1":"product","2":"type-product","3":"status-publish","4":"has-post-thumbnail","6":"product_cat-aanitteet","8":"first","9":"instock","10":"shipping-taxable","11":"product-type-simple"},"acf":[],"_links":{"self":[{"href":"https:\/\/etno.net\/en\/wp-json\/wp\/v2\/product\/4112","targetHints":{"allow":["GET"]}}],"collection":[{"href":"https:\/\/etno.net\/en\/wp-json\/wp\/v2\/product"}],"about":[{"href":"https:\/\/etno.net\/en\/wp-json\/wp\/v2\/types\/product"}],"replies":[{"embeddable":true,"href":"https:\/\/etno.net\/en\/wp-json\/wp\/v2\/comments?post=4112"}],"wp:featuredmedia":[{"embeddable":true,"href":"https:\/\/etno.net\/en\/wp-json\/wp\/v2\/media\/4116"}],"wp:attachment":[{"href":"https:\/\/etno.net\/en\/wp-json\/wp\/v2\/media?parent=4112"}],"wp:term":[{"taxonomy":"product_brand","embeddable":true,"href":"https:\/\/etno.net\/en\/wp-json\/wp\/v2\/product_brand?post=4112"},{"taxonomy":"product_cat","embeddable":true,"href":"https:\/\/etno.net\/en\/wp-json\/wp\/v2\/product_cat?post=4112"},{"taxonomy":"product_tag","embeddable":true,"href":"https:\/\/etno.net\/en\/wp-json\/wp\/v2\/product_tag?post=4112"}],"curies":[{"name":"wp","href":"https:\/\/api.w.org\/{rel}","templated":true}]}}