{"id":4125,"date":"2025-09-30T11:26:51","date_gmt":"2025-09-30T09:26:51","guid":{"rendered":"https:\/\/etno.net\/?post_type=product&#038;p=4125"},"modified":"2025-09-30T11:27:37","modified_gmt":"2025-09-30T09:27:37","slug":"kolme-esimerkkia-kansanmusiikin-opetuksen-toteutumisesta-musiikin-taiteen-perusopetusta-tarjoavissa-oppilaitoksissa-2020-luvulla","status":"publish","type":"product","link":"https:\/\/etno.net\/en\/julkaisu\/opinnaytteet\/maisteriopinnot\/kolme-esimerkkia-kansanmusiikin-opetuksen-toteutumisesta-musiikin-taiteen-perusopetusta-tarjoavissa-oppilaitoksissa-2020-luvulla","title":{"rendered":"Kolme esimerkki\u00e4 kansanmusiikin opetuksen toteutumisesta musiikin taiteen perusopetusta tarjoavissa oppilaitoksissa 2020-luvulla"},"content":{"rendered":"<h2 style=\"font-weight: 400;\">Tiivistelm\u00e4<\/h2>\n<p style=\"font-weight: 400;\">Tutkielman tavoitteena oli selvitt\u00e4\u00e4 rehtoreiden n\u00e4kemyksi\u00e4 kansanmusiikin ja paikallisen kulttuuriperinn\u00f6n opettamisesta musiikin taiteen perusopetuksessa vuoden 2017 valtakunnallisen opetussuunnitelmauudistuksen j\u00e4lkeen. Uudistuksen my\u00f6t\u00e4 vuoden 2002 opetussuunnitelmassa mainitun musiikillisen kulttuuriperinn\u00f6n opetuksen lis\u00e4ksi opetuksessa tulisi huomioida my\u00f6s paikallisen kulttuuriperinn\u00f6n opetus. Tutkimuskysymykset ovat: 1. Miten taiteen perusopetuksen opetussuunnitelman vuoden 2017 lis\u00e4ykset ja tarkennukset paikallisen kulttuuriperinn\u00f6n ja uudistuvan kulttuuriperinn\u00f6n osalta ovat tulleet huomioiduiksi oppilaitoksissa ja miten niit\u00e4 tulkitaan? 2. Miten edell\u00e4 mainitut muutokset ovat vaikuttaneet opetuksen painotuksiin ja miten muutokset vaikuttavat opetuksen toteutukseen jatkossa? Tutkielma on luonteeltaan kvalitatiivinen, ja sen tarkoituksena oli kartoittaa kolmen taiteen perusopetusta tarjoavan oppilaitoksen rehtorin n\u00e4kemyksi\u00e4 kansanmusiikin opetuksen toteutuksesta omissa oppilaitoksissaan. Lis\u00e4ksi tutkimuksessa ker\u00e4ttiin tietoa kansamusiikin toteutumismuodoista kyseisiss\u00e4 oppilaitoksissa. Aineistonkeruun menetelm\u00e4n\u00e4 k\u00e4ytettiin puolistrukturoituja teemahaastatteluja. Tutkielma nojaa vuosien 2002\u20132017 taiteen perusopetuksen opetussuunnitelmiin ja Suomen allekirjoittamaan Unescon vuoden 2003 yleissopimukseen aineettomasta kulttuuriperinn\u00f6st\u00e4. Kirjallinen aineisto koostuu ajankohtaisista suomalaisista ja kansainv\u00e4lisisist\u00e4 kansanmusiikin ja musiikkikasvatuksen alan julkaisuista vuosilta 2002\u20132024. Tutkimuksellinen viitekehys aiheesta on suppea ja tutkimuksella kannustetaan oppilaitoksia ammentamaan opetukseensa yh\u00e4 enemm\u00e4n vaikutteita Suomen alueen paikallisperinteist\u00e4. Tutkimuksessa selvisi, etteiv\u00e4t vuoden 2017 opetussuunnitelman lis\u00e4ykset vaikuttaneet haastateltavien musiikkiopistojen opetussuunnitelmiin tai koulutuksen toteutukseen merkitt\u00e4v\u00e4sti tai ollenkaan. Musiikkiopistojen opetussuunnitelmat ovat melko yleisluontoiset eik\u00e4 tarkkaa m\u00e4\u00e4ritelm\u00e4\u00e4 kulttuuri- ja paikallisperinteist\u00e4 ole. Oppilaitok sissa pidet\u00e4\u00e4n kuitenkin t\u00e4rke\u00e4n\u00e4 paikallisuutta ja kansanmusiikin opetusta, jota toteutetaan yksil\u00f6- ja ryhm\u00e4opetuksissa. Opettajan roolilla on kansanmusiikin opetuksen toteutuksen kannalta suuri merkitys.<\/p>","protected":false},"excerpt":{"rendered":"<p>Tiivistelm\u00e4 Tutkielman tavoitteena oli selvitt\u00e4\u00e4 rehtoreiden n\u00e4kemyksi\u00e4 kansanmusiikin ja paikallisen kulttuuriperinn\u00f6n opettamisesta musiikin taiteen perusopetuksessa vuoden 2017 valtakunnallisen opetussuunnitelmauudistuksen j\u00e4lkeen. Uudistuksen my\u00f6t\u00e4 vuoden 2002 opetussuunnitelmassa mainitun musiikillisen kulttuuriperinn\u00f6n opetuksen lis\u00e4ksi opetuksessa tulisi huomioida my\u00f6s paikallisen kulttuuriperinn\u00f6n opetus. Tutkimuskysymykset ovat: 1. Miten taiteen perusopetuksen opetussuunnitelman vuoden 2017 lis\u00e4ykset ja tarkennukset paikallisen kulttuuriperinn\u00f6n ja uudistuvan kulttuuriperinn\u00f6n osalta [&hellip;]<\/p>\n","protected":false},"featured_media":0,"comment_status":"closed","ping_status":"closed","template":"","meta":{"_acf_changed":false},"product_brand":[],"product_cat":[81,76],"product_tag":[],"class_list":{"0":"post-4125","1":"product","2":"type-product","3":"status-publish","5":"product_cat-maisteriopinnot","6":"product_cat-opinnaytteet","8":"first","9":"instock","10":"shipping-taxable","11":"product-type-simple"},"acf":[],"_links":{"self":[{"href":"https:\/\/etno.net\/en\/wp-json\/wp\/v2\/product\/4125","targetHints":{"allow":["GET"]}}],"collection":[{"href":"https:\/\/etno.net\/en\/wp-json\/wp\/v2\/product"}],"about":[{"href":"https:\/\/etno.net\/en\/wp-json\/wp\/v2\/types\/product"}],"replies":[{"embeddable":true,"href":"https:\/\/etno.net\/en\/wp-json\/wp\/v2\/comments?post=4125"}],"wp:attachment":[{"href":"https:\/\/etno.net\/en\/wp-json\/wp\/v2\/media?parent=4125"}],"wp:term":[{"taxonomy":"product_brand","embeddable":true,"href":"https:\/\/etno.net\/en\/wp-json\/wp\/v2\/product_brand?post=4125"},{"taxonomy":"product_cat","embeddable":true,"href":"https:\/\/etno.net\/en\/wp-json\/wp\/v2\/product_cat?post=4125"},{"taxonomy":"product_tag","embeddable":true,"href":"https:\/\/etno.net\/en\/wp-json\/wp\/v2\/product_tag?post=4125"}],"curies":[{"name":"wp","href":"https:\/\/api.w.org\/{rel}","templated":true}]}}