{"id":4131,"date":"2025-11-19T13:32:45","date_gmt":"2025-11-19T11:32:45","guid":{"rendered":"https:\/\/etno.net\/?post_type=product&#038;p=4131"},"modified":"2026-04-08T11:34:22","modified_gmt":"2026-04-08T09:34:22","slug":"taide-kulki-lavitseni-monitaiteinen-improvisaatio-muusikkouden-syventajana","status":"publish","type":"product","link":"https:\/\/etno.net\/en\/julkaisu\/opinnaytteet\/taide-kulki-lavitseni-monitaiteinen-improvisaatio-muusikkouden-syventajana","title":{"rendered":"Taide kulki l\u00e4vitseni! Monitaiteinen improvisaatio muusikkouden syvent\u00e4j\u00e4n\u00e4"},"content":{"rendered":"<h2 class=\"p1\">Tiivistelm\u00e4<\/h2>\n<p>T\u00e4m\u00e4 taiteellinen tutkimus k\u00e4sittelee muusikon aistimellisuuden ja kehollisen kokemuksen laajentumista monitaiteisen improvisaation avulla. Tutkin, miten muusikkouteni laajentuessa voin olla entist\u00e4 syvemmin musiikissa el\u00e4v\u00e4 toimija genrest\u00e4 ja kontekstista riippumatta. Tohtorintutkintoni taiteellisissa osioissa olen altistanut itseni muutokselle ja uusille n\u00e4k\u00f6kulmille improvisoimalla esityksiss\u00e4 samanaikaisesti \u00e4\u00e4nt\u00e4 ja kuvaa. Tavoitteena oli havainnoida improvisoivan muusikon luovaa prosessia ja muutoskykyisyyden kasvua niin harjoistustilanteissa kuin yleis\u00f6n l\u00e4sn\u00e4 ollessakin.<\/p>\n<p>Taiteelinen tohtorintutkintoni sis\u00e4lt\u00e4\u00e4 viisi taiteellista osiota eli nelj\u00e4 toteuttamaani esityst\u00e4 &#8221;\u00c4\u00e4nikuva&#8221; (2013), &#8221;Kuvittele \u00e4\u00e4ni!&#8221; (2014), &#8221;Like! Liike!&#8221; (2014), &#8221;Syke!&#8221; (2015), \u00e4\u00e4nitteen &#8221;Synergy&#8221; (2021), produktiosuunnitelman &#8221;Kuule minut &#8211; N\u00e4e minut!&#8221; (2020) sek\u00e4 t\u00e4m\u00e4n kirjallisen tutkielman &#8221;Taide kulki l\u00e4vitseni! Monitaiteinen improvisaatio muusikkouden syvent\u00e4j\u00e4n\u00e4&#8221;.<\/p>\n<p>Tutkimuksen monitaiteisen, prosessuaalisen ty\u00f6skentelyn autoetnografinen kuvaus tuo esiin havaintoja improvisaatioty\u00f6skentelyn luonteesta ja menetelmist\u00e4 sek\u00e4 prosessin vaikutuksesta luovaan ty\u00f6skentelyyn ja itse muusikkouteen. Musiikin improvisaatiotutkimukseen nojaava tutkimus reflektoi improvisoidessa syntyv\u00e4n virtauskokemuksen tasoja Mih\u00e1ly Cs\u00edkszentmih\u00e1lyin flow-k\u00e4sitteen valossa. Tutkimuksen tuloksena on syntynyt flow-k\u00e4sitett\u00e4 syvent\u00e4v\u00e4 &#8221;Keskittymisen tilat V-I&#8221; -n\u00e4k\u00f6kulma. Muusikkol\u00e4ht\u00f6inen tutkimusasetelma nostaa esiin improvisaatioty\u00f6skentelyn merkityksen ja sivuaa my\u00f6s suomalaisten koulutettujen kansanmuusikkojen n\u00e4k\u00f6kulmaa vapaaseen improvisaatioon ja monitaiteisuuteen. Kuvan tekemisen praktiikan keskeinen l\u00e4ht\u00f6kohta on ollut Vedic Art -n\u00e4k\u00f6kulma, josta nousseet kokemukset ja hahmottamisen v\u00e4lineet ovat siirtyneet monitaiteisessa ty\u00f6skentelyss\u00e4 my\u00f6s musiikilliseen improvisaatioon.<\/p>\n<p>Monitaiteisen improvisaation harjoittaminen voi syvent\u00e4\u00e4 tutkimuksen perusteella muusikon aistimellista kokemusta ja ilmaisullista rohkeutta sek\u00e4 lis\u00e4\u00e4 l\u00e4sn\u00e4olon kyky\u00e4 ja resilienssi\u00e4 my\u00f6s pelk\u00e4st\u00e4\u00e4n musiikin parissa teht\u00e4v\u00e4ss\u00e4 ty\u00f6skentelyss\u00e4. Muusikon luova praktiikka voi laajentua oleellisesti altistamalla se monitaiteiseen vuoropuheluun.<\/p>\n<p><strong>Avainsanat:<\/strong> Improvisaatio, luova muusikkous, monitaide, flow, luova prosessi, muusikon kehollinen kokemus, muutoskykyisyys, Vedic Art, taiteellinen tutkimus<\/p>","protected":false},"excerpt":{"rendered":"<p><a href=\"https:\/\/etno.net\/wp-content\/uploads\/2025\/11\/Sariola-Soila_Taidekulki-lavitseni-Monitaiteinen-improvisaatio-muusikkouden-syventajana_KOR.pdf\" target=\"_blank\" rel=\"noopener\">Taide kulki l\u00e4vitseni! Monitaiteinen improvisaatio muusikkouden syvent\u00e4j\u00e4n\u00e4<\/a> (PDF)<\/p>\n<p>Taideyliopiston Sibelius-Akatemia, Helsinki<br \/>\nTaiteellisen tohtorintutkinnon tutkielma<br \/>\nKansanmusiikin aineryhm\u00e4<br \/>\nMuTri-tohtorikoulu 2025<\/p>\n<p>EST 92<br \/>\nISSN (PDF): ISSN 2489-7981<br \/>\nISSN (painettu): ISSN 1237-4229<\/p>\n<p>ISBN (PDF): ISBN 978-952-329-399-1<br \/>\nISBN (painettu): ISBN 978-952-329-400-4<\/p>\n<p>Sibelius-Akatemian kansanmusiikkijulkaisuja 42<br \/>\nISSN (PDF): ISSN 2489-8163<br \/>\nISSN (painettu): ISSN 2242-8054<\/p>","protected":false},"featured_media":4132,"comment_status":"closed","ping_status":"closed","template":"","meta":{"_acf_changed":false},"product_brand":[],"product_cat":[76,15,84,78],"product_tag":[],"class_list":{"0":"post-4131","1":"product","2":"type-product","3":"status-publish","4":"has-post-thumbnail","6":"product_cat-opinnaytteet","7":"product_cat-kirjat","8":"product_cat-tutkielmat","9":"product_cat-tohtoriopinnot","11":"first","12":"instock","13":"shipping-taxable","14":"product-type-simple"},"acf":[],"_links":{"self":[{"href":"https:\/\/etno.net\/en\/wp-json\/wp\/v2\/product\/4131","targetHints":{"allow":["GET"]}}],"collection":[{"href":"https:\/\/etno.net\/en\/wp-json\/wp\/v2\/product"}],"about":[{"href":"https:\/\/etno.net\/en\/wp-json\/wp\/v2\/types\/product"}],"replies":[{"embeddable":true,"href":"https:\/\/etno.net\/en\/wp-json\/wp\/v2\/comments?post=4131"}],"wp:featuredmedia":[{"embeddable":true,"href":"https:\/\/etno.net\/en\/wp-json\/wp\/v2\/media\/4132"}],"wp:attachment":[{"href":"https:\/\/etno.net\/en\/wp-json\/wp\/v2\/media?parent=4131"}],"wp:term":[{"taxonomy":"product_brand","embeddable":true,"href":"https:\/\/etno.net\/en\/wp-json\/wp\/v2\/product_brand?post=4131"},{"taxonomy":"product_cat","embeddable":true,"href":"https:\/\/etno.net\/en\/wp-json\/wp\/v2\/product_cat?post=4131"},{"taxonomy":"product_tag","embeddable":true,"href":"https:\/\/etno.net\/en\/wp-json\/wp\/v2\/product_tag?post=4131"}],"curies":[{"name":"wp","href":"https:\/\/api.w.org\/{rel}","templated":true}]}}