{"id":4219,"date":"2026-02-26T14:03:51","date_gmt":"2026-02-26T12:03:51","guid":{"rendered":"https:\/\/etno.net\/?post_type=product&#038;p=4219"},"modified":"2026-02-26T14:03:51","modified_gmt":"2026-02-26T12:03:51","slug":"savyjen-maailma-viulun-laajennetut-soittotekniikat-improvisoivan-kansanmuusikon-tyokaluina","status":"publish","type":"product","link":"https:\/\/etno.net\/en\/julkaisu\/opinnaytteet\/savyjen-maailma-viulun-laajennetut-soittotekniikat-improvisoivan-kansanmuusikon-tyokaluina","title":{"rendered":"S\u00e4vyjen maailma \u2013 Viulun laajennetut soittotekniikat improvisoivan kansanmuusikon ty\u00f6kaluina"},"content":{"rendered":"<h2><strong>Johdanto<\/strong><\/h2>\n<p>Maisterintutkintoni opinn\u00e4ytteeseen kuuluu sek\u00e4 kirjallinen ett\u00e4 taiteellinen osio, ja halusin kirjoittaa kirjallisen maisterity\u00f6ni aiheesta, joka liittyisi jollakin tavalla maisterikonserttiini. Mik\u00e4 olisi yhdist\u00e4v\u00e4 tekij\u00e4 konsertissani, jossa esit\u00e4n s\u00e4velt\u00e4mi\u00e4ni viululauluja ja sooloviuluimprovisaatiota? Kun mietin omaa soittotyyli\u00e4ni, keskeisimm\u00e4ksi asiaksi nousi laajennettujen soittotekniikoiden k\u00e4ytt\u00f6. Aihe my\u00f6s kiinnostaa minua, ja viulun laajennetuista soittotekniikoista on kirjoitettu v\u00e4h\u00e4n suomeksi ja viel\u00e4 v\u00e4hemm\u00e4n kansanmusiikin n\u00e4k\u00f6kulmasta. Niinp\u00e4 p\u00e4\u00e4dyin tutkimaan laajennettuja soittotekniikoita ja sit\u00e4, miten ne esiintyv\u00e4t omassa soitossani. Tutkin soittotekniikoita maisterikonserttiini liittyv\u00e4n harjoitteluprosessin aikana, ja t\u00e4h\u00e4n ty\u00f6h\u00f6n sis\u00e4ltyy liitteen\u00e4 esimerkkivideoita improvisaation harjoittelemisesta. Miten viulun sointia voi muuttaa laajennetuilla soittotekniikoilla? Miten laajennettuja soittotekniikoita voi hy\u00f6dynt\u00e4\u00e4 kansanmusiikissa?<\/p>\n<p>Tutkimuksessani on olennaista muusikkol\u00e4ht\u00f6isyys, sill\u00e4 sanallistan omaa kokemusper\u00e4ist\u00e4 tietoani laajennettuja soittotekniikoita hy\u00f6dynt\u00e4v\u00e4n\u00e4 kansanmusiikkiviulistina. Ty\u00f6ni kytkeytyy taiteellisen tutkimuksen viitekehykseen, jossa tutkijan t\u00e4ytyy tehd\u00e4 paljon ty\u00f6t\u00e4 omaan praktiikkaansa sis\u00e4ltyv\u00e4n tiedon tunnistamiseksi. Taiteellisesta tutkimuksesta l\u00f6ytyy monenlaisia tutkimisen v\u00e4lineit\u00e4. Tutkimusta voi tehd\u00e4 esimerkiksi kokemalla, tekem\u00e4ll\u00e4, havainnoimalla ja tallentamalla erilaisia materiaaleja. (Gr\u00f6ndahl 2023.)<\/p>\n<p>T\u00e4ss\u00e4 ty\u00f6ss\u00e4 keskityn maisterikonserttini ohjelmistoon ja erityisesti konsertin improvisaatio-osuuksien harjoitteluprosessiin. Maisterikonserttini Joka kev\u00e4t on ainoa kev\u00e4t pidettiin Helsingiss\u00e4, Musiikkitalon Black Boxissa 12.11.2025. Konsertti koostui s\u00e4velt\u00e4mist\u00e4ni viululaulukappaleista ja niiden v\u00e4leihin sijoittuvista improvisaatio- osuuksista, joissa soitin, lauloin ja liikuin. Tavoitteenani oli luoda taiteellinen kokonaisuus, joka vahvistaisi soolomuusikon identiteetti\u00e4ni ja haastaisi minut s\u00e4velt\u00e4m\u00e4\u00e4n musiikkia vain itselleni. Konsertti my\u00f6s yhdisti monet erilaiset muusikon puoleni yhdist\u00e4m\u00e4ll\u00e4 viululaulus\u00e4vellyksi\u00e4 improvisaatioon ja liikkeeseen.<\/p>\n<p>Dokumentoin improvisaation harjoitteluprosessiani nelj\u00e4lle videolle tammikuusta 2025 kes\u00e4kuuhun 2025, ja t\u00e4t\u00e4 ty\u00f6t\u00e4 varten analysoin n\u00e4ilt\u00e4 dokumentaatioilta havaitsemiani soittotekniikoita. Improvisaatioita harjoitellessani tavoitteenani oli luoda mahdollisimman erilaisia improvisaatioita ja etsi\u00e4 erilaisia s\u00e4vyj\u00e4 viulustani erilaisten tekniikkojen avulla. Kokeilin my\u00f6s viulussa erilaisia vireit\u00e4, ja t\u00e4m\u00e4 l\u00e4ht\u00f6kohta osoittautui inspiroivaksi l\u00e4ht\u00f6kohdaksi improvisaatiolle. Sivuan ty\u00f6ss\u00e4ni my\u00f6s viululaulus\u00e4vellyksiss\u00e4ni k\u00e4ytt\u00e4mi\u00e4ni laajennettuja soittotekniikoita, mutta p\u00e4\u00e4painoni t\u00e4ss\u00e4 ty\u00f6ss\u00e4 on improvisaatiossa k\u00e4ytt\u00e4mill\u00e4ni tekniikoilla.<\/p>\n<p>Kansanmusiikin taiteellisista tutkijoista improvisaatiota eri n\u00e4k\u00f6kulmista ovat k\u00e4sitelleet esimerkiksi Pauliina Syrj\u00e4l\u00e4 (2020), Emilia Lajunen (2023) sek\u00e4 Arja Kastinen (2022). Laajennettuja soittotekniikkoja taas k\u00e4sittelee Antti Paalanen (2015) monimediaisessa tohtorinty\u00f6ss\u00e4\u00e4n Palkeen kieli \u2013 Vaihto\u00e4\u00e4nisen haitarin paljerytmiikka s\u00e4vellysty\u00f6ss\u00e4. Viulun laajennetuista soittotekniikoista ei ole tehty Suomessa aiemmin tutkimusta kansanmusiikin viitekehyksess\u00e4.<\/p>\n<p>Prosessin aikana opin sanallistamaan k\u00e4ytt\u00e4mi\u00e4ni tekniikoita ja asettamaan ne laajempaan viitekehykseen. Syventym\u00e4ll\u00e4 kokeellisen viulismin kentt\u00e4\u00e4n ja analysoimalla muiden viulistien k\u00e4ytt\u00e4mi\u00e4 soittotekniikoita sain vahvistusta omalle taiteelliselle identiteetilleni.<\/p>\n<p>Kokeellista musiikkia ja ep\u00e4konventionaalisia soittotekniikoita esitt\u00e4ess\u00e4 kohtaa toisinaan kyseenalaistamista sek\u00e4 ulkoa ett\u00e4 sis\u00e4istettyn\u00e4: Onko t\u00e4m\u00e4 oikeaa musiikkia? Voiko t\u00e4llaista edes esitt\u00e4\u00e4? Pit\u00e4\u00e4k\u00f6 viulun kuulostaa aina ehe\u00e4lt\u00e4 ja kauniilta? Mik\u00e4 on kaunista ja mik\u00e4 rumaa? Muun muassa t\u00e4llaisia kysymyksi\u00e4 olen py\u00f6ritellyt mieless\u00e4ni jo pitk\u00e4\u00e4n. T\u00e4ss\u00e4 ty\u00f6ss\u00e4 en l\u00e4hde sen kummemmin arvottamaan minun ja muiden kokeellisten viulistien tuottamia \u00e4\u00e4ni\u00e4, eik\u00e4 niit\u00e4 mielest\u00e4ni pit\u00e4isik\u00e4\u00e4n arvottaa. Kaunis ja ruma ovat subjektiivisia k\u00e4sitteit\u00e4 ja paljon kiinnostavampaa on keskitty\u00e4 esimerkiksi siihen, millaisia vaikutelmia ja maailmoja erilaisilla soittotekniikoilla voi luoda.<\/p>\n<p>Taideyliopiston Sibelius-Akatemian kansanmusiikin koulutusohjelmassa on ollut paljon tilaa omille kokeiluille ja se on ollut osa koulutusohjelman pedagogiikkaa jo aivan kansanmusiikin osaston alkuajoista 1980-luvulta asti. Emeritusprofessori Heikki<\/p>\n<p>Laitisen (1997) mukaan kansanmusiikin muusikkoihanteena on esiintyv\u00e4, s\u00e4velt\u00e4v\u00e4, luova ja persoonallinen muusikko. Laitinen korostaa my\u00f6s improvisaation t\u00e4rkeytt\u00e4 muusikon identiteetin luomisessa: \u201dOnko t\u00e4m\u00e4kin kansanmusiikkia? kyselee moni. Tietenkin on, vastaavat tekij\u00e4t. Tai ainakin musiikkia: onko muulla v\u00e4li\u00e4?\u201d (Laitinen 1997 [2003], 347.)<\/p>\n","protected":false},"excerpt":{"rendered":"<p>Johdanto Maisterintutkintoni opinn\u00e4ytteeseen kuuluu sek\u00e4 kirjallinen ett\u00e4 taiteellinen osio, ja halusin kirjoittaa kirjallisen maisterity\u00f6ni aiheesta, joka liittyisi jollakin tavalla maisterikonserttiini. Mik\u00e4 olisi yhdist\u00e4v\u00e4 tekij\u00e4 konsertissani, jossa esit\u00e4n s\u00e4velt\u00e4mi\u00e4ni viululauluja ja sooloviuluimprovisaatiota? Kun mietin omaa soittotyyli\u00e4ni, keskeisimm\u00e4ksi asiaksi nousi laajennettujen soittotekniikoiden k\u00e4ytt\u00f6. Aihe my\u00f6s kiinnostaa minua, ja viulun laajennetuista soittotekniikoista on kirjoitettu v\u00e4h\u00e4n suomeksi ja viel\u00e4 [&hellip;]<\/p>\n","protected":false},"featured_media":0,"comment_status":"closed","ping_status":"closed","template":"","meta":{"_acf_changed":false},"product_brand":[],"product_cat":[76,81],"product_tag":[],"class_list":{"0":"post-4219","1":"product","2":"type-product","3":"status-publish","5":"product_cat-opinnaytteet","6":"product_cat-maisteriopinnot","8":"first","9":"instock","10":"shipping-taxable","11":"product-type-simple"},"acf":[],"_links":{"self":[{"href":"https:\/\/etno.net\/en\/wp-json\/wp\/v2\/product\/4219","targetHints":{"allow":["GET"]}}],"collection":[{"href":"https:\/\/etno.net\/en\/wp-json\/wp\/v2\/product"}],"about":[{"href":"https:\/\/etno.net\/en\/wp-json\/wp\/v2\/types\/product"}],"replies":[{"embeddable":true,"href":"https:\/\/etno.net\/en\/wp-json\/wp\/v2\/comments?post=4219"}],"wp:attachment":[{"href":"https:\/\/etno.net\/en\/wp-json\/wp\/v2\/media?parent=4219"}],"wp:term":[{"taxonomy":"product_brand","embeddable":true,"href":"https:\/\/etno.net\/en\/wp-json\/wp\/v2\/product_brand?post=4219"},{"taxonomy":"product_cat","embeddable":true,"href":"https:\/\/etno.net\/en\/wp-json\/wp\/v2\/product_cat?post=4219"},{"taxonomy":"product_tag","embeddable":true,"href":"https:\/\/etno.net\/en\/wp-json\/wp\/v2\/product_tag?post=4219"}],"curies":[{"name":"wp","href":"https:\/\/api.w.org\/{rel}","templated":true}]}}