{"id":805,"date":"2020-10-16T08:53:21","date_gmt":"2020-10-16T06:53:21","guid":{"rendered":"https:\/\/etno.net\/?post_type=product&#038;p=805"},"modified":"2022-08-19T18:51:35","modified_gmt":"2022-08-19T16:51:35","slug":"kaivo","status":"publish","type":"product","link":"https:\/\/etno.net\/en\/julkaisu\/aanitteet\/kaivo","title":{"rendered":"Freija: Kaivo"},"content":{"rendered":"<p>Balladeja rakkaudesta ja kuolemasta, sortuvista sankareista ja traagisista tapahtumista.<br \/>\nBallads about love and death, fallen heroes and tragical events.<\/p>\n<p>\u00c4\u00e4nitys\u00a0<strong>Marko My\u00f6h\u00e4nen<\/strong>, Kallio-Kuninkala, Sibelius-Akatemia 2017-18<br \/>\n\u00c4\u00e4nitys ja miksaus\u00a0<strong>Matti Laitinen<\/strong>, PopKammari 2018-19<br \/>\nMasterointi\u00a0<strong>Minerva Pappi<\/strong>, Waudio<br \/>\nGraafinen suunnittelija\u00a0<strong>Jimmy Tr\u00e4skelin<\/strong><br \/>\nLogo (Freija)\u00a0<strong>Tiina Uusitalo<\/strong><br \/>\nJakelija Freija Musiikki Oy, freija@freija.fi<\/p>\n<p>Sanoitukset ja s\u00e4vellykset Maija Karhinen-Ilo, paitsi 7. s\u00e4v. trad. GB<br \/>\n(3. k\u00e4\u00e4nn\u00f6s trad. USA 7. trad. pohjalta uudelleen kirjoitettu GB &amp; FIN)<\/p>\n<p>Sovitukset Freija<\/p>\n<h3>Muusikot:<\/h3>\n<p><strong>Maija Karhinen-Ilo\u00a0<\/strong>laulu, harmonikka, kitara, piano, nokkahuilu<br \/>\n<strong>Arto Anttila\u00a0<\/strong>basso, laulu<br \/>\n<strong>Matti Laitinen\u00a0<\/strong>kitarat, mandoliini, laulu<br \/>\n<strong>Lassi Logr\u00e9n<\/strong>\u00a0viulu, nyckelharpa, laulu<br \/>\n<strong>Jakke Saarinen\u00a0<\/strong>rummut<\/p>\n<p>1. Viihdet\u00e4hti<br \/>\n<strong>2. Marjukka<\/strong><\/p>\n<!--[if lt IE 9]><script>document.createElement('audio');<\/script><![endif]-->\n<audio class=\"wp-audio-shortcode\" id=\"audio-805-1\" preload=\"none\" style=\"width: 100%;\" controls=\"controls\"><source type=\"audio\/mpeg\" src=\"https:\/\/etno.net\/wp-content\/uploads\/2020\/10\/2-Marjukka.mp3?_=1\" \/><a href=\"https:\/\/etno.net\/wp-content\/uploads\/2020\/10\/2-Marjukka.mp3\">https:\/\/etno.net\/wp-content\/uploads\/2020\/10\/2-Marjukka.mp3<\/a><\/audio>\n<p>3. Tuulia<br \/>\n<strong>4. Toinen Nainen<\/strong><\/p>\n<audio class=\"wp-audio-shortcode\" id=\"audio-805-2\" preload=\"none\" style=\"width: 100%;\" controls=\"controls\"><source type=\"audio\/mpeg\" src=\"https:\/\/etno.net\/wp-content\/uploads\/2020\/10\/4-Toinen-Nainen-1.mp3?_=2\" \/><a href=\"https:\/\/etno.net\/wp-content\/uploads\/2020\/10\/4-Toinen-Nainen-1.mp3\">https:\/\/etno.net\/wp-content\/uploads\/2020\/10\/4-Toinen-Nainen-1.mp3<\/a><\/audio>\n<p>5. Malesian Mysteerikone<br \/>\n6. Kaivo<br \/>\n<strong>7. Vilhelmin Haamu<\/strong><\/p>\n<audio class=\"wp-audio-shortcode\" id=\"audio-805-3\" preload=\"none\" style=\"width: 100%;\" controls=\"controls\"><source type=\"audio\/mpeg\" src=\"https:\/\/etno.net\/wp-content\/uploads\/2020\/10\/7-Vilhelmin-Haamu.mp3?_=3\" \/><a href=\"https:\/\/etno.net\/wp-content\/uploads\/2020\/10\/7-Vilhelmin-Haamu.mp3\">https:\/\/etno.net\/wp-content\/uploads\/2020\/10\/7-Vilhelmin-Haamu.mp3<\/a><\/audio>\n<p>8. Laulu Balladista<\/p>\n","protected":false},"excerpt":{"rendered":"<p>Balladeja rakkaudesta ja kuolemasta, sortuvista sankareista ja traagisista tapahtumista. Ballads about love and death, fallen heroes and tragical events. \u00c4\u00e4nitys\u00a0Marko My\u00f6h\u00e4nen, Kallio-Kuninkala, Sibelius-Akatemia 2017-18 \u00c4\u00e4nitys ja miksaus\u00a0Matti Laitinen, PopKammari 2018-19 Masterointi\u00a0Minerva Pappi, Waudio Graafinen suunnittelija\u00a0Jimmy Tr\u00e4skelin Logo (Freija)\u00a0Tiina Uusitalo Jakelija Freija Musiikki Oy, freija@freija.fi Sanoitukset ja s\u00e4vellykset Maija Karhinen-Ilo, paitsi 7. s\u00e4v. trad. GB (3. [&hellip;]<\/p>\n","protected":false},"featured_media":806,"comment_status":"closed","ping_status":"closed","template":"","meta":{"_acf_changed":false},"product_brand":[],"product_cat":[65],"product_tag":[],"class_list":{"0":"post-805","1":"product","2":"type-product","3":"status-publish","4":"has-post-thumbnail","6":"product_cat-aanitteet","8":"first","9":"instock","10":"shipping-taxable","11":"product-type-simple"},"acf":[],"_links":{"self":[{"href":"https:\/\/etno.net\/en\/wp-json\/wp\/v2\/product\/805","targetHints":{"allow":["GET"]}}],"collection":[{"href":"https:\/\/etno.net\/en\/wp-json\/wp\/v2\/product"}],"about":[{"href":"https:\/\/etno.net\/en\/wp-json\/wp\/v2\/types\/product"}],"replies":[{"embeddable":true,"href":"https:\/\/etno.net\/en\/wp-json\/wp\/v2\/comments?post=805"}],"wp:featuredmedia":[{"embeddable":true,"href":"https:\/\/etno.net\/en\/wp-json\/wp\/v2\/media\/806"}],"wp:attachment":[{"href":"https:\/\/etno.net\/en\/wp-json\/wp\/v2\/media?parent=805"}],"wp:term":[{"taxonomy":"product_brand","embeddable":true,"href":"https:\/\/etno.net\/en\/wp-json\/wp\/v2\/product_brand?post=805"},{"taxonomy":"product_cat","embeddable":true,"href":"https:\/\/etno.net\/en\/wp-json\/wp\/v2\/product_cat?post=805"},{"taxonomy":"product_tag","embeddable":true,"href":"https:\/\/etno.net\/en\/wp-json\/wp\/v2\/product_tag?post=805"}],"curies":[{"name":"wp","href":"https:\/\/api.w.org\/{rel}","templated":true}]}}