{"id":849,"date":"2020-10-19T09:59:42","date_gmt":"2020-10-19T07:59:42","guid":{"rendered":"https:\/\/etno.net\/?post_type=product&#038;p=849"},"modified":"2021-11-12T09:43:02","modified_gmt":"2021-11-12T07:43:02","slug":"vilda-vildaluodda-wildprint","status":"publish","type":"product","link":"https:\/\/etno.net\/en\/julkaisu\/aanitteet\/vilda-vildaluodda-wildprint","title":{"rendered":"VILD\u00c1: Vildaluodda \/ Wildprint"},"content":{"rendered":"<div class=\"field field-name-body field-type-text-with-summary field-label-hidden\">\n<div class=\"field-items\">\n<div class=\"field-item even\">\n<p>Arctic fells, frosty winds, wide waters and deep forests. That is our home \u2013 the North. For us it is the birthplace of our attitude as well as many many memories, a source of inspiration, stories and tradtition, a vast playground full of endless trails to travel. Wild and fascinating! Yet it is also the place where we feel the most safe and rooted. When we decided to set off on an adventure together as VILD\u00c1, we would never guess what an exciting journey begun. We have discovered, felt and experienced together. And as we stroll around the musical wilderness, we are leaving behind a trace like any other creature or being on this planet \u2013 it looks like a wildprint.<\/p>\n<\/div>\n<\/div>\n<\/div>\n<div class=\"field field-name-field-kamucd-teknikot field-type-text-long field-label-hidden\">\n<div class=\"field-items\">\n<div class=\"field-item even\">\n<p>Recorded at Helsinki Music Center studio 2018-2019 by\u00a0<strong>Tuomas Haimakainen<\/strong><br \/>\nEdited and mixed by\u00a0<strong>Tuomas Haimakainen, Venla Ilona Blom<\/strong>\u00a0and\u00a0<strong>Viivi Maria Saarenkyl\u00e4<\/strong><br \/>\nProduced by VILD\u00c1<br \/>\nArtistic producer\u00a0<strong>Venla Ilona Blom<\/strong><br \/>\nMastered by\u00a0<strong>Jaakko Viital\u00e4hde<\/strong>\u00a0at Virtal\u00e4hde Mastering<br \/>\nArtwork and layout by\u00a0<strong>Jimmy Tr\u00e4skelin<\/strong>\u00a0\/ JRobert Design<br \/>\nPhotos by\u00a0<strong>Joanna Suomalainen<\/strong><br \/>\nLyrics translated by Saami by\u00a0<strong>Pekka Sammallahti<\/strong>\u00a0\/ S\u00e1mi Dekstor<br \/>\nExecutive producer\u00a0<strong>Jyri Lehtonen<\/strong>\u00a0\/ Bafe&#8217;s Factory<\/p>\n<p>\u00a9 &amp; \u2117 MBA030 Bafe&#8217;s Factory \/ LC14502, NN128 Nordic Notes 2019. All rights reserved.<br \/>\nISRC FIMBA1900013 ~ 00022<\/p>\n<p>Sibelius Academy Folk Music Recordings 172<br \/>\nThe Sibelius Academy of the University of the Arts Helsinki &#8211; Folk Music<br \/>\nwww.uniarts.fi\/siba\/kansanmusiikki<\/p>\n<p>For more information contact:<br \/>\nwww.bafesfactory.fi\/vilda and www.facebook.com\/duovilda<\/p>\n<\/div>\n<\/div>\n<\/div>\n<div class=\"field field-name-field-kamucd-yht-kokoonpano field-type-text-long field-label-inline clearfix\">\n<div class=\"field-label\">Muusikot:<\/div>\n<div class=\"field-items\">\n<div class=\"field-item even\">\n<p><strong>Hild\u00e1 L\u00e4nsman<\/strong>\u00a0vocals, joik, drum<br \/>\n<strong>Viivi Maria Saarenkyl\u00e4<\/strong>\u00a0accordion, backing vocals<br \/>\n<strong>Niillas Holmberg<\/strong>\u00a0backing vocals (1)<br \/>\n<strong>Venla Ilona Blom<\/strong>\u00a0beatboxing (5) and backing vocals (2 &amp; 9)<br \/>\n<strong>Mikko Heikinpoika<\/strong>\u00a0Neuvonen throat singing and backing vocals (1 &amp; 5)<br \/>\n<strong>Stiliana Ravelska<\/strong>\u00a0Tyrkk\u00f6 violin &amp; viola (3) and backing vocals (5)<br \/>\n<strong>Christopher Rodulfo<\/strong>\u00a0calabash &amp; hand clapping (10) and backing vocals (5)<br \/>\n<strong>Nathan Riki Thomson<\/strong>\u00a0hand clapping (10)<br \/>\n<strong>Mikko Renfors<\/strong>\u00a0programming (9)<\/p>\n<p><strong>1. Sk\u00e1llov\u00e1rri<\/strong><\/p>\n<!--[if lt IE 9]><script>document.createElement('audio');<\/script><![endif]-->\n<audio class=\"wp-audio-shortcode\" id=\"audio-849-1\" preload=\"none\" style=\"width: 100%;\" controls=\"controls\"><source type=\"audio\/mpeg\" src=\"https:\/\/etno.net\/wp-content\/uploads\/2020\/10\/1_skallovarri_etnonet.mp3?_=1\" \/><a href=\"https:\/\/etno.net\/wp-content\/uploads\/2020\/10\/1_skallovarri_etnonet.mp3\">https:\/\/etno.net\/wp-content\/uploads\/2020\/10\/1_skallovarri_etnonet.mp3<\/a><\/audio>\n<p>2. M\u00e4kr\u00e4vaaran \u00e4ij\u00f6 \/ The Old Man of the M\u00e4kr\u00e4 Hill<\/p>\n<p>3. Muittut \/ Memories<\/p>\n<p>4. Talvisalo \/ Winter Woods<\/p>\n<p><strong>5. Utsjoki-disko<\/strong><\/p>\n<audio class=\"wp-audio-shortcode\" id=\"audio-849-2\" preload=\"none\" style=\"width: 100%;\" controls=\"controls\"><source type=\"audio\/mpeg\" src=\"https:\/\/etno.net\/wp-content\/uploads\/2020\/10\/5_utsjoki-disko_etnonet.mp3?_=2\" \/><a href=\"https:\/\/etno.net\/wp-content\/uploads\/2020\/10\/5_utsjoki-disko_etnonet.mp3\">https:\/\/etno.net\/wp-content\/uploads\/2020\/10\/5_utsjoki-disko_etnonet.mp3<\/a><\/audio>\n<p>6. Haavoittuvaisille \/ For the Vulnerable<\/p>\n<p>7. Beana ciell\u00e1 \/ The Dog Barks<\/p>\n<p>8. Goaskinviellja \/ Eagle Brother<\/p>\n<p>9. Beaivvi M\u00e1n\u00e1t \/ Children of the Sun<\/p>\n<p><strong>10. Vildaluodda \/ Wildprint3<\/strong><\/p>\n<audio class=\"wp-audio-shortcode\" id=\"audio-849-3\" preload=\"none\" style=\"width: 100%;\" controls=\"controls\"><source type=\"audio\/mpeg\" src=\"https:\/\/etno.net\/wp-content\/uploads\/2020\/10\/10_vildaluodda_etnonet.mp3?_=3\" \/><a href=\"https:\/\/etno.net\/wp-content\/uploads\/2020\/10\/10_vildaluodda_etnonet.mp3\">https:\/\/etno.net\/wp-content\/uploads\/2020\/10\/10_vildaluodda_etnonet.mp3<\/a><\/audio>\n<\/div>\n<\/div>\n<\/div>\n","protected":false},"excerpt":{"rendered":"<p>Arctic fells, frosty winds, wide waters and deep forests. That is our home \u2013 the North. For us it is the birthplace of our attitude as well as many many memories, a source of inspiration, stories and tradtition, a vast playground full of endless trails to travel. Wild and fascinating! Yet it is also the [&hellip;]<\/p>\n","protected":false},"featured_media":850,"comment_status":"closed","ping_status":"closed","template":"","meta":{"_acf_changed":false},"product_brand":[],"product_cat":[65],"product_tag":[],"class_list":{"0":"post-849","1":"product","2":"type-product","3":"status-publish","4":"has-post-thumbnail","6":"product_cat-aanitteet","8":"first","9":"instock","10":"shipping-taxable","11":"product-type-simple"},"acf":[],"_links":{"self":[{"href":"https:\/\/etno.net\/en\/wp-json\/wp\/v2\/product\/849","targetHints":{"allow":["GET"]}}],"collection":[{"href":"https:\/\/etno.net\/en\/wp-json\/wp\/v2\/product"}],"about":[{"href":"https:\/\/etno.net\/en\/wp-json\/wp\/v2\/types\/product"}],"replies":[{"embeddable":true,"href":"https:\/\/etno.net\/en\/wp-json\/wp\/v2\/comments?post=849"}],"wp:featuredmedia":[{"embeddable":true,"href":"https:\/\/etno.net\/en\/wp-json\/wp\/v2\/media\/850"}],"wp:attachment":[{"href":"https:\/\/etno.net\/en\/wp-json\/wp\/v2\/media?parent=849"}],"wp:term":[{"taxonomy":"product_brand","embeddable":true,"href":"https:\/\/etno.net\/en\/wp-json\/wp\/v2\/product_brand?post=849"},{"taxonomy":"product_cat","embeddable":true,"href":"https:\/\/etno.net\/en\/wp-json\/wp\/v2\/product_cat?post=849"},{"taxonomy":"product_tag","embeddable":true,"href":"https:\/\/etno.net\/en\/wp-json\/wp\/v2\/product_tag?post=849"}],"curies":[{"name":"wp","href":"https:\/\/api.w.org\/{rel}","templated":true}]}}