{"id":877,"date":"2020-10-20T10:47:52","date_gmt":"2020-10-20T08:47:52","guid":{"rendered":"https:\/\/etno.net\/?post_type=product&#038;p=877"},"modified":"2021-12-23T15:01:09","modified_gmt":"2021-12-23T13:01:09","slug":"eri-esittajia-kuulas-hetki","status":"publish","type":"product","link":"https:\/\/etno.net\/en\/julkaisu\/aanitteet\/eri-esittajia-kuulas-hetki","title":{"rendered":"Eri esitt\u00e4ji\u00e4: Kuulas hetki"},"content":{"rendered":"<p><strong>1. Krapulakatrilli<\/strong><\/p>\n<!--[if lt IE 9]><script>document.createElement('audio');<\/script><![endif]-->\n<audio class=\"wp-audio-shortcode\" id=\"audio-877-1\" preload=\"none\" style=\"width: 100%;\" controls=\"controls\"><source type=\"audio\/mpeg\" src=\"https:\/\/etno.net\/wp-content\/uploads\/2020\/10\/etn_fcd_001_001_sou_001_prv.mp3?_=1\" \/><a href=\"https:\/\/etno.net\/wp-content\/uploads\/2020\/10\/etn_fcd_001_001_sou_001_prv.mp3\">https:\/\/etno.net\/wp-content\/uploads\/2020\/10\/etn_fcd_001_001_sou_001_prv.mp3<\/a><\/audio>\n<p>S\u00e4v. Pekka Pentik\u00e4inen, sov. Sinikka Kontio, Jouko Kyh\u00e4l\u00e4, Markku Lepist\u00f6, Marianne Maans, Pekka Pentik\u00e4inen, Antti Soininen, Mika Uimonen.<\/p>\n<p>Konstailematonta ja tormakkaa pelimannisoitantaa.<\/p>\n<p>Sinikka Kontio: mandoliini<br \/>\nJouko Kyh\u00e4l\u00e4: kitara<br \/>\nMarkku Lepist\u00f6: 2-rivinen hanuri<br \/>\nMarianne Maans: viulu<br \/>\nPekka Pentik\u00e4inen: 2-rivinen hanuri<br \/>\nAntti Soininen: viulu<br \/>\nMika Uimonen: basso<\/p>\n<p><strong>2. Gogo Tatu<\/strong><\/p>\n<p>S\u00e4v. Kimmo Pohjonen, sov. Arto J\u00e4rvel\u00e4, Kimmo Pohjonen.<\/p>\n<p>Tansanialaisen Gogo-heimon musiikin innoittamana syntynyt s\u00e4vellys.<\/p>\n<p>Arto J\u00e4rvel\u00e4: nyckelharpa ja laulu<br \/>\nKimmo Pohjonen: gogo marimba (sormipiano) ja laulu<\/p>\n<p><strong>3. Kahman Anti<\/strong><\/p>\n<p>S\u00e4v. Maria Kalaniemi, trad., sov. Maria Kalaniemi, Olli Varis.<\/p>\n<p>Polska ilmajokelaisesta Rinta-Nikkolan nuottikirjasta 1800-luvun alusta.<\/p>\n<p>Maria Kalaniemi: melodiabassohanuri<br \/>\nOlli Varis: kitara<\/p>\n<p><strong>4. Lapp Nils-polska<\/strong><\/p>\n<p>S\u00e4v. trad., sov. Kimmo Pohjonen.<\/p>\n<p>Polska Ruotsin J\u00e4mtlannista.<\/p>\n<p>Kimmo Pohjonen: huuliharppu<\/p>\n<p><strong>5. Pl\u00e4ssimizeh soitanda<\/strong><\/p>\n<p>S\u00e4v. trad., sov. Anna-Maija Karjalainen.<\/p>\n<p>Vanhaa kantelemusiikkia Karjalasta. Improvisaatio pohjautuu Tsertin Miikkulan vuonna 1919 Aunuksen Viteless\u00e4 soittamaan kappaleeseen.<\/p>\n<p>Anna-Maija Karjalainen: 20-kielinen kantele<\/p>\n<p><strong>6. Pukinsarvella<\/strong><\/p>\n<p>S\u00e4v. trad., sov. Virpi Forsberg.<\/p>\n<p>Ruotsalainen paimens\u00e4velm\u00e4.<\/p>\n<p>Virpi Forsberg: pukinsarvi<\/p>\n<p><strong>7. Sinimani seele<\/strong><\/p>\n<audio class=\"wp-audio-shortcode\" id=\"audio-877-2\" preload=\"none\" style=\"width: 100%;\" controls=\"controls\"><source type=\"audio\/mpeg\" src=\"https:\/\/etno.net\/wp-content\/uploads\/2020\/10\/etn_fcd_001_001_sou_007_prv.mp3?_=2\" \/><a href=\"https:\/\/etno.net\/wp-content\/uploads\/2020\/10\/etn_fcd_001_001_sou_007_prv.mp3\">https:\/\/etno.net\/wp-content\/uploads\/2020\/10\/etn_fcd_001_001_sou_007_prv.mp3<\/a><\/audio>\n<p>S\u00e4v. trad., san. trad.<\/p>\n<p>Leikkilaulu Setumaalta Kaakkois-Virosta. T\u00e4m\u00e4 kahden kuoron esitt\u00e4m\u00e4 laulu on opittu V\u00e4rskan pit\u00e4j\u00e4n Leiko-kuorolta. Kont ja Liedes laulavat kill\u00f5\u00e4, kuoron korkeinta \u00e4\u00e4nt\u00e4.<\/p>\n<p>Maari Kallberg: laulu (esilaulaja)<br \/>\nAnneli Kont-Rahtola: laulu (kuoro)<br \/>\nSirkka Kosonen: laulu (kuoro)<br \/>\nAnna-Kaisa Liedes: laulu (kuoro)<br \/>\nPia Rask: laulu (esilaulaja)<br \/>\nMinna Raskinen: laulu (kuoro)<\/p>\n<p><strong>8. Polskasikerm\u00e4<\/strong><\/p>\n<p>S\u00e4v. trad., sov. Tellu Turkka.<\/p>\n<p>Polskas\u00e4velmiemme parhaimmistoa: Seijarin polska kuortanelaiselta Elias Tallarilta sek\u00e4 Ukon ja akan riita alavieskalaiselta Frank Hietalalta.<\/p>\n<p>Tellu Turkka: viulu<\/p>\n<p><strong>9. Seitakivi<\/strong><\/p>\n<p>S\u00e4v. Martti Pokela.<\/p>\n<p>Pokelan s\u00e4velt\u00e4mi\u00e4 mystisi\u00e4 ja pahaenteisi\u00e4 Lapin tunnelmia.<\/p>\n<p>Arja Kastinen: koneistokantele<\/p>\n<p><strong>10. Jokkuu 8<\/strong><\/p>\n<p>S\u00e4v. Outi Pulkkinen, sov. Eila Hartikainen, Kari K\u00e4\u00e4ri\u00e4inen, Jouko Kyh\u00e4l\u00e4, Outi Pulkkinen.<\/p>\n<p>Laajamuotoisen jouhikkos\u00e4vellyssarjan kahdeksas osa.<\/p>\n<p>Eila Hartikainen: laulu<br \/>\nKari K\u00e4\u00e4ri\u00e4inen: keh\u00e4rumpu, kulkuset<br \/>\nJouko Kyh\u00e4l\u00e4: huuliharppu<br \/>\nOuti Pulkkinen: jouhikko<\/p>\n<p><strong>11. Tissvasser sottiisi<\/strong><\/p>\n<p>S\u00e4v. trad., sov. Arto J\u00e4rvel\u00e4.<\/p>\n<p>Sottiisi alavieskalaissyntyisen, sittemmin Amerikkaan muuttaneen viulupelimannin Frank Hietalan ohjelmistosta.<\/p>\n<p>Petri Hakala: mandoliini<br \/>\nArto J\u00e4rvel\u00e4: mandoliini<br \/>\nOlli Varis: mandoliini<\/p>\n<p><strong>12. Kuulas hetki<\/strong><\/p>\n<audio class=\"wp-audio-shortcode\" id=\"audio-877-3\" preload=\"none\" style=\"width: 100%;\" controls=\"controls\"><source type=\"audio\/mpeg\" src=\"https:\/\/etno.net\/wp-content\/uploads\/2020\/10\/etn_fcd_001_001_sou_012_prv.mp3?_=3\" \/><a href=\"https:\/\/etno.net\/wp-content\/uploads\/2020\/10\/etn_fcd_001_001_sou_012_prv.mp3\">https:\/\/etno.net\/wp-content\/uploads\/2020\/10\/etn_fcd_001_001_sou_012_prv.mp3<\/a><\/audio>\n<p>S\u00e4v. Jouko Kyh\u00e4l\u00e4, Outi Pulkkinen.<\/p>\n<p>Paanaj\u00e4rven paimenpoika kohtaa Ipaneman tyt\u00f6n.<\/p>\n<p>Jouko Kyh\u00e4l\u00e4: harmooni<br \/>\nOuti Pulkkinen: jouhikko<\/p>\n<p><strong>13. Shi-Baban<\/strong><\/p>\n<p>S\u00e4v. trad.<\/p>\n<p>S\u00e4velm\u00e4 Henanin maakunnasta Keski-Kiinasta.<\/p>\n<p>Tan Longjian: San-Xian (luuttu)<\/p>\n<p><strong>14. Katrilli<\/strong><\/p>\n<p>S\u00e4v. Maija Karhinen, sov. Maria Kalaniemi, Maija Karhinen.<\/p>\n<p>Alunperin 1-rivisen palje-etydiksi tehty kappale.<\/p>\n<p>Maria Kalaniemi: 5-rivinen hanuri<br \/>\nMaija Karhinen: 1-rivinen hanuri<\/p>\n<p><strong>15. Muut ne kuuli kirkonkellot<\/strong><\/p>\n<p>S\u00e4v. Timo V\u00e4\u00e4n\u00e4nen, sov. Timo V\u00e4\u00e4n\u00e4nen.<\/p>\n<p>Kaksiosainen teos. Alkupuolen solistina on Anita Lehtola; j\u00e4lkiosa on kollektiivinen kanteleimprovisaatio.<\/p>\n<p>Hanni Autere: laulu, viulu ja 5-kielinen kantele<br \/>\nSari Kauranen: laulu ja 15-kielinen kantele<br \/>\nAnita Lehtola: laulu ja 32-kielinen kantele<br \/>\nNikko Prauda: basso<br \/>\nTimo V\u00e4\u00e4n\u00e4nen: konserttikantele ja 32-kielinen kantele<\/p>\n","protected":false},"excerpt":{"rendered":"<p>Kansanmusiikin osasto aloitti toimintansa Sibelius-Akatemiassa syksyll\u00e4 1983. Silloin oli kulunut puolitoista vuosikymment\u00e4 siit\u00e4 kun kansanmusiikki aloitti paluunsa suomalaiseen kultuuriel\u00e4m\u00e4\u00e4n.<\/p>\n<p>Valtaosa musiikillisesta ty\u00f6st\u00e4mme on t\u00e4h\u00e4n menness\u00e4 j\u00e4\u00e4nyt kansanmusiikin osaston sis\u00e4lle. T\u00e4m\u00e4 kokooma\u00e4\u00e4nite tuo ty\u00f6n tuloksia muidenkin kuultavaksi. Levyll\u00e4 on tuokiokuvia kymmenen toimintavuoden arkip\u00e4iv\u00e4st\u00e4 ja juhlahetkist\u00e4: tutkinnoista ja konserteista sek\u00e4 niit\u00e4 ennen ja niiden j\u00e4lkeen kukkivasta monipuolisesta musisoinnista.<\/p>\n<p>Kansanmusiikissa on ainesta uudenlaisiin \u00e4\u00e4niseikkailuihin. Tervetuloa mukaan!<\/p>\n<p><em>Heikki Laitinen<\/em><\/p>\n<p>Tuotanto Juhani N\u00e4reharju<br \/>\n\u00c4\u00e4nitys ja tekninen toteutus Janne Viksten<br \/>\nMiksaus Janne Viksten ja muusikot<br \/>\n\u00c4\u00e4nitetty syksyll\u00e4 1992 Sibelius-Akatemian studioissa<\/p>\n<p>Sibelius-Akatemian kansanmusiikin osaston yhtyeit\u00e4 ja solisteja.<\/p>","protected":false},"featured_media":881,"comment_status":"closed","ping_status":"closed","template":"","meta":{"_acf_changed":false},"product_brand":[],"product_cat":[65],"product_tag":[],"class_list":{"0":"post-877","1":"product","2":"type-product","3":"status-publish","4":"has-post-thumbnail","6":"product_cat-aanitteet","8":"first","9":"instock","10":"shipping-taxable","11":"product-type-simple"},"acf":[],"_links":{"self":[{"href":"https:\/\/etno.net\/en\/wp-json\/wp\/v2\/product\/877","targetHints":{"allow":["GET"]}}],"collection":[{"href":"https:\/\/etno.net\/en\/wp-json\/wp\/v2\/product"}],"about":[{"href":"https:\/\/etno.net\/en\/wp-json\/wp\/v2\/types\/product"}],"replies":[{"embeddable":true,"href":"https:\/\/etno.net\/en\/wp-json\/wp\/v2\/comments?post=877"}],"wp:featuredmedia":[{"embeddable":true,"href":"https:\/\/etno.net\/en\/wp-json\/wp\/v2\/media\/881"}],"wp:attachment":[{"href":"https:\/\/etno.net\/en\/wp-json\/wp\/v2\/media?parent=877"}],"wp:term":[{"taxonomy":"product_brand","embeddable":true,"href":"https:\/\/etno.net\/en\/wp-json\/wp\/v2\/product_brand?post=877"},{"taxonomy":"product_cat","embeddable":true,"href":"https:\/\/etno.net\/en\/wp-json\/wp\/v2\/product_cat?post=877"},{"taxonomy":"product_tag","embeddable":true,"href":"https:\/\/etno.net\/en\/wp-json\/wp\/v2\/product_tag?post=877"}],"curies":[{"name":"wp","href":"https:\/\/api.w.org\/{rel}","templated":true}]}}