{"id":883,"date":"2020-10-20T11:07:11","date_gmt":"2020-10-20T09:07:11","guid":{"rendered":"https:\/\/etno.net\/?post_type=product&#038;p=883"},"modified":"2021-12-23T15:00:37","modified_gmt":"2021-12-23T13:00:37","slug":"anna-kaisa-liedes-kuuttaren-korut","status":"publish","type":"product","link":"https:\/\/etno.net\/en\/julkaisu\/aanitteet\/anna-kaisa-liedes-kuuttaren-korut","title":{"rendered":"Anna-Kaisa Liedes: Kuuttaren korut"},"content":{"rendered":"<p><strong>1. Olin sairas kun luokseni saavut<\/strong><\/p>\n<!--[if lt IE 9]><script>document.createElement('audio');<\/script><![endif]-->\n<audio class=\"wp-audio-shortcode\" id=\"audio-883-1\" preload=\"none\" style=\"width: 100%;\" controls=\"controls\"><source type=\"audio\/mpeg\" src=\"https:\/\/etno.net\/wp-content\/uploads\/2020\/10\/etn_fcd_002_002_sou_001_prv.mp3?_=1\" \/><a href=\"https:\/\/etno.net\/wp-content\/uploads\/2020\/10\/etn_fcd_002_002_sou_001_prv.mp3\">https:\/\/etno.net\/wp-content\/uploads\/2020\/10\/etn_fcd_002_002_sou_001_prv.mp3<\/a><\/audio>\n<p>S\u00e4v. Maria Kalaniemi, trad., san. trad., sov. Maria Kalaniemi, Anna-Kaisa Liedes.<\/p>\n<p>Maria Kalaniemi: hanuri<br \/>\nAnna-Kaisa Liedes: laulu<\/p>\n<p><strong>2. Viinarattihin rakastuin<\/strong><\/p>\n<audio class=\"wp-audio-shortcode\" id=\"audio-883-2\" preload=\"none\" style=\"width: 100%;\" controls=\"controls\"><source type=\"audio\/mpeg\" src=\"https:\/\/etno.net\/wp-content\/uploads\/2020\/10\/etn_fcd_002_002_sou_002_prv.mp3?_=2\" \/><a href=\"https:\/\/etno.net\/wp-content\/uploads\/2020\/10\/etn_fcd_002_002_sou_002_prv.mp3\">https:\/\/etno.net\/wp-content\/uploads\/2020\/10\/etn_fcd_002_002_sou_002_prv.mp3<\/a><\/audio>\n<p>S\u00e4v. trad., san. trad., sov. Anna-Kaisa Liedes.<\/p>\n<p>Eila Hartikainen: laulu<br \/>\nKristiina Ilmonen: sabar, maracas<br \/>\nMaari Kallberg: laulu<br \/>\nSirkka Kosonen: laulu, pygmisoolo<br \/>\nAnita Lehtola: laulu, pygmisoolo<br \/>\nAnna-Kaisa Liedes: laulu<br \/>\nNikko Prauda: djembe<br \/>\nOuti Pulkkinen: laulu<br \/>\nPia Rask: laulu<\/p>\n<p><strong>3. Oi miksi<\/strong><\/p>\n<p>S\u00e4v. trad., san. trad., sov. Anu It\u00e4pelto, Maria Kalaniemi, Anna-Kaisa Liedes, Olli Varis.<\/p>\n<p>Anu It\u00e4pelto: 36-kielinen kantele<br \/>\nMaria Kalaniemi: hanuri<br \/>\nAnna-Kaisa Liedes: laulu<br \/>\nOlli Varis: mandoliini, oktaavi-mandoliini<\/p>\n<p><strong>4. Se tie oli pitk\u00e4<\/strong><\/p>\n<p>S\u00e4v. Anna-Kaisa Liedes, trad., san. trad., sov. Anna-Kaisa Liedes.<\/p>\n<p>Anu It\u00e4pelto: 36-kielinen kantele<br \/>\nLeena Joutsenlahti: alttonokkahuilu<br \/>\nAnna-Kaisa Liedes: laulu, 36-kielinen kantele<br \/>\nKimmo Pohjonen: sormipiano<br \/>\nTapani Varis: kontrabasso<\/p>\n<p><strong>5. Kaik&#8217; mi\u00e4 unet unohin<\/strong><\/p>\n<p>S\u00e4v. trad., san. trad., sov. Maria Kalaniemi, Anna-Kaisa Liedes, Olli Varis, Tapani Varis, Janne Viksten.<\/p>\n<p>Maria Kalaniemi: hanuri<br \/>\nAnna-Kaisa Liedes: laulu<br \/>\nOlli Varis: kitara<br \/>\nTapani Varis: kontrabasso<br \/>\nJanne Viksten: kitara<\/p>\n<p><strong>6. Kuuttaren korut<\/strong><\/p>\n<audio class=\"wp-audio-shortcode\" id=\"audio-883-3\" preload=\"none\" style=\"width: 100%;\" controls=\"controls\"><source type=\"audio\/mpeg\" src=\"https:\/\/etno.net\/wp-content\/uploads\/2020\/10\/etn_fcd_002_002_sou_006_prv.mp3?_=3\" \/><a href=\"https:\/\/etno.net\/wp-content\/uploads\/2020\/10\/etn_fcd_002_002_sou_006_prv.mp3\">https:\/\/etno.net\/wp-content\/uploads\/2020\/10\/etn_fcd_002_002_sou_006_prv.mp3<\/a><\/audio>\n<p>S\u00e4v. Anna-Kaisa Liedes, san. trad., sov. Maria Kalaniemi, Anna-Kaisa Liedes.<\/p>\n<p>Anu It\u00e4pelto: 36-kielinen kantele<br \/>\nMaria Kalaniemi: hanuri<br \/>\nAnna-Kaisa Liedes: laulu, 36-kielinen kantele<\/p>\n<p><strong>7. Heilani saattelin Amerikkahan<\/strong><\/p>\n<p>S\u00e4v. trad., san. trad., sov. Anna-Kaisa Liedes.<\/p>\n<p>Anna-Kaisa Liedes: laulu<\/p>\n<p><strong>8. Seida ja Rikhard<\/strong><\/p>\n<p>S\u00e4v. Anna-Kaisa Liedes, trad., san. trad., sov. Anna-Kaisa Liedes.<\/p>\n<p>Kristiina Ilmonen: darabuka<br \/>\nAnu It\u00e4pelto: 36-kielinen kantele<br \/>\nLeena Joutsenlahti: alttonokkahuilu<br \/>\nMaria Kalaniemi: hanuri<br \/>\nAnna-Kaisa Liedes: laulu<br \/>\nTapani Varis: kontrabasso<\/p>\n<p><strong>9. Sandran laulu<\/strong><\/p>\n<p>S\u00e4v. Anna-Kaisa Liedes, sov. Anna-Kaisa Liedes.<\/p>\n<p>Anna-Kaisa Liedes: laulu, 15-kielinen kantele<\/p>\n","protected":false},"excerpt":{"rendered":"<p>Anna-Kaisa Liedes kuului kanteleineen ja lauluineen jo puolitoista vuosikymment\u00e4 sitten &#8211; koulutytt\u00f6n\u00e4 suomalaisen kansanmusiikin esitt\u00e4jien k\u00e4rkijoukkoon. Sitten seurasivat opinnot Sibelius-Akatemian kansanmusiikin osastolla, valmistuminen ja siirtyminen osaston opettajaksi. Tutuimmaksi h\u00e4n on tullut Niekun j\u00e4senen\u00e4, mutta my\u00f6s esimerkiksi Tallarin avustajana ja monenlaisten suurempien ja pienempien kansanmusiikkiproduktioiden muusikkona.<\/p>\n<p>Pitk\u00e4 (ja joskus mutkallinenkin) tie kansanmuusikkona on ollut suomalaisen kansanmusiikin aseman ja mahdollisuuksien lopullista muuttumista: uudenlaisen itsetunnon synty\u00e4, traditiokokemuksen syventymist\u00e4, ilmaisun suurta vapautumista. Kansanmusiikkia ei en\u00e4\u00e4 ahdisteta perinteen pakkopaitaan. Vaikutteita ei tarvitse en\u00e4\u00e4 pel\u00e4t\u00e4 eik\u00e4 peitt\u00e4\u00e4. Kansanmuusikkokin kokeilee ja etsii, tulkitsee omia tunteitaan. T\u00e4m\u00e4n p\u00e4iv\u00e4n tulkinnoissa on jo huominen, mutta mihin suuntaan tie vie, sen n\u00e4kee vasta my\u00f6hemmin.<\/p>\n<p><em>Heikki Laitinen<\/em><\/p>\n<p>Tuottaja Heikki Laitinen<br \/>\n\u00c4\u00e4nitys Janne Viksten<br \/>\nMiksaus Janne Viksten, Heikki Laitinen, Anna-Kaisa Liedes<\/p>","protected":false},"featured_media":885,"comment_status":"closed","ping_status":"closed","template":"","meta":{"_acf_changed":false},"product_brand":[],"product_cat":[65],"product_tag":[],"class_list":{"0":"post-883","1":"product","2":"type-product","3":"status-publish","4":"has-post-thumbnail","6":"product_cat-aanitteet","8":"first","9":"instock","10":"shipping-taxable","11":"product-type-simple"},"acf":[],"_links":{"self":[{"href":"https:\/\/etno.net\/en\/wp-json\/wp\/v2\/product\/883","targetHints":{"allow":["GET"]}}],"collection":[{"href":"https:\/\/etno.net\/en\/wp-json\/wp\/v2\/product"}],"about":[{"href":"https:\/\/etno.net\/en\/wp-json\/wp\/v2\/types\/product"}],"replies":[{"embeddable":true,"href":"https:\/\/etno.net\/en\/wp-json\/wp\/v2\/comments?post=883"}],"wp:featuredmedia":[{"embeddable":true,"href":"https:\/\/etno.net\/en\/wp-json\/wp\/v2\/media\/885"}],"wp:attachment":[{"href":"https:\/\/etno.net\/en\/wp-json\/wp\/v2\/media?parent=883"}],"wp:term":[{"taxonomy":"product_brand","embeddable":true,"href":"https:\/\/etno.net\/en\/wp-json\/wp\/v2\/product_brand?post=883"},{"taxonomy":"product_cat","embeddable":true,"href":"https:\/\/etno.net\/en\/wp-json\/wp\/v2\/product_cat?post=883"},{"taxonomy":"product_tag","embeddable":true,"href":"https:\/\/etno.net\/en\/wp-json\/wp\/v2\/product_tag?post=883"}],"curies":[{"name":"wp","href":"https:\/\/api.w.org\/{rel}","templated":true}]}}