{"id":891,"date":"2020-10-20T12:23:20","date_gmt":"2020-10-20T10:23:20","guid":{"rendered":"https:\/\/etno.net\/?post_type=product&#038;p=891"},"modified":"2021-12-23T15:00:14","modified_gmt":"2021-12-23T13:00:14","slug":"eri-esittajia-tulikulkku","status":"publish","type":"product","link":"https:\/\/etno.net\/en\/julkaisu\/aanitteet\/eri-esittajia-tulikulkku","title":{"rendered":"Eri esitt\u00e4ji\u00e4: Tulikulkku"},"content":{"rendered":"<div class=\"field field-name-field-kamucd-teknikot field-type-text-long field-label-hidden\">\n<div class=\"field-items\">\n<div class=\"field-item even\">\n<p>Tuotanto ja tekstit Kurt Lindblad ja Hannu Saha<br \/>\nTekninen tuotanto Janne Viksten<\/p>\n<\/div>\n<\/div>\n<\/div>\n<div class=\"field field-name-field-kamucd-raidat field-type-text-long field-label-hidden\">\n<div class=\"field-items\">\n<div class=\"field-item even\">\n<p><strong>1. Kuu kulta kivest\u00e4 nousit<\/strong><\/p>\n<p>S\u00e4v. trad., sov. Eila Hartikainen, Maari Kallberg, Sirkka Kosonen, Sanna Kurki-Suonio, Anita Lehtola, Anna-Kaisa Liedes, Outi Pulkkinen, Pia Rask.<\/p>\n<p>Eila Hartikainen: laulu<br \/>\nMaari Kallberg: laulu<br \/>\nSirkka Kosonen: laulu<br \/>\nSanna Kurki-Suonio: laulu<br \/>\nAnita Lehtola: laulu<br \/>\nAnna-Kaisa Liedes: laulu<br \/>\nOuti Pulkkinen: laulu<br \/>\nPia Rask: laulu<\/p>\n<p><strong>2. Raunon valssi<\/strong><\/p>\n<!--[if lt IE 9]><script>document.createElement('audio');<\/script><![endif]-->\n<audio class=\"wp-audio-shortcode\" id=\"audio-891-1\" preload=\"none\" style=\"width: 100%;\" controls=\"controls\"><source type=\"audio\/mpeg\" src=\"https:\/\/etno.net\/wp-content\/uploads\/2020\/10\/etn_fcd_003_003_sou_002_prv.mp3?_=1\" \/><a href=\"https:\/\/etno.net\/wp-content\/uploads\/2020\/10\/etn_fcd_003_003_sou_002_prv.mp3\">https:\/\/etno.net\/wp-content\/uploads\/2020\/10\/etn_fcd_003_003_sou_002_prv.mp3<\/a><\/audio>\n<p>S\u00e4v. trad., sov. Kristiina Ilmonen, Jouko Kyh\u00e4l\u00e4, Janne Lappalainen, Outi Pulkkinen.<\/p>\n<p>Kristiina Ilmonen: huilu<br \/>\nJouko Kyh\u00e4l\u00e4: huuliharppu<br \/>\nJanne Lappalainen: oktaavimandoliini<br \/>\nOuti Pulkkinen: jouhikko<\/p>\n<p><strong>3. Melperspectives I<\/strong><\/p>\n<p>S\u00e4v. Pertti Hannus, Juha J\u00e4rvinen, Janne Kankaanp\u00e4\u00e4, Rauno Nieminen, Markku Penttil\u00e4, Olli Penttil\u00e4, Heikki Syrj\u00e4nen, Pekka Westerholm.<\/p>\n<p>Pertti Hannus: ly\u00f6m\u00e4soittimet<br \/>\nJuha J\u00e4rvinen: Harjavallan kirkon urut<br \/>\nJanne Kankaanp\u00e4\u00e4: harmetti<br \/>\nRauno Nieminen: jouhikko<br \/>\nMarkku Penttil\u00e4: scudluuttu<br \/>\nOlli Penttil\u00e4: bassojouhikko<br \/>\nHeikki Syrj\u00e4nen: liru<br \/>\nPekka Westerholm: kontram\u00e4nkeri<\/p>\n<p><strong>4. Kanalaulu<\/strong><\/p>\n<p>S\u00e4v. trad., sov. Sanna Kurki-Suonio, H\u00e5llbus Totte Mattsson, Anders Stake, Tellu Turkka.<\/p>\n<p>Sanna Kurki-Suonio: laulu ja 10-kielinen kantele<br \/>\nH\u00e5llbus Totte Mattsson: luuttu<br \/>\nAnders Stake: sj\u00f6fl\u00f6jt<br \/>\nTellu Turkka: laulu<\/p>\n<p><strong>5. H\u00e1ldi<\/strong><\/p>\n<audio class=\"wp-audio-shortcode\" id=\"audio-891-2\" preload=\"none\" style=\"width: 100%;\" controls=\"controls\"><source type=\"audio\/mpeg\" src=\"https:\/\/etno.net\/wp-content\/uploads\/2020\/10\/etn_fcd_003_003_sou_005_prv.mp3?_=2\" \/><a href=\"https:\/\/etno.net\/wp-content\/uploads\/2020\/10\/etn_fcd_003_003_sou_005_prv.mp3\">https:\/\/etno.net\/wp-content\/uploads\/2020\/10\/etn_fcd_003_003_sou_005_prv.mp3<\/a><\/audio>\n<p>S\u00e4v. Wimme Saari, sov. Pekka Nylund, Arto Piispanen, Wimme Saari, Ilpo Saastamoinen.<\/p>\n<p>Pekka Nylund: kitarat<br \/>\nArto Piispanen: koskettimet<br \/>\nWimme Saari: joiku<br \/>\nIlpo Saastamoinen: basso<\/p>\n<p><strong>6. Teppana J\u00e4niksen Maanitus<\/strong><\/p>\n<p>S\u00e4v. trad., sov. Arja Kastinen.<\/p>\n<p>Arja Kastinen: 15-kielinen kantele<\/p>\n<p><strong>7. K\u00f6pp\u00f6<\/strong><\/p>\n<audio class=\"wp-audio-shortcode\" id=\"audio-891-3\" preload=\"none\" style=\"width: 100%;\" controls=\"controls\"><source type=\"audio\/mpeg\" src=\"https:\/\/etno.net\/wp-content\/uploads\/2020\/10\/etn_fcd_003_003_sou_007_prv.mp3?_=3\" \/><a href=\"https:\/\/etno.net\/wp-content\/uploads\/2020\/10\/etn_fcd_003_003_sou_007_prv.mp3\">https:\/\/etno.net\/wp-content\/uploads\/2020\/10\/etn_fcd_003_003_sou_007_prv.mp3<\/a><\/audio>\n<p>S\u00e4v. Osmo Blomqvist, Raimo Hiekkavirta, Jarmo Hovi, Matti Laukkanen, Hannu Lehtoranta, Pekka N\u00e4ttinen, Hannu T\u00e4htel\u00e4, san. trad., sov. Osmo Blomqvist, Raimo Hiekkavirta, Jarmo Hovi, Matti Laukkanen, Hannu Lehtoranta, Pekka N\u00e4ttinen, Hannu T\u00e4htel\u00e4.<\/p>\n<p>Osmo Blomqvist: kivet ja keh\u00e4rumpu<br \/>\nRaimo Hiekkavirta: 9-kielinen kannel<br \/>\nJarmo Hovi: kivet ja keh\u00e4rumpu<br \/>\nMatti Laukkanen: luikku<br \/>\nHannu Lehtoranta: loitsu ja keh\u00e4rumpu<br \/>\nPekka N\u00e4ttinen: l\u00f6tj\u00f6<br \/>\nHannu T\u00e4htel\u00e4: jouhikko<\/p>\n<p><strong>8. Kajos<\/strong><\/p>\n<p>S\u00e4v. Virpi Forsberg.<\/p>\n<p>Virpi Forsberg: sarvi<\/p>\n<p><strong>9. Kaksin<\/strong><\/p>\n<p>S\u00e4v. Heikki Laitinen, Anna-Kaisa Liedes, Liisa Matveinen, sov. Kristiina Ilmonen, Anu It\u00e4pelto, Leena Joutsenlahti, Arto J\u00e4rvel\u00e4, Maria Kalaniemi, Anna-Kaisa Liedes, Liisa Matveinen.<\/p>\n<p>Kristiina Ilmonen: darbuka<br \/>\nAnu It\u00e4pelto: basso<br \/>\nLeena Joutsenlahti: peukalopiano<br \/>\nArto J\u00e4rvel\u00e4: oktaavimandoliini<br \/>\nMaria Kalaniemi: hanuri<br \/>\nAnna-Kaisa Liedes: laulu<br \/>\nLiisa Matveinen: laulu<\/p>\n<p><strong>10. Kirposi tulikipuna<\/strong><\/p>\n<p>S\u00e4v. Hannu Saha, trad., sov. Arto J\u00e4rvel\u00e4, Kurt Lindblad, Rauno Nieminen, Hannu Saha, Janne Viksten.<\/p>\n<p>Arto J\u00e4rvel\u00e4: viulu<br \/>\nKurt Lindblad: m\u00e4ristysraudat<br \/>\nRauno Nieminen: jouhikko<br \/>\nHannu Saha: 15-kielinen kantele<\/p>\n<p><strong>11. Agromania<\/strong><\/p>\n<p>S\u00e4v. Martti Pokela.<\/p>\n<p>Sinikka Kontio: 10-kielinen kantele<br \/>\nMarkku Lepist\u00f6: 5-rivinen hanuri<br \/>\nMarianne Maans: viulu<br \/>\nPekka Pentik\u00e4inen: 5-rivinen hanuri<br \/>\nMartti Pokela: jouhikko ja viulu<\/p>\n<p><strong>12. Mikonkatu live<\/strong><\/p>\n<p>S\u00e4v. Ville Hukkinen, Kristiina Ilmonen, Heikki Laitinen, Kimmo Pohjonen.<\/p>\n<p>Ville Hukkinen: ly\u00f6m\u00e4soittimet, basso ja viserrys<br \/>\nKristiina Ilmonen: pitk\u00e4huilu ja ly\u00f6m\u00e4soittimet<br \/>\nHeikki Laitinen: laulu ja gogo-marimba<br \/>\nKimmo Pohjonen: hanuri, huuliharppu ja laulu<\/p>\n<\/div>\n<\/div>\n<\/div>\n","protected":false},"excerpt":{"rendered":"<p>T\u00e4m\u00e4 \u00e4\u00e4nite on syntynyt sys\u00e4yksest\u00e4 muistaa musiikin muodossa miehen ik\u00e4\u00e4n ehtinytt\u00e4 Heikki Laitista, suomalaisen kansanmusiikin tiet\u00e4j\u00e4hahmoa.<\/p>\n<p>Kansanmusiikki-instituutti ja Sibelius-Akatemian kansanmusiikin osasto &#8211; joiden kummankin synnytt\u00e4minen ja toimintalinjojen luominen on mit\u00e4 suurimmassa m\u00e4\u00e4rin Heikin ansiota &#8211; halusivat muistaa puolivuosisataista sankaria musiikillisten edustajien v\u00e4lityksell\u00e4. Teemaksi levylle valittiin kaksi t\u00e4rke\u00e4\u00e4 uuteen suomalaiseen kansanmusiikkiin vaikuttanutta aluetta, jotka Heikille tutkijana ja muusikkona ovat olleet rakkaita: kalevalainen eli nk. muinaissuomalainen musiikki ja samassa maaper\u00e4ss\u00e4 siinnyt improvisaation ihanne.<\/p>\n<p>Kaikki esiintyj\u00e4t ovat saaneet t\u00e4ysin vapaat k\u00e4det toteuttaa levyn perusideaa. Mukana olevat muusikot ja yhtyeet ovat olleet talkoot\u00f6iss\u00e4; ilman esiintyjien my\u00f6t\u00e4mielt\u00e4 ei Tulikulkku olisi syntynyt. Mukana olevien esiintyjien lis\u00e4ksi Heikin onnittelijoihin yhtyv\u00e4t kaikki yhteis\u00f6jemme taustavoimat.<\/p>\n<p><em>Kurt Lindblad ja Hannu Saha<\/em><\/p>","protected":false},"featured_media":895,"comment_status":"closed","ping_status":"closed","template":"","meta":{"_acf_changed":false},"product_brand":[],"product_cat":[65],"product_tag":[],"class_list":{"0":"post-891","1":"product","2":"type-product","3":"status-publish","4":"has-post-thumbnail","6":"product_cat-aanitteet","8":"first","9":"instock","10":"shipping-taxable","11":"product-type-simple"},"acf":[],"_links":{"self":[{"href":"https:\/\/etno.net\/en\/wp-json\/wp\/v2\/product\/891","targetHints":{"allow":["GET"]}}],"collection":[{"href":"https:\/\/etno.net\/en\/wp-json\/wp\/v2\/product"}],"about":[{"href":"https:\/\/etno.net\/en\/wp-json\/wp\/v2\/types\/product"}],"replies":[{"embeddable":true,"href":"https:\/\/etno.net\/en\/wp-json\/wp\/v2\/comments?post=891"}],"wp:featuredmedia":[{"embeddable":true,"href":"https:\/\/etno.net\/en\/wp-json\/wp\/v2\/media\/895"}],"wp:attachment":[{"href":"https:\/\/etno.net\/en\/wp-json\/wp\/v2\/media?parent=891"}],"wp:term":[{"taxonomy":"product_brand","embeddable":true,"href":"https:\/\/etno.net\/en\/wp-json\/wp\/v2\/product_brand?post=891"},{"taxonomy":"product_cat","embeddable":true,"href":"https:\/\/etno.net\/en\/wp-json\/wp\/v2\/product_cat?post=891"},{"taxonomy":"product_tag","embeddable":true,"href":"https:\/\/etno.net\/en\/wp-json\/wp\/v2\/product_tag?post=891"}],"curies":[{"name":"wp","href":"https:\/\/api.w.org\/{rel}","templated":true}]}}