{"id":898,"date":"2020-10-20T13:12:17","date_gmt":"2020-10-20T11:12:17","guid":{"rendered":"https:\/\/etno.net\/?post_type=product&#038;p=898"},"modified":"2021-12-23T14:59:51","modified_gmt":"2021-12-23T12:59:51","slug":"arto-jarvela-polska-differente","status":"publish","type":"product","link":"https:\/\/etno.net\/en\/julkaisu\/aanitteet\/arto-jarvela-polska-differente","title":{"rendered":"Arto J\u00e4rvel\u00e4: Polska differente"},"content":{"rendered":"<p>\u00c4\u00e4nitys Janne Viksten<br \/>\nMiksaus Arto J\u00e4rvel\u00e4 ja Janne Viksten<br \/>\nTuotanto Arto J\u00e4rvel\u00e4<\/p>\n<p><strong>1. Eri Polska<\/strong><\/p>\n<!--[if lt IE 9]><script>document.createElement('audio');<\/script><![endif]-->\n<audio class=\"wp-audio-shortcode\" id=\"audio-898-1\" preload=\"none\" style=\"width: 100%;\" controls=\"controls\"><source type=\"audio\/mpeg\" src=\"https:\/\/etno.net\/wp-content\/uploads\/2020\/10\/etn_fcd_004_004_sou_001_prv.mp3?_=1\" \/><a href=\"https:\/\/etno.net\/wp-content\/uploads\/2020\/10\/etn_fcd_004_004_sou_001_prv.mp3\">https:\/\/etno.net\/wp-content\/uploads\/2020\/10\/etn_fcd_004_004_sou_001_prv.mp3<\/a><\/audio>\n<p>S\u00e4v. Arto J\u00e4rvel\u00e4, sov. Arto J\u00e4rvel\u00e4.<\/p>\n<p>Arto J\u00e4rvel\u00e4: viulu<br \/>\nTapani Varis: kontrabasso<\/p>\n<p><strong>2. Kissan p\u00e4iv\u00e4t<\/strong><\/p>\n<p>S\u00e4v. Arto J\u00e4rvel\u00e4, sov. Arto J\u00e4rvel\u00e4.<\/p>\n<p>Kalle J\u00e4msen: kitara<br \/>\nArto J\u00e4rvel\u00e4: viulu<br \/>\nArto J\u00e4rvel\u00e4: laulu<br \/>\nKimmo Pohjonen: bassohuuliharppu<\/p>\n<p><strong>3. II Morsiuspolska<\/strong><\/p>\n<p>S\u00e4v. Arto J\u00e4rvel\u00e4, sov. Arto J\u00e4rvel\u00e4.<\/p>\n<p>Arto J\u00e4rvel\u00e4: avainviulu<br \/>\nJanne Lappalainen: mandola<br \/>\nPemo Ojala: trumpetti<br \/>\nKimmo Pohjonen: sormipiano<\/p>\n<p><strong>4. Lappfj\u00e4rds brudmarsch<\/strong><\/p>\n<p>S\u00e4v. trad., sov. Arto J\u00e4rvel\u00e4.<\/p>\n<p>Valter Enlund: viulu<br \/>\nArto J\u00e4rvel\u00e4: oktaavimandoliini<br \/>\nTorsten P\u00e4rus: viulu<\/p>\n<p><strong>5. Kuhmoo p\u00e4\u00e4ss\u00e4<\/strong><\/p>\n<audio class=\"wp-audio-shortcode\" id=\"audio-898-2\" preload=\"none\" style=\"width: 100%;\" controls=\"controls\"><source type=\"audio\/mpeg\" src=\"https:\/\/etno.net\/wp-content\/uploads\/2020\/10\/etn_fcd_004_004_sou_005_prv.mp3?_=2\" \/><a href=\"https:\/\/etno.net\/wp-content\/uploads\/2020\/10\/etn_fcd_004_004_sou_005_prv.mp3\">https:\/\/etno.net\/wp-content\/uploads\/2020\/10\/etn_fcd_004_004_sou_005_prv.mp3<\/a><\/audio>\n<p>S\u00e4v. Hans Lankari, sov. Arto J\u00e4rvel\u00e4.<\/p>\n<p>Arto J\u00e4rvel\u00e4: viulu<br \/>\nMaria Kalaniemi: harmonikka<br \/>\nOlli Varis: kitara<\/p>\n<p><strong>6. K\u00e4ttelymarssi<\/strong><\/p>\n<p>S\u00e4v. trad., sov. Arto J\u00e4rvel\u00e4.<\/p>\n<p>Petri Hakala: oktaavimandoliini<br \/>\nArto J\u00e4rvel\u00e4: mandoliini<br \/>\nTimo Myllykangas: kontrabasso<br \/>\nOlli Varis: mandoliini<\/p>\n<p><strong>7. II M\u00e4l\u00e4sk\u00e4 ja Laiturin \u00e4ij\u00e4<\/strong><\/p>\n<p>S\u00e4v. Arto J\u00e4rvel\u00e4, trad., sov. Arto J\u00e4rvel\u00e4.<\/p>\n<p>Timo Alakotila: piano<br \/>\nArto J\u00e4rvel\u00e4: viulu<br \/>\nMaria Kalaniemi: harmonikka<br \/>\nOlli Varis: kitara<\/p>\n<p><strong>8. Ravit K\u00e4pyl\u00e4ss\u00e4<\/strong><\/p>\n<audio class=\"wp-audio-shortcode\" id=\"audio-898-3\" preload=\"none\" style=\"width: 100%;\" controls=\"controls\"><source type=\"audio\/mpeg\" src=\"https:\/\/etno.net\/wp-content\/uploads\/2020\/10\/etn_fcd_004_004_sou_008_prv.mp3?_=3\" \/><a href=\"https:\/\/etno.net\/wp-content\/uploads\/2020\/10\/etn_fcd_004_004_sou_008_prv.mp3\">https:\/\/etno.net\/wp-content\/uploads\/2020\/10\/etn_fcd_004_004_sou_008_prv.mp3<\/a><\/audio>\n<p>S\u00e4v. Otto Hotakainen, sov. Arto J\u00e4rvel\u00e4.<\/p>\n<p>Petri Hakala: mandoliini<br \/>\nArto J\u00e4rvel\u00e4: viulu<br \/>\nTapani Varis: kontrabasso<br \/>\nJanne Viksten: banjo<\/p>\n<p><strong>9. Hellstrand 1990<\/strong><\/p>\n<p>S\u00e4v. Arto J\u00e4rvel\u00e4, sov. Arto J\u00e4rvel\u00e4, Roger Tallroth.<\/p>\n<p>Arto J\u00e4rvel\u00e4: avainviulu<br \/>\nRoger Tallroth: mandola<\/p>\n<p><strong>10. Unien valssi<\/strong><\/p>\n<p>S\u00e4v. Morten Alfred Hoirup, Arto J\u00e4rvel\u00e4, sov. Morten Alfred Hoirup, Arto J\u00e4rvel\u00e4.<\/p>\n<p>Morten Alfred Hoirup: kitara<br \/>\nArto J\u00e4rvel\u00e4: viulu<br \/>\nTapani Varis: kontrabasso<\/p>\n<p><strong>11. W\u00e4in\u00f6n haikara<\/strong><\/p>\n<p>S\u00e4v. Arto J\u00e4rvel\u00e4, sov. Arto J\u00e4rvel\u00e4, Janne Viksten, Pekka Witikka.<\/p>\n<p>Arto J\u00e4rvel\u00e4: violardo<br \/>\nArto J\u00e4rvel\u00e4: laulu<br \/>\nSusan Kiiskinen: taustalaulu<br \/>\nSinikka Kontio: kantele<br \/>\nSirkka Kosonen: taustalaulu<br \/>\nAnita Lehtola: taustalaulu<br \/>\nTapani Varis: kontrabasso<br \/>\nTommi Viksten: s\u00e4hk\u00f6kitara<br \/>\nPekka Witikka: luupit<\/p>\n","protected":false},"excerpt":{"rendered":"<p>T\u00e4ss\u00e4 se nyt on! Kahdeksan vuoden suunnittelun, s\u00e4velt\u00e4misen, sovittamisen, sanoittamisen ja harjoittelun tulos. Nimitt\u00e4in jo vuonna 1986 aloin haaveilla omasta soololevyst\u00e4. Kiireet muiden yhtyeiden kanssa (mm. JPP, Niekku, Tallari, Koinurit, Salamakannel, Aldargaz, Pinnin Pojat, Ampron Prunni ja The Helsinki Mandoliners) ovat kuitenkin siirt\u00e4neet hanketta t\u00e4h\u00e4n asti, mik\u00e4 ei sin\u00e4ns\u00e4 haittaa, sill\u00e4 onhan ohjelmistooni kasautunut tuona aikana huomattava m\u00e4\u00e4r\u00e4 uusia kappaleita.<\/p>\n<p>Trad -puolelta olen valinnut levylle suurten suosikkieni\u00a0<em>Johannes J\u00e4rvel\u00e4n<\/em>,\u00a0<em>Elias Tallarin<\/em>,\u00a0<em>Torsten P\u00e4rusin<\/em>\u00a0and\u00a0<em>Valter Enlundin<\/em>\u00a0sek\u00e4\u00a0<em>Otto Hotakaisen<\/em>\u00a0ohjelmistoa. Minulla on ollut ilo ja kunnia soittaa melkein kaikkien n\u00e4iden loistavien muusikoiden kanssa. Levyn uudempi osasto on l\u00e4hinn\u00e4 omaa tuotantoa vuosilta 1986-1993.\u00a0<em>W\u00e4in\u00f6n haikaran<\/em>\u00a0ensiversion s\u00e4velsin 1986; uusin teos on\u00a0<em>Eri polska<\/em>\u00a0kev\u00e4\u00e4lt\u00e4 1993.<\/p>\n<p><em>Arto J\u00e4rvel\u00e4<\/em><br \/>\nSuurkiitos vieraileville muusikoille joiden ansiosta t\u00e4m\u00e4n levyn lopputulos ylitt\u00e4\u00e4 itsens\u00e4!<\/p>","protected":false},"featured_media":899,"comment_status":"closed","ping_status":"closed","template":"","meta":{"_acf_changed":false},"product_brand":[],"product_cat":[65],"product_tag":[],"class_list":{"0":"post-898","1":"product","2":"type-product","3":"status-publish","4":"has-post-thumbnail","6":"product_cat-aanitteet","8":"first","9":"instock","10":"shipping-taxable","11":"product-type-simple"},"acf":[],"_links":{"self":[{"href":"https:\/\/etno.net\/en\/wp-json\/wp\/v2\/product\/898","targetHints":{"allow":["GET"]}}],"collection":[{"href":"https:\/\/etno.net\/en\/wp-json\/wp\/v2\/product"}],"about":[{"href":"https:\/\/etno.net\/en\/wp-json\/wp\/v2\/types\/product"}],"replies":[{"embeddable":true,"href":"https:\/\/etno.net\/en\/wp-json\/wp\/v2\/comments?post=898"}],"wp:featuredmedia":[{"embeddable":true,"href":"https:\/\/etno.net\/en\/wp-json\/wp\/v2\/media\/899"}],"wp:attachment":[{"href":"https:\/\/etno.net\/en\/wp-json\/wp\/v2\/media?parent=898"}],"wp:term":[{"taxonomy":"product_brand","embeddable":true,"href":"https:\/\/etno.net\/en\/wp-json\/wp\/v2\/product_brand?post=898"},{"taxonomy":"product_cat","embeddable":true,"href":"https:\/\/etno.net\/en\/wp-json\/wp\/v2\/product_cat?post=898"},{"taxonomy":"product_tag","embeddable":true,"href":"https:\/\/etno.net\/en\/wp-json\/wp\/v2\/product_tag?post=898"}],"curies":[{"name":"wp","href":"https:\/\/api.w.org\/{rel}","templated":true}]}}