{"id":903,"date":"2020-10-21T09:35:04","date_gmt":"2020-10-21T07:35:04","guid":{"rendered":"https:\/\/etno.net\/?post_type=product&#038;p=903"},"modified":"2020-10-22T11:48:51","modified_gmt":"2020-10-22T09:48:51","slug":"maria-kalaniemi-aldargaz-iho","status":"publish","type":"product","link":"https:\/\/etno.net\/en\/julkaisu\/aanitteet\/maria-kalaniemi-aldargaz-iho","title":{"rendered":"Maria Kalaniemi &amp; Aldargaz: Iho"},"content":{"rendered":"<p>Tuottaja Timo Alakotila<br \/>\n\u00c4\u00e4nitys Janne Viksten<\/p>\n<p><b>1. Napoleon<\/b><\/p>\n<!--[if lt IE 9]><script>document.createElement('audio');<\/script><![endif]-->\n<audio class=\"wp-audio-shortcode\" id=\"audio-903-1\" preload=\"none\" style=\"width: 100%;\" controls=\"controls\"><source type=\"audio\/mpeg\" src=\"https:\/\/etno.net\/wp-content\/uploads\/2020\/10\/etn_fcd_005_005_sou_001_prv.mp3?_=1\" \/><a href=\"https:\/\/etno.net\/wp-content\/uploads\/2020\/10\/etn_fcd_005_005_sou_001_prv.mp3\">https:\/\/etno.net\/wp-content\/uploads\/2020\/10\/etn_fcd_005_005_sou_001_prv.mp3<\/a><\/audio>\n<p>S\u00e4v. trad., sov. Timo Alakotila.<\/p>\n<p>Timo Alakotila: piano<br \/>\nPetri Hakala: oktaavimandoliini<br \/>\nMaria Kalaniemi: standardibassoharmonikka<br \/>\nJanne Lappalainen: sopraanosaksofoni<br \/>\nMatti M\u00e4kel\u00e4: viulu<br \/>\nTuula Saari: alttoviulu<br \/>\nAntti Soininen: viulu<br \/>\nJukka Tiirikainen: flyygelitorvi, trumpetti<br \/>\nTuija Tirkkonen: sello<br \/>\nOlli Varis: kitara<br \/>\nTapani Varis: kontrabasso<\/p>\n<p>&nbsp;<\/p>\n<p><b>2. Lomas\u00e4vel<\/b><\/p>\n<p>S\u00e4v. Maria Kalaniemi, sov. Timo Alakotila, Olli Varis.<\/p>\n<p>Aleksi Ahoniemi: tenorisaksofoni<br \/>\nTimo Alakotila: piano<br \/>\nPetri Hakala: mandoliini<br \/>\nArto J\u00e4rvel\u00e4: viulu<br \/>\nMaria Kalaniemi: standardibassoharmonikka<br \/>\nJanne Lappalainen: tenorisaksofoni<br \/>\nJukka Tiirikainen: trumpetti<br \/>\nTapani Varis: kontrabasso<br \/>\nOlli Varis: kitara<\/p>\n<p><b>3. Green Score<\/b><\/p>\n<p>S\u00e4v. Timo Alakotila, sov. Timo Alakotila.<\/p>\n<p>Timo Alakotila: piano<br \/>\nPetri Hakala: mandoliini<br \/>\nArto J\u00e4rvel\u00e4: viulu<br \/>\nMaria Kalaniemi: standardibassoharmonikka<br \/>\nTapani Varis: kontrabasso<br \/>\nOlli Varis: kitara<\/p>\n<p><b>4. Slingerdansin<\/b><\/p>\n<p>S\u00e4v. Maria Kalaniemi, sov. Olli Varis.<\/p>\n<p>Maria Kalaniemi: melodiabassoharmonikka<br \/>\nOlli Varis: kitara<\/p>\n<p><b>5. Surun silm\u00e4t<\/b><\/p>\n<p>S\u00e4v. Carlos Gardel, sov. Timo Alakotila, Maria Kalaniemi.<\/p>\n<p>Timo Alakotila: piano<br \/>\nMaria Kalaniemi: melodiabassoharmonikka<\/p>\n<p><b>6. Iho<\/b><\/p>\n<audio class=\"wp-audio-shortcode\" id=\"audio-903-2\" preload=\"none\" style=\"width: 100%;\" controls=\"controls\"><source type=\"audio\/mpeg\" src=\"https:\/\/etno.net\/wp-content\/uploads\/2020\/10\/etn_fcd_005_005_sou_006_prv.mp3?_=2\" \/><a href=\"https:\/\/etno.net\/wp-content\/uploads\/2020\/10\/etn_fcd_005_005_sou_006_prv.mp3\">https:\/\/etno.net\/wp-content\/uploads\/2020\/10\/etn_fcd_005_005_sou_006_prv.mp3<\/a><\/audio>\n<p>S\u00e4v. Maria Kalaniemi, sov. Timo Alakotila, Olli Varis.<\/p>\n<p>Aleksi Ahoniemi: tenorisaksofoni<br \/>\nTimo Alakotila: piano<br \/>\nPetri Hakala: oktaavimandoliini<br \/>\nMaria Kalaniemi: standardibassoharmonikka<br \/>\nJanne Lappalainen: sopraanosaksofoni, tenorisaksofoni<br \/>\nJukka Tiirikainen: trumpetti<br \/>\nOlli Varis: kitara, s\u00e4hk\u00f6kitara<br \/>\nTapani Varis: kontrabasso<\/p>\n<p><b>7. Triolipolska<\/b><\/p>\n<p>S\u00e4v. Timo Alakotila, sov. Timo Alakotila.<\/p>\n<p>Timo Alakotila: piano<br \/>\nMaria Kalaniemi: melodiabassoharmonikka<\/p>\n<p><b>8. Sofias Flykt<\/b><\/p>\n<audio class=\"wp-audio-shortcode\" id=\"audio-903-3\" preload=\"none\" style=\"width: 100%;\" controls=\"controls\"><source type=\"audio\/mpeg\" src=\"https:\/\/etno.net\/wp-content\/uploads\/2020\/10\/etn_fcd_005_005_sou_008_prv.mp3?_=3\" \/><a href=\"https:\/\/etno.net\/wp-content\/uploads\/2020\/10\/etn_fcd_005_005_sou_008_prv.mp3\">https:\/\/etno.net\/wp-content\/uploads\/2020\/10\/etn_fcd_005_005_sou_008_prv.mp3<\/a><\/audio>\n<p>S\u00e4v. Maria Kalaniemi, sov. Maria Kalaniemi, Olli Varis.<\/p>\n<p>Aleksi Ahoniemi: tenorisaksofoni<br \/>\nPetri Hakala: mandoliini<br \/>\nMaria Kalaniemi: standardibassoharmonikka<br \/>\nJanne Lappalainen: sopraanosaksofoni, tenorisaksofoni<br \/>\nJukka Tiirikainen: trumpetti<br \/>\nTapani Varis: kontrabasso<br \/>\nOlli Varis: kitara<\/p>\n<p><b>9. Istunpa s\u00e4nkys laitalla<\/b><\/p>\n<p>S\u00e4v. trad., sov. Maria Kalaniemi.<\/p>\n<p>Maria Kalaniemi: melodiabassoharmonikka<\/p>\n<p><b>10. S\u00e4de<\/b><\/p>\n<p>S\u00e4v. Timo Alakotila, sov. Timo Alakotila.<\/p>\n<p>Timo Alakotila: piano<br \/>\nPetri Hakala: mandoliini<br \/>\nMaria Kalaniemi: standardibassoharmonikka<br \/>\nJanne Lappalainen: sopraanosaksofoni<br \/>\nTapani Varis: kontrabasso<br \/>\nOlli Varis: kitara<\/p>\n<p><b>11. Linj\u00e4rv<\/b><\/p>\n<p>S\u00e4v. Maria Kalaniemi, sov. Timo Alakotila.<\/p>\n<p>Aleksi Ahoniemi: tenorisaksofoni<br \/>\nTimo Alakotila: piano, harmooni<br \/>\nPetri Hakala: oktaavimandoliini<br \/>\nMaria Kalaniemi: melodiabassoharmonikka<br \/>\nMaarit Kyll\u00f6nen: viulu<br \/>\nJanne Lappalainen: tenorisaksofoni<br \/>\nTuula Saari: alttoviulu<br \/>\nAntti Soininen: viulu<br \/>\nJukka Tiirikainen: trumpetti<br \/>\nTuija Tirkkonen: sello<br \/>\nTapani Varis: kontrabasso<br \/>\nOlli Varis: kitara<\/p>\n","protected":false},"excerpt":{"rendered":"<div class=\"field field-name-body field-type-text-with-summary field-label-hidden\">\n<div class=\"field-items\">\n<div class=\"field-item even\">\n<p>Maria Kalaniemi ja Aldargaz on kehitt\u00e4nyt musiikkiinsa aivan oman soinnin, joka on jo melkein oma musiikinlajinsa. Aldargazin musiikissa yhdistyv\u00e4t erilaiset musiikilliset ainekset maamme ja muun Euroopan kansanmusiikeista, jazzista, l\u00e4nsimaisesta taidemusiikista sek\u00e4 argentiinalaisesta tangosta.<\/p>\n<p>Keskeinen elementti Aldargazissa on tietenkin omia teit\u00e4\u00e4n kulkeva hanuritaitelija Maria Kalaniemi, jonka soitto on herkk\u00e4\u00e4 ja omaleimaista. Suurimmasta osasta sovituksista vastaa soitintajalahjakkuus Timo Alakotila. Aldargazin kokonaissoinnissa kaikki muusikot ovat kuitenkin argentiinalaisittain yht\u00e4 t\u00e4rkeit\u00e4.<\/p>\n<\/div>\n<\/div>\n<\/div>\n<div class=\"field field-name-field-kamucd-kuv-kirjoittaja field-type-text field-label-hidden\">\n<div class=\"field-items\">\n<div><\/div>\n<div class=\"field-item even\"><em>Maria Kalaniemi<\/em><\/div>\n<\/div>\n<\/div>","protected":false},"featured_media":904,"comment_status":"closed","ping_status":"closed","template":"","meta":{"_acf_changed":false},"product_brand":[],"product_cat":[65],"product_tag":[],"class_list":{"0":"post-903","1":"product","2":"type-product","3":"status-publish","4":"has-post-thumbnail","6":"product_cat-aanitteet","8":"first","9":"instock","10":"shipping-taxable","11":"product-type-simple"},"acf":[],"_links":{"self":[{"href":"https:\/\/etno.net\/en\/wp-json\/wp\/v2\/product\/903","targetHints":{"allow":["GET"]}}],"collection":[{"href":"https:\/\/etno.net\/en\/wp-json\/wp\/v2\/product"}],"about":[{"href":"https:\/\/etno.net\/en\/wp-json\/wp\/v2\/types\/product"}],"replies":[{"embeddable":true,"href":"https:\/\/etno.net\/en\/wp-json\/wp\/v2\/comments?post=903"}],"wp:featuredmedia":[{"embeddable":true,"href":"https:\/\/etno.net\/en\/wp-json\/wp\/v2\/media\/904"}],"wp:attachment":[{"href":"https:\/\/etno.net\/en\/wp-json\/wp\/v2\/media?parent=903"}],"wp:term":[{"taxonomy":"product_brand","embeddable":true,"href":"https:\/\/etno.net\/en\/wp-json\/wp\/v2\/product_brand?post=903"},{"taxonomy":"product_cat","embeddable":true,"href":"https:\/\/etno.net\/en\/wp-json\/wp\/v2\/product_cat?post=903"},{"taxonomy":"product_tag","embeddable":true,"href":"https:\/\/etno.net\/en\/wp-json\/wp\/v2\/product_tag?post=903"}],"curies":[{"name":"wp","href":"https:\/\/api.w.org\/{rel}","templated":true}]}}