{"id":908,"date":"2020-10-21T09:41:39","date_gmt":"2020-10-21T07:41:39","guid":{"rendered":"https:\/\/etno.net\/?post_type=product&#038;p=908"},"modified":"2021-12-23T14:58:34","modified_gmt":"2021-12-23T12:58:34","slug":"loituma-loituma","status":"publish","type":"product","link":"https:\/\/etno.net\/en\/julkaisu\/aanitteet\/loituma-loituma","title":{"rendered":"Loituma: Loituma"},"content":{"rendered":"<p>Tuottajat Timo Alakotila ja Timo V\u00e4\u00e4n\u00e4nen<br \/>\n\u00c4\u00e4nitys Janne Viksten<\/p>\n<p><strong>1. Eriskummallinen kantele<\/strong><\/p>\n<!--[if lt IE 9]><script>document.createElement('audio');<\/script><![endif]-->\n<audio class=\"wp-audio-shortcode\" id=\"audio-908-1\" preload=\"none\" style=\"width: 100%;\" controls=\"controls\"><source type=\"audio\/mpeg\" src=\"https:\/\/etno.net\/wp-content\/uploads\/2020\/10\/etn_fcd_006_006_sou_001_prv.mp3?_=1\" \/><a href=\"https:\/\/etno.net\/wp-content\/uploads\/2020\/10\/etn_fcd_006_006_sou_001_prv.mp3\">https:\/\/etno.net\/wp-content\/uploads\/2020\/10\/etn_fcd_006_006_sou_001_prv.mp3<\/a><\/audio>\n<p>S\u00e4v. Sanna Kurki-Suonio, san. trad., sov. Sari Kauranen, Sanna Kurki-Suonio, Tellu Turkka.<\/p>\n<p>Hanni Autere: kontrabasso, laulu, viulu<br \/>\nSari Kauranen: konserttikantele<br \/>\nAnita Lehtola: laulu (soolo)<br \/>\nTimo V\u00e4\u00e4n\u00e4nen: 10-kielinen kantele, laulu, 5-kielinen kantele<\/p>\n<p><strong>2. Kultaansa ik\u00e4v\u00f6iv\u00e4<\/strong><br \/>\nS\u00e4v. Timo V\u00e4\u00e4n\u00e4nen, san. trad., sov. Timo V\u00e4\u00e4n\u00e4nen.<\/p>\n<p>Hanni Autere: viulu<br \/>\nSari Kauranen: konserttikantele<br \/>\nAnita Lehtola: laulu (soolo)<br \/>\nTimo V\u00e4\u00e4n\u00e4nen: konserttikantele<\/p>\n<p><strong>3. Ievan polkka<\/strong><\/p>\n<audio class=\"wp-audio-shortcode\" id=\"audio-908-2\" preload=\"none\" style=\"width: 100%;\" controls=\"controls\"><source type=\"audio\/mpeg\" src=\"https:\/\/etno.net\/wp-content\/uploads\/2020\/10\/etn_fcd_006_006_sou_003_prv.mp3?_=2\" \/><a href=\"https:\/\/etno.net\/wp-content\/uploads\/2020\/10\/etn_fcd_006_006_sou_003_prv.mp3\">https:\/\/etno.net\/wp-content\/uploads\/2020\/10\/etn_fcd_006_006_sou_003_prv.mp3<\/a><\/audio>\n<p>S\u00e4v. trad., san. Eino Kettunen, sov. Hanni Autere, Sari Kauranen, Anita Lehtola, Timo V\u00e4\u00e4n\u00e4nen.<\/p>\n<p>Hanni Autere: laulu<br \/>\nSari Kauranen: laulu<br \/>\nAnita Lehtola: laulu (soolo)<br \/>\nTimo V\u00e4\u00e4n\u00e4nen: laulu<\/p>\n<p><strong>4. Viimesen kerran<\/strong><br \/>\nS\u00e4v. trad., san. trad., sov. Hanni Autere, Sari Kauranen, Anita Lehtola, Timo V\u00e4\u00e4n\u00e4nen.<\/p>\n<p>Hanni Autere: laulu<br \/>\nSari Kauranen: laulu<br \/>\nAnita Lehtola: laulu (soolo)<br \/>\nJanne Viksten: syntetisaattori<br \/>\nTimo V\u00e4\u00e4n\u00e4nen: laulu<\/p>\n<p><strong>5. Menuetti ja polska<\/strong><br \/>\nS\u00e4v. Timo V\u00e4\u00e4n\u00e4nen, sov. Timo V\u00e4\u00e4n\u00e4nen.<\/p>\n<p>Hanni Autere: laulu<br \/>\nSari Kauranen: konserttikantele<br \/>\nAnita Lehtola: laulu<br \/>\nTimo V\u00e4\u00e4n\u00e4nen: konserttikantele<\/p>\n<p><strong>6. Kun mun kultani tulisi<\/strong><br \/>\nS\u00e4v. trad., san. trad., sov. Hanni Autere, Timo V\u00e4\u00e4n\u00e4nen.<\/p>\n<p>Hanni Autere: laulu (soolo)<br \/>\nSari Kauranen: laulu<br \/>\nAnita Lehtola: laulu<br \/>\nTimo V\u00e4\u00e4n\u00e4nen: konserttikantele<\/p>\n<p><strong>7. Valamon kirkonkellot<\/strong><br \/>\nS\u00e4v. Teppana J\u00e4nis, trad., sov. Sari Kauranen, Timo V\u00e4\u00e4n\u00e4nen.<\/p>\n<p>Hanni Autere: Lapin rumpu<br \/>\nSari Kauranen: 10-kielinen kantele<br \/>\nTimo V\u00e4\u00e4n\u00e4nen: iso kantele<\/p>\n<p><strong>8. Ai, ai taas sattuu<\/strong><\/p>\n<audio class=\"wp-audio-shortcode\" id=\"audio-908-3\" preload=\"none\" style=\"width: 100%;\" controls=\"controls\"><source type=\"audio\/mpeg\" src=\"https:\/\/etno.net\/wp-content\/uploads\/2020\/10\/etn_fcd_006_006_sou_008_prv.mp3?_=3\" \/><a href=\"https:\/\/etno.net\/wp-content\/uploads\/2020\/10\/etn_fcd_006_006_sou_008_prv.mp3\">https:\/\/etno.net\/wp-content\/uploads\/2020\/10\/etn_fcd_006_006_sou_008_prv.mp3<\/a><\/audio>\n<p>S\u00e4v. Toivo Alasp\u00e4\u00e4, san. Hanni Autere, Sari Kauranen, Anita Lehtola, Timo V\u00e4\u00e4n\u00e4nen, sov. Hanni Autere, Sari Kauranen, Anita Lehtola, Timo V\u00e4\u00e4n\u00e4nen.<\/p>\n<p>Hanni Autere: laulu, kellot<br \/>\nSari Kauranen: laulu, kellot<br \/>\nAnita Lehtola: laulu, kellot<br \/>\nTimo V\u00e4\u00e4n\u00e4nen: konserttikantele<\/p>\n<p><strong>9. Suo<\/strong><br \/>\nS\u00e4v. Martti Pokela, sov. Sari Kauranen, Timo V\u00e4\u00e4n\u00e4nen.<\/p>\n<p>Hanni Autere: alttonokkahuilu, \u00e4\u00e4net<br \/>\nSari Kauranen: konserttikantele<br \/>\nAnita Lehtola: laulu<br \/>\nTimo V\u00e4\u00e4n\u00e4nen: konserttikantele ja jousi<\/p>\n<p><strong>10. Kolme kaunista<\/strong><br \/>\nS\u00e4v. Sari Kauranen, san. trad., sov. Hanni Autere, Sari Kauranen, Anita Lehtola, Timo V\u00e4\u00e4n\u00e4nen.<\/p>\n<p>Hanni Autere: laulu, 5-kielinen kantele<br \/>\nSari Kauranen: laulu (soolo), 10-kielinen kantele<br \/>\nAnita Lehtola: laulu, 5-kielinen kantele<br \/>\nTimo V\u00e4\u00e4n\u00e4nen: 10-kielinen kantele, laulu, 5-kielinen kantele<\/p>\n","protected":false},"excerpt":{"rendered":"<div class=\"field field-name-body field-type-text-with-summary field-label-hidden\">\n<div class=\"field-items\">\n<div class=\"field-item even\">\n<p>Loituma syntyi syksyll\u00e4 1989, kun silloinen vuosikurssi aloitti opiskelunsa Sibelius-Akatemian kansanmusiikin osastolla. Alunperin J\u00e4ykk\u00e4 Leip\u00e4 -nimisen\u00e4 toiminut seitsenhenkinen yhtye on vakiintunut nelihenkiseksi kokoonpanoksi, joka nyt julkaisee ensilevyns\u00e4. Loituma on kulkenut sinnikk\u00e4\u00e4sti omaa musiikillista tiet\u00e4\u00e4n ja k\u00e4ytt\u00e4nyt saamiaan vaikutteita taidokkaasti soveltaen. Se on sukeltanut rohkeasti mit\u00e4 erilaisimpiin s\u00e4velvirtoihin.<\/p>\n<\/div>\n<div class=\"field-item even\">\n<p>Er\u00e4s suomalaisen kansanmusiikin peruskivist\u00e4 on laulamisen taito. Tarinat ja tunteet v\u00e4littyv\u00e4t parhaiten ihmisen omimman instrumentin kautta. Yhtyeess\u00e4 kaikki laulavat ja laulu soikin yhten\u00e4 t\u00e4m\u00e4n levyn valtavirtana. Toinen Loituman peruskivi, kantele, soi upeasti ja uskomattoman moni-ilmeisesti. Rauta ja hopea hel\u00e4ht\u00e4v\u00e4t, ruis ja vehn\u00e4 heilim\u00f6iv\u00e4t rinnakkain. Kappaleista v\u00e4littyy suomalainen perinne, jonka t\u00e4rkein\u00e4 v\u00e4litt\u00e4jin\u00e4 h\u00e4ilyv\u00e4t taustalla hyvin\u00e4 haltijakummeina Martti Pokela ja Toivo Alasp\u00e4\u00e4.<\/p>\n<p>Loituma on vuosien varrella ker\u00e4nnyt vakkaansa hienonhienoa s\u00e4velsatoa. P\u00f6yt\u00e4 on katettu. Nauttikaa antimista!<\/p>\n<\/div>\n<\/div>\n<\/div>\n<div class=\"field field-name-field-kamucd-kuv-kirjoittaja field-type-text field-label-hidden\">\n<div class=\"field-items\">\n<div class=\"field-item even\"><em>Heikki Laitinen<\/em><\/div>\n<\/div>\n<\/div>","protected":false},"featured_media":909,"comment_status":"closed","ping_status":"closed","template":"","meta":{"_acf_changed":false},"product_brand":[],"product_cat":[65],"product_tag":[],"class_list":{"0":"post-908","1":"product","2":"type-product","3":"status-publish","4":"has-post-thumbnail","6":"product_cat-aanitteet","8":"first","9":"instock","10":"shipping-taxable","11":"product-type-simple"},"acf":[],"_links":{"self":[{"href":"https:\/\/etno.net\/en\/wp-json\/wp\/v2\/product\/908","targetHints":{"allow":["GET"]}}],"collection":[{"href":"https:\/\/etno.net\/en\/wp-json\/wp\/v2\/product"}],"about":[{"href":"https:\/\/etno.net\/en\/wp-json\/wp\/v2\/types\/product"}],"replies":[{"embeddable":true,"href":"https:\/\/etno.net\/en\/wp-json\/wp\/v2\/comments?post=908"}],"wp:featuredmedia":[{"embeddable":true,"href":"https:\/\/etno.net\/en\/wp-json\/wp\/v2\/media\/909"}],"wp:attachment":[{"href":"https:\/\/etno.net\/en\/wp-json\/wp\/v2\/media?parent=908"}],"wp:term":[{"taxonomy":"product_brand","embeddable":true,"href":"https:\/\/etno.net\/en\/wp-json\/wp\/v2\/product_brand?post=908"},{"taxonomy":"product_cat","embeddable":true,"href":"https:\/\/etno.net\/en\/wp-json\/wp\/v2\/product_cat?post=908"},{"taxonomy":"product_tag","embeddable":true,"href":"https:\/\/etno.net\/en\/wp-json\/wp\/v2\/product_tag?post=908"}],"curies":[{"name":"wp","href":"https:\/\/api.w.org\/{rel}","templated":true}]}}