{"id":919,"date":"2020-10-21T10:12:35","date_gmt":"2020-10-21T08:12:35","guid":{"rendered":"https:\/\/etno.net\/?post_type=product&#038;p=919"},"modified":"2021-12-23T14:57:41","modified_gmt":"2021-12-23T12:57:41","slug":"tan-longjian-tan-longjian","status":"publish","type":"product","link":"https:\/\/etno.net\/en\/julkaisu\/aanitteet\/tan-longjian-tan-longjian","title":{"rendered":"Tan Longjian: Tan Longjian"},"content":{"rendered":"<p>Tuottaja Anna-Kaisa Liedes<br \/>\n\u00c4\u00e4nitt\u00e4j\u00e4 Janne Viksten<\/p>\n<p><strong>1. Shibaban<\/strong><\/p>\n<!--[if lt IE 9]><script>document.createElement('audio');<\/script><![endif]-->\n<audio class=\"wp-audio-shortcode\" id=\"audio-919-1\" preload=\"none\" style=\"width: 100%;\" controls=\"controls\"><source type=\"audio\/mpeg\" src=\"https:\/\/etno.net\/wp-content\/uploads\/2020\/10\/etn_fcd_008_008_sou_001_prv.mp3?_=1\" \/><a href=\"https:\/\/etno.net\/wp-content\/uploads\/2020\/10\/etn_fcd_008_008_sou_001_prv.mp3\">https:\/\/etno.net\/wp-content\/uploads\/2020\/10\/etn_fcd_008_008_sou_001_prv.mp3<\/a><\/audio>\n<p>S\u00e4v. trad., sov. Li Yi.Kansanmusiikkia Henan&#8217;in maakunnastaTan Longjian: sanxian<\/p>\n<p><strong>2. Kaunis kuutamo joen yll\u00e4<\/strong><br \/>\nS\u00e4v. trad., sov. Li Yi.<\/p>\n<p>Klassinen kiinalainen s\u00e4velm\u00e4<\/p>\n<p>Tan Longjian: sanxian<\/p>\n<p><strong>3. Valituslaulu Kiinan muurin takaa<\/strong><\/p>\n<audio class=\"wp-audio-shortcode\" id=\"audio-919-2\" preload=\"none\" style=\"width: 100%;\" controls=\"controls\"><source type=\"audio\/mpeg\" src=\"https:\/\/etno.net\/wp-content\/uploads\/2020\/10\/etn_fcd_008_008_sou_003_prv.mp3?_=2\" \/><a href=\"https:\/\/etno.net\/wp-content\/uploads\/2020\/10\/etn_fcd_008_008_sou_003_prv.mp3\">https:\/\/etno.net\/wp-content\/uploads\/2020\/10\/etn_fcd_008_008_sou_003_prv.mp3<\/a><\/audio>\n<p>S\u00e4v. trad., sov. Li Yi.<\/p>\n<p>Klassinen kiinalainen s\u00e4velm\u00e4<\/p>\n<p>Kristiina Ilmonen: huilu<br \/>\nTan Longjian: sanxian<\/p>\n<p><strong>4. Virta<\/strong><br \/>\nS\u00e4v. trad., sov. Tan Longjian.<\/p>\n<p>Kansanmusiikkia Henan&#8217;in maakunnasta<\/p>\n<p>Tan Longjian: sanxian<\/p>\n<p><strong>5. Dalang taosha<\/strong><br \/>\nS\u00e4v. Abin, sov. Xiao Jiangsheng, Li Yi.<\/p>\n<p>Kolmiosainen kappale sokean muusikon el\u00e4m\u00e4st\u00e4<\/p>\n<p>Tan Longjian: sanxian<\/p>\n<p><strong>6. Hilpe\u00e4 ankka j\u00e4rven laineilla<\/strong><br \/>\nS\u00e4v. trad., sov. Xiao Jiangsheng.<\/p>\n<p>Perinteist\u00e4 silkki- ja bambumusiikkia Chaozhoun alueelta<\/p>\n<p>Tan Longjian: sanxian<\/p>\n<p><strong>7. Laulu Xiang-joesta<\/strong><br \/>\nS\u00e4v. trad., sov. Zhang Nianbin.<\/p>\n<p>Hunan&#8217;in maakunnan kansanmusiikkia<\/p>\n<p>Heini K\u00e4rkk\u00e4inen: piano<br \/>\nTan Longjian: sanxian<\/p>\n<p><strong>8. Yst\u00e4vien tapaaminen<\/strong><\/p>\n<audio class=\"wp-audio-shortcode\" id=\"audio-919-3\" preload=\"none\" style=\"width: 100%;\" controls=\"controls\"><source type=\"audio\/mpeg\" src=\"https:\/\/etno.net\/wp-content\/uploads\/2020\/10\/etn_fcd_008_008_sou_008_prv.mp3?_=3\" \/><a href=\"https:\/\/etno.net\/wp-content\/uploads\/2020\/10\/etn_fcd_008_008_sou_008_prv.mp3\">https:\/\/etno.net\/wp-content\/uploads\/2020\/10\/etn_fcd_008_008_sou_008_prv.mp3<\/a><\/audio>\n<p>S\u00e4v. trad., sov. Yan Daoyuan.<\/p>\n<p>Perinteinen tarinankerrontamelodia Shandong&#8217;in maakunnasta<\/p>\n<p>Heini K\u00e4rkk\u00e4inen: piano<br \/>\nTan Longjian: sanxian<\/p>\n<p><strong>9. Laulu rummusta<\/strong><br \/>\nS\u00e4v. Xiao Jiangsheng.<\/p>\n<p>Soolos\u00e4vellys sanxianille<\/p>\n<p>Heini K\u00e4rkk\u00e4inen: piano<br \/>\nTan Longjian: sanxian<\/p>\n","protected":false},"excerpt":{"rendered":"<div class=\"field field-name-body field-type-text-with-summary field-label-hidden\">\n<div class=\"field-items\">\n<div class=\"field-item even\">\n<p>Tan Longjian syntyi Nanjing&#8217;issa Kiinan kansantasavallassa lohik\u00e4\u00e4rmeen vuonna 1952. H\u00e4n aloitti perinteisen kiinalaisen musiikin opinnot kaksitoistavuotiaana Kiinalaisen musiikin konservatorion yhteydess\u00e4 toimivassa keskikoulussa Pekingiss\u00e4. H\u00e4n opiskeli sek\u00e4 edell\u00e4 mainitussa, ett\u00e4 toisessa pekingil\u00e4isess\u00e4 musiikkioppilaitoksessa, Kiinan keskuskonservatoriossa.<\/p>\n<p>Tan Longjian valmistui keskuskonservatorion kansanmusiikin osastolta vuonna 1982. H\u00e4n on toiminut opettajana Tianjinin konservatoriossa ja h\u00e4nell\u00e4 on lehtorin virka Kiinan keskuskonservatoriossa. Vuoden 1990 syksyll\u00e4 Tan Longjian saapui Suomeen opiskellakseen Sibelius-Akatemiassa kansanmusiikin koulutuslinjalla. Opiskelunsa aikana h\u00e4n on esiintynyt eri puolilla Suomea yli kahdessakymmeness\u00e4 konsertissa. Sibelius-Akatemiasta h\u00e4n valmistui joulukuussa 1994.<\/p>\n<\/div>\n<div><\/div>\n<\/div>\n<\/div>\n<div class=\"field field-name-field-kamucd-kuv-kirjoittaja field-type-text field-label-hidden\">\n<div class=\"field-items\">\n<div class=\"field-item even\"><em>Veli Rosenberg<\/em><\/div>\n<\/div>\n<\/div>","protected":false},"featured_media":923,"comment_status":"closed","ping_status":"closed","template":"","meta":{"_acf_changed":false},"product_brand":[],"product_cat":[65],"product_tag":[],"class_list":{"0":"post-919","1":"product","2":"type-product","3":"status-publish","4":"has-post-thumbnail","6":"product_cat-aanitteet","8":"first","9":"instock","10":"shipping-taxable","11":"product-type-simple"},"acf":[],"_links":{"self":[{"href":"https:\/\/etno.net\/en\/wp-json\/wp\/v2\/product\/919","targetHints":{"allow":["GET"]}}],"collection":[{"href":"https:\/\/etno.net\/en\/wp-json\/wp\/v2\/product"}],"about":[{"href":"https:\/\/etno.net\/en\/wp-json\/wp\/v2\/types\/product"}],"replies":[{"embeddable":true,"href":"https:\/\/etno.net\/en\/wp-json\/wp\/v2\/comments?post=919"}],"wp:featuredmedia":[{"embeddable":true,"href":"https:\/\/etno.net\/en\/wp-json\/wp\/v2\/media\/923"}],"wp:attachment":[{"href":"https:\/\/etno.net\/en\/wp-json\/wp\/v2\/media?parent=919"}],"wp:term":[{"taxonomy":"product_brand","embeddable":true,"href":"https:\/\/etno.net\/en\/wp-json\/wp\/v2\/product_brand?post=919"},{"taxonomy":"product_cat","embeddable":true,"href":"https:\/\/etno.net\/en\/wp-json\/wp\/v2\/product_cat?post=919"},{"taxonomy":"product_tag","embeddable":true,"href":"https:\/\/etno.net\/en\/wp-json\/wp\/v2\/product_tag?post=919"}],"curies":[{"name":"wp","href":"https:\/\/api.w.org\/{rel}","templated":true}]}}