{"id":930,"date":"2020-10-21T10:32:11","date_gmt":"2020-10-21T08:32:11","guid":{"rendered":"https:\/\/etno.net\/?post_type=product&#038;p=930"},"modified":"2022-07-06T13:27:19","modified_gmt":"2022-07-06T11:27:19","slug":"minna-raskinen-paljastuksia-revelations","status":"publish","type":"product","link":"https:\/\/etno.net\/en\/julkaisu\/aanitteet\/minna-raskinen-paljastuksia-revelations","title":{"rendered":"Minna Raskinen: Paljastuksia\/Revelations"},"content":{"rendered":"<p>Aloitin kanteleensoiton kymmenvuotiaana. Pikkuhiljaa kiinnyin soittimen ainutlaatuiseen \u00e4\u00e4neen, sen erilaisiin sointiv\u00e4reihin, toisaalta kirkkaaseen ja ohueen, toisaalta tummaan ja syv\u00e4\u00e4n sointiin. Kantele on hiljainen soitin. Minulle se on kuitenkin my\u00f6s voimakas, joskus dramaattinenkin.<\/p>\n<p>T\u00e4m\u00e4 on ensimm\u00e4inen soololevyni. Se sis\u00e4lt\u00e4\u00e4 omia s\u00e4vellyksi\u00e4ni suomalaiselle konserttikanteleelle. Ihastuin Kari Saviniemen runoihin, joista valitsin nelj\u00e4 &#8217;N\u00e4kyhiekkaa&#8217; -sarjaan (raidat 3-6). Runo toimii aiheena, inspiraation l\u00e4hteen\u00e4.<\/p>\n<p>&#8217;El\u00e4m\u00e4nvaunu&#8217; -s\u00e4vellys (raidat 8-10) syntyi Ritva Laijoki-Puskan k\u00e4sikirjoittamaan ja ohjaamaan dokumenttielokuvaan &#8217;Pienen pieni el\u00e4m\u00e4nvaunu&#8217;. Liikumme Pakistanissa ja Suomessa. S\u00e4velt\u00e4minen on hyvin henkil\u00f6kohtainen asia. S\u00e4vellykseni ovat koettuja, elettyj\u00e4 tunteita, iloja ja suruja, tutkimusmatkoja. &#8211; Siksi ne ovat osa minua.<\/p>\n<p>Tuottaja Heikki Laitinen<br \/>\n\u00c4\u00e4nitys Matti Kontio<br \/>\nMiksaus Matti Kontio, Minna Raskinen<\/p>\n<p><strong>1. L\u00e4ht\u00f6laulu<\/strong><\/p>\n<!--[if lt IE 9]><script>document.createElement('audio');<\/script><![endif]-->\n<audio class=\"wp-audio-shortcode\" id=\"audio-930-1\" preload=\"none\" style=\"width: 100%;\" controls=\"controls\"><source type=\"audio\/mpeg\" src=\"https:\/\/etno.net\/wp-content\/uploads\/2020\/10\/etn_fcd_010_010_sou_001_prv.mp3?_=1\" \/><a href=\"https:\/\/etno.net\/wp-content\/uploads\/2020\/10\/etn_fcd_010_010_sou_001_prv.mp3\">https:\/\/etno.net\/wp-content\/uploads\/2020\/10\/etn_fcd_010_010_sou_001_prv.mp3<\/a><\/audio>\n<p>S\u00e4v. Minna Raskinen.<\/p>\n<p>Mummun poismenon j\u00e4lkeen, viimeisen\u00e4 kev\u00e4\u00e4n\u00e4<\/p>\n<p>Minna Raskinen: konserttikantele<\/p>\n<p><strong>2. Jig<\/strong><br \/>\nS\u00e4v. Minna Raskinen.<\/p>\n<p>Menokappale kahdelle suurkanteleelle<\/p>\n<p>Minna Raskinen: konserttikantele<\/p>\n<p><strong>3. Aurinko<\/strong><br \/>\nS\u00e4v. Minna Raskinen.<\/p>\n<p>Minna Raskinen: konserttikantele<\/p>\n<p><strong>4. Kuunvalo<\/strong><br \/>\nS\u00e4v. Minna Raskinen.<\/p>\n<p>Minna Raskinen: konserttikantele<\/p>\n<p><strong>5. Sade<\/strong><br \/>\nS\u00e4v. Minna Raskinen.<\/p>\n<p>Minna Raskinen: konserttikantele<\/p>\n<p><strong>6. Hiekka<\/strong><br \/>\nS\u00e4v. Minna Raskinen.<\/p>\n<p>Minna Raskinen: konserttikantele<\/p>\n<p><strong>7. Hipsutusta<\/strong><\/p>\n<audio class=\"wp-audio-shortcode\" id=\"audio-930-2\" preload=\"none\" style=\"width: 100%;\" controls=\"controls\"><source type=\"audio\/mpeg\" src=\"https:\/\/etno.net\/wp-content\/uploads\/2020\/10\/etn_fcd_010_010_sou_007_prv.mp3?_=2\" \/><a href=\"https:\/\/etno.net\/wp-content\/uploads\/2020\/10\/etn_fcd_010_010_sou_007_prv.mp3\">https:\/\/etno.net\/wp-content\/uploads\/2020\/10\/etn_fcd_010_010_sou_007_prv.mp3<\/a><\/audio>\n<p>S\u00e4v. Minna Raskinen.<\/p>\n<p>Kilpailukappale kanteles\u00e4vellyskilpailuun vuonna 1988<\/p>\n<p>Minna Raskinen: konserttikantele<\/p>\n<p><strong>8. Meditaatio<\/strong><br \/>\nS\u00e4v. Minna Raskinen.<\/p>\n<p>Minna Raskinen: konserttikantele<\/p>\n<p><strong>9. Matkustus<\/strong><br \/>\nS\u00e4v. Minna Raskinen.<\/p>\n<p>Minna Raskinen: konserttikantele<\/p>\n<p><strong>10. Lumitanssi<\/strong><\/p>\n<audio class=\"wp-audio-shortcode\" id=\"audio-930-3\" preload=\"none\" style=\"width: 100%;\" controls=\"controls\"><source type=\"audio\/mpeg\" src=\"https:\/\/etno.net\/wp-content\/uploads\/2020\/10\/etn_fcd_010_010_sou_011_prv.mp3?_=3\" \/><a href=\"https:\/\/etno.net\/wp-content\/uploads\/2020\/10\/etn_fcd_010_010_sou_011_prv.mp3\">https:\/\/etno.net\/wp-content\/uploads\/2020\/10\/etn_fcd_010_010_sou_011_prv.mp3<\/a><\/audio>\n<p>S\u00e4v. Minna Raskinen.<\/p>\n<p>Minna Raskinen: konserttikantele<\/p>\n<p><strong>11. Surumarssi<\/strong><br \/>\nS\u00e4v. Minna Raskinen.<\/p>\n<p>Soitto taitaa todella olla suruista tehty<\/p>\n<p>Minna Raskinen: konserttikantele<\/p>\n<p><strong>12. Osaka Kokusai<\/strong><br \/>\nS\u00e4v. Minna Raskinen.<\/p>\n<p>Japanin vierailun synnytt\u00e4m\u00e4 improvisatorinen s\u00e4vellys<\/p>\n<p>Minna Raskinen: konserttikantele<\/p>\n<p><strong>13. Pimeess&#8217; tanssii<\/strong><br \/>\nS\u00e4v. Minna Raskinen.<\/p>\n<p>Alussa oli sivellin&#8230;<\/p>\n<p>Minna Raskinen: konserttikantele<\/p>\n","protected":false},"excerpt":{"rendered":"<p>Aloitin kanteleensoiton kymmenvuotiaana. Pikkuhiljaa kiinnyin soittimen ainutlaatuiseen \u00e4\u00e4neen, sen erilaisiin sointiv\u00e4reihin, toisaalta kirkkaaseen ja ohueen, toisaalta tummaan ja syv\u00e4\u00e4n sointiin. Kantele on hiljainen soitin. Minulle se on kuitenkin my\u00f6s voimakas, joskus dramaattinenkin. T\u00e4m\u00e4 on ensimm\u00e4inen soololevyni. Se sis\u00e4lt\u00e4\u00e4 omia s\u00e4vellyksi\u00e4ni suomalaiselle konserttikanteleelle. Ihastuin Kari Saviniemen runoihin, joista valitsin nelj\u00e4 &#8217;N\u00e4kyhiekkaa&#8217; -sarjaan (raidat 3-6). Runo toimii [&hellip;]<\/p>\n","protected":false},"featured_media":934,"comment_status":"closed","ping_status":"closed","template":"","meta":{"_acf_changed":false},"product_brand":[],"product_cat":[65],"product_tag":[],"class_list":{"0":"post-930","1":"product","2":"type-product","3":"status-publish","4":"has-post-thumbnail","6":"product_cat-aanitteet","8":"first","9":"instock","10":"shipping-taxable","11":"product-type-simple"},"acf":[],"_links":{"self":[{"href":"https:\/\/etno.net\/en\/wp-json\/wp\/v2\/product\/930","targetHints":{"allow":["GET"]}}],"collection":[{"href":"https:\/\/etno.net\/en\/wp-json\/wp\/v2\/product"}],"about":[{"href":"https:\/\/etno.net\/en\/wp-json\/wp\/v2\/types\/product"}],"replies":[{"embeddable":true,"href":"https:\/\/etno.net\/en\/wp-json\/wp\/v2\/comments?post=930"}],"wp:featuredmedia":[{"embeddable":true,"href":"https:\/\/etno.net\/en\/wp-json\/wp\/v2\/media\/934"}],"wp:attachment":[{"href":"https:\/\/etno.net\/en\/wp-json\/wp\/v2\/media?parent=930"}],"wp:term":[{"taxonomy":"product_brand","embeddable":true,"href":"https:\/\/etno.net\/en\/wp-json\/wp\/v2\/product_brand?post=930"},{"taxonomy":"product_cat","embeddable":true,"href":"https:\/\/etno.net\/en\/wp-json\/wp\/v2\/product_cat?post=930"},{"taxonomy":"product_tag","embeddable":true,"href":"https:\/\/etno.net\/en\/wp-json\/wp\/v2\/product_tag?post=930"}],"curies":[{"name":"wp","href":"https:\/\/api.w.org\/{rel}","templated":true}]}}