{"id":940,"date":"2020-10-21T10:49:27","date_gmt":"2020-10-21T08:49:27","guid":{"rendered":"https:\/\/etno.net\/?post_type=product&#038;p=940"},"modified":"2021-12-23T14:55:33","modified_gmt":"2021-12-23T12:55:33","slug":"the-helsinki-mandoliners-the-helsinki-mandoliners","status":"publish","type":"product","link":"https:\/\/etno.net\/en\/julkaisu\/aanitteet\/the-helsinki-mandoliners-the-helsinki-mandoliners","title":{"rendered":"The Helsinki Mandoliners: The Helsinki Mandoliners"},"content":{"rendered":"<p>Tuotanto The Helsinki Mandoliners<br \/>\n\u00c4\u00e4nitys Janne Viksten<br \/>\nMiksaus Janne Viksten ja Petri Hakala<\/p>\n<p><strong>1. Ini\u00f6 brudmarsch<\/strong><br \/>\nS\u00e4v. trad., sov. Arto J\u00e4rvel\u00e4.<\/p>\n<p>Petri Hakala: cittern<br \/>\nArto J\u00e4rvel\u00e4: oktaavimandoliini<br \/>\nOlli Varis: mandoliini<\/p>\n<p><strong>2. Mandoliners polska<\/strong><\/p>\n<!--[if lt IE 9]><script>document.createElement('audio');<\/script><![endif]-->\n<audio class=\"wp-audio-shortcode\" id=\"audio-940-1\" preload=\"none\" style=\"width: 100%;\" controls=\"controls\"><source type=\"audio\/mpeg\" src=\"https:\/\/etno.net\/wp-content\/uploads\/2020\/10\/etn_fcd_012_012_sou_002_prv.mp3?_=1\" \/><a href=\"https:\/\/etno.net\/wp-content\/uploads\/2020\/10\/etn_fcd_012_012_sou_002_prv.mp3\">https:\/\/etno.net\/wp-content\/uploads\/2020\/10\/etn_fcd_012_012_sou_002_prv.mp3<\/a><\/audio>\n<p>S\u00e4v. Arto J\u00e4rvel\u00e4.<\/p>\n<p>Petri Hakala: mandoliini<br \/>\nArto J\u00e4rvel\u00e4: mandoliini<br \/>\nOlli Varis: mandoliini<br \/>\nTapani Varis: kontrabasso<\/p>\n<p><strong>3. Seijari ja Pinni<\/strong><br \/>\nS\u00e4v. trad., sov. Arto J\u00e4rvel\u00e4, Olli Varis.<\/p>\n<p>Petri Hakala: cittern<br \/>\nArto J\u00e4rvel\u00e4: mandoliini<br \/>\nOlli Varis: mandoliini<\/p>\n<p><strong>4. Vakop\u00e4\u00e4valssi<\/strong><br \/>\nS\u00e4v. Arto J\u00e4rvel\u00e4.<\/p>\n<p>Petri Hakala: mandoliini<br \/>\nArto J\u00e4rvel\u00e4: mandoliini<br \/>\nOlli Varis: mandoliini<\/p>\n<p><strong>5. Stundars menuett &amp; polska<\/strong><br \/>\nS\u00e4v. Bruno Faartti, sov. Arto J\u00e4rvel\u00e4.<\/p>\n<p>Petri Hakala: mandoliini<br \/>\nArto J\u00e4rvel\u00e4: oktaavimandoliini<br \/>\nOlli Varis: mandoliini<\/p>\n<p><strong>6. Tisvasser sotiisi<\/strong><\/p>\n<audio class=\"wp-audio-shortcode\" id=\"audio-940-2\" preload=\"none\" style=\"width: 100%;\" controls=\"controls\"><source type=\"audio\/mpeg\" src=\"https:\/\/etno.net\/wp-content\/uploads\/2020\/10\/etn_fcd_012_012_sou_006_prv.mp3?_=2\" \/><a href=\"https:\/\/etno.net\/wp-content\/uploads\/2020\/10\/etn_fcd_012_012_sou_006_prv.mp3\">https:\/\/etno.net\/wp-content\/uploads\/2020\/10\/etn_fcd_012_012_sou_006_prv.mp3<\/a><\/audio>\n<p>S\u00e4v. trad., sov. Arto J\u00e4rvel\u00e4.<\/p>\n<p>Petri Hakala: mandoliini<br \/>\nArto J\u00e4rvel\u00e4: mandoliini<br \/>\nOlli Varis: mandoliini<\/p>\n<p><strong>7. Polska fr\u00e5n Larsvik<\/strong><br \/>\nS\u00e4v. Arto J\u00e4rvel\u00e4.<\/p>\n<p>Petri Hakala: cittern<br \/>\nArto J\u00e4rvel\u00e4: oktaavimandoliini<\/p>\n<p><strong>8. Jakom\u00e4kivalssi<\/strong><br \/>\nS\u00e4v. Petri Hakala, Arto J\u00e4rvel\u00e4, trad., Olli Varis.<\/p>\n<p>Petri Hakala: cittern<br \/>\nArto J\u00e4rvel\u00e4: mandoliini<br \/>\nOlli Varis: mandoliini<br \/>\nTapani Varis: kontrabasso<\/p>\n<p><strong>9. Menuetti ja Tytt\u00f6rinki<\/strong><br \/>\nS\u00e4v. trad., sov. Petri Hakala, Arto J\u00e4rvel\u00e4, Olli Varis.<\/p>\n<p>Petri Hakala: cittern<br \/>\nArto J\u00e4rvel\u00e4: mandoliini<br \/>\nOlli Varis: mandoliini<\/p>\n<p><strong>10. Pelianttimarssi<\/strong><br \/>\nS\u00e4v. Petri Hakala, Arto J\u00e4rvel\u00e4, Olli Varis.<\/p>\n<p>Petri Hakala: mandoliini<br \/>\nArto J\u00e4rvel\u00e4: oktaavimandoliini<br \/>\nOlli Varis: mandoliini<\/p>\n<p><strong>11. Tuoltapa kuuluu lehm\u00e4nkello<\/strong><\/p>\n<audio class=\"wp-audio-shortcode\" id=\"audio-940-3\" preload=\"none\" style=\"width: 100%;\" controls=\"controls\"><source type=\"audio\/mpeg\" src=\"https:\/\/etno.net\/wp-content\/uploads\/2020\/10\/etn_fcd_012_012_sou_011_prv.mp3?_=3\" \/><a href=\"https:\/\/etno.net\/wp-content\/uploads\/2020\/10\/etn_fcd_012_012_sou_011_prv.mp3\">https:\/\/etno.net\/wp-content\/uploads\/2020\/10\/etn_fcd_012_012_sou_011_prv.mp3<\/a><\/audio>\n<p>S\u00e4v. trad., sov. Petri Hakala, Arto J\u00e4rvel\u00e4, Olli Varis.<\/p>\n<p>Petri Hakala: cittern<br \/>\nArto J\u00e4rvel\u00e4: mandoliini<br \/>\nOlli Varis: mandoliini<\/p>\n<p><strong>12. Toinen Rastas<\/strong><br \/>\nS\u00e4v. trad., sov. Petri Hakala, Arto J\u00e4rvel\u00e4, Olli Varis.<\/p>\n<p>Petri Hakala: mandoliini<br \/>\nArto J\u00e4rvel\u00e4: mandoliini<br \/>\nOlli Varis: mandoliini<br \/>\nTapani Varis: kontrabasso<\/p>\n","protected":false},"excerpt":{"rendered":"<p>Sailin from the northern waters of the world&#8217;s mando-oceans comes the Helsinki Mandoliners with a different repertoire and approach to the mandolin trio format. This group is comprised of three of Finland&#8217;s top progressive folk musicians, all of whom are involved with other touring\/recording bands.<\/p>\n<p>Though best known today as a guitarist, Olli Varis (1st mandolin, i.e. melody) started out as a mandolin player. Fiddler Arto J\u00e4rvel\u00e4 (2nd mandolin &#8211; low melody &amp; harmony parts, octave mandolin) added both big and small mandos to his arsenal of Finnish instruments. Petri Hakala (cittern &#8211; even lower melodies, mandolin) started out mainly as a mandolinist playing bluegrass and celtic before moving on to Finnish folk. They&#8217;ve adapted the twin fiddle arranging styles to mandolins, plus adding international elements. &#8221;Mandoliners Polska&#8221; has a bit of the Dave Apollon and &#8221;new acoustic feel&#8221;. &#8221;Toinen Rastas&#8221; has a Greek sound, though it&#8217;s a traditional Finn fiddle tune with a bit of bird call imitation. Add original material and you have a fresh new slant on the mandolin trio ensemble.<\/p>\n<p>The ship leaves from Helsinki harbour when you push the &#8217;play&#8217; button on your stereo! Have a nice cruise!<\/p>\n<p><em>Niles Hokkanen &#8211; editor, The Mandocrucian&#8217;s Digest<\/em><\/p>","protected":false},"featured_media":944,"comment_status":"closed","ping_status":"closed","template":"","meta":{"_acf_changed":false},"product_brand":[],"product_cat":[65],"product_tag":[],"class_list":{"0":"post-940","1":"product","2":"type-product","3":"status-publish","4":"has-post-thumbnail","6":"product_cat-aanitteet","8":"first","9":"instock","10":"shipping-taxable","11":"product-type-simple"},"acf":[],"_links":{"self":[{"href":"https:\/\/etno.net\/en\/wp-json\/wp\/v2\/product\/940","targetHints":{"allow":["GET"]}}],"collection":[{"href":"https:\/\/etno.net\/en\/wp-json\/wp\/v2\/product"}],"about":[{"href":"https:\/\/etno.net\/en\/wp-json\/wp\/v2\/types\/product"}],"replies":[{"embeddable":true,"href":"https:\/\/etno.net\/en\/wp-json\/wp\/v2\/comments?post=940"}],"wp:featuredmedia":[{"embeddable":true,"href":"https:\/\/etno.net\/en\/wp-json\/wp\/v2\/media\/944"}],"wp:attachment":[{"href":"https:\/\/etno.net\/en\/wp-json\/wp\/v2\/media?parent=940"}],"wp:term":[{"taxonomy":"product_brand","embeddable":true,"href":"https:\/\/etno.net\/en\/wp-json\/wp\/v2\/product_brand?post=940"},{"taxonomy":"product_cat","embeddable":true,"href":"https:\/\/etno.net\/en\/wp-json\/wp\/v2\/product_cat?post=940"},{"taxonomy":"product_tag","embeddable":true,"href":"https:\/\/etno.net\/en\/wp-json\/wp\/v2\/product_tag?post=940"}],"curies":[{"name":"wp","href":"https:\/\/api.w.org\/{rel}","templated":true}]}}