{"id":945,"date":"2020-10-21T10:53:47","date_gmt":"2020-10-21T08:53:47","guid":{"rendered":"https:\/\/etno.net\/?post_type=product&#038;p=945"},"modified":"2021-12-23T14:55:07","modified_gmt":"2021-12-23T12:55:07","slug":"helsingin-kaksrivisnaiset-helsingin-kaksrivisnaiset","status":"publish","type":"product","link":"https:\/\/etno.net\/en\/julkaisu\/aanitteet\/helsingin-kaksrivisnaiset-helsingin-kaksrivisnaiset","title":{"rendered":"Helsingin Kaksrivisnaiset: Helsingin Kaksrivisnaiset"},"content":{"rendered":"<p>Tuotanto Helsingin Kaksrivisnaiset<br \/>\n\u00c4\u00e4nitys Teemu Korpip\u00e4\u00e4<\/p>\n<p><strong>1. Tsuiluikka<\/strong><\/p>\n<!--[if lt IE 9]><script>document.createElement('audio');<\/script><![endif]-->\n<audio class=\"wp-audio-shortcode\" id=\"audio-945-1\" preload=\"none\" style=\"width: 100%;\" controls=\"controls\"><source type=\"audio\/mpeg\" src=\"https:\/\/etno.net\/wp-content\/uploads\/2020\/10\/etn_fcd_013_013_sou_001_prv.mp3?_=1\" \/><a href=\"https:\/\/etno.net\/wp-content\/uploads\/2020\/10\/etn_fcd_013_013_sou_001_prv.mp3\">https:\/\/etno.net\/wp-content\/uploads\/2020\/10\/etn_fcd_013_013_sou_001_prv.mp3<\/a><\/audio>\n<p>S\u00e4v. Maria Kalaniemi, sov. Maria Kalaniemi, Maija Karhinen, Sirkka Kosonen, Riitta Kossi, Pia Rask.<\/p>\n<p>Maria Kalaniemi: 2-rivinen haitari, laulu<br \/>\nMaija Karhinen: 2-rivinen haitari, laulu<br \/>\nSirkka Kosonen: 2-rivinen haitari, laulu<br \/>\nRiitta Kossi: 2-rivinen haitari, laulu<br \/>\nPia Rask: 2-rivinen haitari, laulu<\/p>\n<p><strong>2. Mambo Italiano<\/strong><br \/>\nS\u00e4v. Bob Merrill, san. Olaus, sov. Pia Rask.<\/p>\n<p>Maria Kalaniemi: 2-rivinen haitari, laulu<br \/>\nMaija Karhinen: 2-rivinen haitari, laulu<br \/>\nSirkka Kosonen: 2-rivinen haitari, laulu<br \/>\nRiitta Kossi: 2-rivinen haitari, laulu<br \/>\nPia Rask: 2-rivinen haitari, laulu (soolo)<\/p>\n<p><strong>3. Kaksi Taunoa<\/strong><\/p>\n<audio class=\"wp-audio-shortcode\" id=\"audio-945-2\" preload=\"none\" style=\"width: 100%;\" controls=\"controls\"><source type=\"audio\/mpeg\" src=\"https:\/\/etno.net\/wp-content\/uploads\/2020\/10\/etn_fcd_013_013_sou_003_prv.mp3?_=2\" \/><a href=\"https:\/\/etno.net\/wp-content\/uploads\/2020\/10\/etn_fcd_013_013_sou_003_prv.mp3\">https:\/\/etno.net\/wp-content\/uploads\/2020\/10\/etn_fcd_013_013_sou_003_prv.mp3<\/a><\/audio>\n<p>S\u00e4v. trad.<\/p>\n<p>Maria Kalaniemi: 2-rivinen haitari, laulu<br \/>\nMaija Karhinen: 2-rivinen haitari, laulu<br \/>\nSirkka Kosonen: 2-rivinen haitari, laulu<br \/>\nRiitta Kossi: 2-rivinen haitari, laulu<br \/>\nPia Rask: 2-rivinen haitari, laulu<\/p>\n<p><strong>4. Hiljainen suru<\/strong><\/p>\n<audio class=\"wp-audio-shortcode\" id=\"audio-945-3\" preload=\"none\" style=\"width: 100%;\" controls=\"controls\"><source type=\"audio\/mpeg\" src=\"https:\/\/etno.net\/wp-content\/uploads\/2020\/10\/etn_fcd_013_013_sou_004_prv.mp3?_=3\" \/><a href=\"https:\/\/etno.net\/wp-content\/uploads\/2020\/10\/etn_fcd_013_013_sou_004_prv.mp3\">https:\/\/etno.net\/wp-content\/uploads\/2020\/10\/etn_fcd_013_013_sou_004_prv.mp3<\/a><\/audio>\n<p>S\u00e4v. trad., san. trad., sov. Maija Karhinen.<\/p>\n<p>Maria Kalaniemi: 2-rivinen haitari, laulu<br \/>\nMaija Karhinen: 2-rivinen haitari, laulu (soolo)<br \/>\nSirkka Kosonen: 2-rivinen haitari, laulu<br \/>\nRiitta Kossi: 2-rivinen haitari, laulu<br \/>\nPia Rask: 2-rivinen haitari, laulu<\/p>\n<p><strong>5. Tsuiluikka II (remix)<\/strong><br \/>\nS\u00e4v. Maria Kalaniemi, sov. Maria Kalaniemi, Maija Karhinen, Sirkka Kosonen, Riitta Kossi, Pia Rask.<\/p>\n<p>Maria Kalaniemi: 2-rivinen haitari, laulu<br \/>\nMaija Karhinen: 2-rivinen haitari, laulu<br \/>\nSirkka Kosonen: 2-rivinen haitari, laulu<br \/>\nRiitta Kossi: 2-rivinen haitari, laulu<br \/>\nPia Rask: 2-rivinen haitari, laulu<\/p>\n","protected":false},"excerpt":{"rendered":"<p>Suomalaisen kansanmusiikin k\u00e4rjess\u00e4 astelee v\u00e4rik\u00e4s ryhm\u00e4. Viisi nuorta naista nostavat kaksirivisen haitarin perinteiden pett\u00e4v\u00e4st\u00e4 suosta uuteen, s\u00e4ken\u00f6iv\u00e4\u00e4n ilmaisuun: The Helsinki Melodeon Ladies.<\/p>\n<p>Kymmenell\u00e4 rivill\u00e4 ja viidell\u00e4kymmenell\u00e4 sormella niin vanhat polkat, dramaattiset tangot, herk\u00e4t kansanlaulut, kansanomaiset kupletit, kuin 50 -luvun iskelm\u00e4tkin saavat t\u00e4m\u00e4n el\u00e4m\u00e4niloisen tytt\u00f6rivist\u00f6n k\u00e4tten kautta raikkaan ja mehev\u00e4n tulkinnan. L\u00e4mmint\u00e4 perinnett\u00e4 ja t\u00e4t\u00e4 p\u00e4iv\u00e4\u00e4. Suloa ja naisellista karskiutta. Nautinto kuunnella ja miellytt\u00e4v\u00e4 katsella. &#8211; T\u00e4t\u00e4 kaikkea on Helsingin Kaksrivisnaiset.<\/p>\n<p><em>Maria Kalaniemi<\/em><\/p>","protected":false},"featured_media":951,"comment_status":"closed","ping_status":"closed","template":"","meta":{"_acf_changed":false},"product_brand":[],"product_cat":[65],"product_tag":[],"class_list":{"0":"post-945","1":"product","2":"type-product","3":"status-publish","4":"has-post-thumbnail","6":"product_cat-aanitteet","8":"first","9":"instock","10":"shipping-taxable","11":"product-type-simple"},"acf":[],"_links":{"self":[{"href":"https:\/\/etno.net\/en\/wp-json\/wp\/v2\/product\/945","targetHints":{"allow":["GET"]}}],"collection":[{"href":"https:\/\/etno.net\/en\/wp-json\/wp\/v2\/product"}],"about":[{"href":"https:\/\/etno.net\/en\/wp-json\/wp\/v2\/types\/product"}],"replies":[{"embeddable":true,"href":"https:\/\/etno.net\/en\/wp-json\/wp\/v2\/comments?post=945"}],"wp:featuredmedia":[{"embeddable":true,"href":"https:\/\/etno.net\/en\/wp-json\/wp\/v2\/media\/951"}],"wp:attachment":[{"href":"https:\/\/etno.net\/en\/wp-json\/wp\/v2\/media?parent=945"}],"wp:term":[{"taxonomy":"product_brand","embeddable":true,"href":"https:\/\/etno.net\/en\/wp-json\/wp\/v2\/product_brand?post=945"},{"taxonomy":"product_cat","embeddable":true,"href":"https:\/\/etno.net\/en\/wp-json\/wp\/v2\/product_cat?post=945"},{"taxonomy":"product_tag","embeddable":true,"href":"https:\/\/etno.net\/en\/wp-json\/wp\/v2\/product_tag?post=945"}],"curies":[{"name":"wp","href":"https:\/\/api.w.org\/{rel}","templated":true}]}}