{"id":947,"date":"2020-10-21T10:57:09","date_gmt":"2020-10-21T08:57:09","guid":{"rendered":"https:\/\/etno.net\/?post_type=product&#038;p=947"},"modified":"2021-11-12T09:43:58","modified_gmt":"2021-11-12T07:43:58","slug":"katrilli-toisesta-elamasta-quadrille-from-another-life","status":"publish","type":"product","link":"https:\/\/etno.net\/en\/julkaisu\/aanitteet\/katrilli-toisesta-elamasta-quadrille-from-another-life","title":{"rendered":"Katrilli toisesta el\u00e4m\u00e4st\u00e4 \/ Quadrille from Another Life"},"content":{"rendered":"<div class=\"field field-name-field-kamucd-teknikot field-type-text-long field-label-hidden\">\n<div class=\"field-items\">\n<div class=\"field-item even\">\n<p>\u00c4\u00e4nitetty ja miksattu Musiikkitalossa 2018<br \/>\nRecorded and mixed in 2018 at the Helsinki Music Center<\/p>\n<p>\u00c4\u00e4nitys ja miksaus \/ Recording and mixing:\u00a0<strong>Tuomas Haimakainen<\/strong><br \/>\nTaiteellinen tuottaja \/ Artistic producer:\u00a0<strong>Timo Alakotila<\/strong><br \/>\nMasterointi \/ Mastering:\u00a0<strong>Svante Forsb\u00e4ck<\/strong>\u00a0at Chartmakers<br \/>\nValokuvat ja kannet \/ Photography and cover:\u00a0<strong>Jimmy Tr\u00e4skelin<\/strong><br \/>\nVastaava tuottaja \/ Executive producer:\u00a0<strong>Juhani N\u00e4reharju<\/strong><\/p>\n<\/div>\n<\/div>\n<\/div>\n<div class=\"field field-name-field-kamucd-yht-kokoonpano field-type-text-long field-label-inline clearfix\">\n<div class=\"field-label\">Muusikot:<\/div>\n<div class=\"field-items\">\n<div class=\"field-item even\">\n<p>Taiteellinen johtaja \/ Artistic director:\u00a0<strong>Petri Prauda<\/strong><br \/>\nIntendentti \/ Intendant:\u00a0<strong>Sirpa Lahti<\/strong><\/p>\n<p><strong>Roope Aarnio<\/strong>\u00a0mandoliini, kitara \/ mandolin, guitar<br \/>\n<strong>Heli Hartikainen\u00a0<\/strong>tenorisaksofoni, klarinetti \/ tenor saxophone, clarinet<br \/>\n<strong>Anna Hughes\u00a0<\/strong>viulu \/ violin<br \/>\n<strong>Erika Hammarberg\u00a0<\/strong>laulu \/ voice<br \/>\n<strong>Essi Hirvonen<\/strong>\u00a0kontrabasso \/ double bass<br \/>\n<strong>Maija Holopainen<\/strong>\u00a0viulu \/ violin<br \/>\n<strong>Elisa H\u00e4rm\u00e4<\/strong>\u00a0laulu \/ voice<br \/>\n<strong>Esko J\u00e4rvel\u00e4<\/strong>\u00a0viulu \/ violin<br \/>\n<strong>Pilvi J\u00e4rvel\u00e4<\/strong>\u00a0harmooni \/ harmonium<br \/>\n<strong>Vilma J\u00e4\u00e4skel\u00e4inen<\/strong>\u00a0laulu, viulu \/ voice, violin<br \/>\n<strong>Sinikka Kontio<\/strong>\u00a0kantele \/ kantele<br \/>\n<strong>Sirkka Kosonen<\/strong>\u00a0laulu \/ voice<br \/>\n<strong>Lauri Kotam\u00e4ki\u00a0<\/strong>harmonikka \/ accordion<br \/>\n<strong>Aino Kovanen<\/strong>\u00a0poikkihuilu \/ flute<br \/>\n<strong>Lukas Kristo<\/strong>\u00a0harmooni \/ harmonium<br \/>\n<strong>Veera Kuisma<\/strong>\u00a0viulu \/ violin<br \/>\n<strong>Verna Kylm\u00e4nen<\/strong>\u00a0harmonikka \/ accordion<br \/>\n<strong>Pekko K\u00e4ppi<\/strong>\u00a0jouhikko, laulu \/ bowed lyre, voice<br \/>\n<strong>Oskari Lehtonen<\/strong>\u00a0ly\u00f6m\u00e4soittimet \/ percussion<br \/>\n<strong>Troels Lorenzen<\/strong>\u00a0harmonikka \/ accordion<br \/>\n<strong>Annika Lyytik\u00e4inen<\/strong>\u00a0klarinetti \/ clarinet<br \/>\n<strong>Mikko Malmivaara<\/strong>\u00a0kitara \/ guitar<br \/>\n<strong>Emma Myllynen<\/strong>\u00a0kantele \/ kantele<br \/>\n<strong>Janne Ojaj\u00e4rvi<\/strong>\u00a0huuliharppu, munniharppu \/ harmonica, mouth harp<br \/>\n<strong>Kirsi Ojala<\/strong>\u00a0kansanomaiset huilut, munniharppu \/ folk flutes, mouth harp<br \/>\n<strong>J-P Piirainen<\/strong>\u00a0kitara \/ guitar<br \/>\n<strong>Petri Prauda<\/strong>\u00a0cittern, munniharppu \/ cittern, mouth harp<br \/>\n<strong>Onni Rajaniemi<\/strong>\u00a0kitara, laulu \/ guitar, voice<br \/>\n<strong>Hanna Ryyn\u00e4nen<\/strong>\u00a0kantele \/ kantele<br \/>\n<strong>Sanna Salonen<\/strong>\u00a0sopraanosaksofoni, bassoklarinetti \/ soprano saxophone, bass clarinet<br \/>\n<strong>Esa Satomaa<\/strong>\u00a0viulu \/ violin<br \/>\n<strong>Mirva Soininen<\/strong>\u00a0laulu \/ voice<br \/>\n<strong>Oona Tuominen<\/strong>\u00a0viulu \/ violin<br \/>\n<strong>Viola Uotila<\/strong>\u00a0kantele, sello \/ kantele, cello<br \/>\n<strong>Sanni Virta<\/strong>\u00a0kantele, laulu \/ kantele, voice<br \/>\n<strong>Aurora Visa<\/strong>\u00a0kantele \/ kantele<\/p>\n<p>Feat. Global Orchestra (track 11)<\/p>\n<\/div>\n<\/div>\n<\/div>\n<div class=\"field field-name-field-kamucd-raidat field-type-text-long field-label-hidden\">\n<div class=\"field-items\">\n<div class=\"field-item even\">\n<p>1.\u00a0<strong>Levoton syd\u00e4n<\/strong>\u00a0<em>5&#8217;45<\/em><br \/>\nJutta Rahmel, san. \/ lyrics trad.<\/p>\n<!--[if lt IE 9]><script>document.createElement('audio');<\/script><![endif]-->\n<audio class=\"wp-audio-shortcode\" id=\"audio-947-1\" preload=\"none\" style=\"width: 100%;\" controls=\"controls\"><source type=\"audio\/mpeg\" src=\"https:\/\/etno.net\/wp-content\/uploads\/2020\/10\/01-levoton_sydan-mastered_etnonet.mp3?_=1\" \/><a href=\"https:\/\/etno.net\/wp-content\/uploads\/2020\/10\/01-levoton_sydan-mastered_etnonet.mp3\">https:\/\/etno.net\/wp-content\/uploads\/2020\/10\/01-levoton_sydan-mastered_etnonet.mp3<\/a><\/audio>\n<p>2.\u00a0<strong>Hurja poika<\/strong>\u00a0<em>3&#8217;26<\/em><br \/>\nEsko J\u00e4rvel\u00e4, san. \/ lyrics Tuomari Nurmio<\/p>\n<p>3.\u00a0<strong>Katrilli toisesta el\u00e4m\u00e4st\u00e4<\/strong>\u00a0<em>4&#8217;51<\/em><br \/>\nJ-P Piirainen, san. \/ lyrics trad.<\/p>\n<audio class=\"wp-audio-shortcode\" id=\"audio-947-2\" preload=\"none\" style=\"width: 100%;\" controls=\"controls\"><source type=\"audio\/mpeg\" src=\"https:\/\/etno.net\/wp-content\/uploads\/2020\/10\/03-katrilli_toisesta_elamasta-mastered_etnonet.mp3?_=2\" \/><a href=\"https:\/\/etno.net\/wp-content\/uploads\/2020\/10\/03-katrilli_toisesta_elamasta-mastered_etnonet.mp3\">https:\/\/etno.net\/wp-content\/uploads\/2020\/10\/03-katrilli_toisesta_elamasta-mastered_etnonet.mp3<\/a><\/audio>\n<p>4.\u00a0<strong>Kyynelvalssi<\/strong>\u00a0<em>5&#8217;36<\/em><br \/>\nOtto Hotakainen, sov. \/ arr. Leija Lautamaja, san. \/ lyrics trad.<\/p>\n<p>5.\u00a0<strong>Blue Squadron<\/strong>\u00a0<em>4&#8217;05<\/em><br \/>\nAnni Tolvanen<\/p>\n<p>6.\u00a0<strong>Muut ne vaihtaa valkioitaan<\/strong>\u00a0<em>5&#8217;08<\/em><br \/>\nPetra Poutanen-Hurme<\/p>\n<p>7.\u00a0<strong>Rooftop Crossbow Shark Attack Polska<\/strong>\u00a0<em>5&#8217;45<\/em><br \/>\nTeemu Eerola<\/p>\n<p>8.\u00a0<strong>Oi sinutko unhoittaisin<\/strong>\u00a0<em>2&#8217;35<\/em><br \/>\ntrad. &amp; Sirkka Kosonen, sov. \/ arr. Sirkka Kosonen, san. \/ lyrics trad.<\/p>\n<audio class=\"wp-audio-shortcode\" id=\"audio-947-3\" preload=\"none\" style=\"width: 100%;\" controls=\"controls\"><source type=\"audio\/mpeg\" src=\"https:\/\/etno.net\/wp-content\/uploads\/2020\/10\/08-oi_sinutko_unhoittaisin-mastered_etnonet.mp3?_=3\" \/><a href=\"https:\/\/etno.net\/wp-content\/uploads\/2020\/10\/08-oi_sinutko_unhoittaisin-mastered_etnonet.mp3\">https:\/\/etno.net\/wp-content\/uploads\/2020\/10\/08-oi_sinutko_unhoittaisin-mastered_etnonet.mp3<\/a><\/audio>\n<\/div>\n<div class=\"field-item even\">\n<p>9.\u00a0<strong>Polokat Pohjois-Pohjanmaalta<\/strong>\u00a0<em>3&#8217;36<\/em><br \/>\ntrad., sov. \/ arr. Sinikka Kontio<\/p>\n<p>10.\u00a0<strong>Valolla vasten pime\u00e4\u00e4<\/strong>\u00a0<em>7&#8217;59<\/em><br \/>\nP\u00e4ivi Hirvonen<\/p>\n<p>11.\u00a0<strong>Mun vereni<\/strong>, feat. Pekko K\u00e4ppi &amp; Global Orchestra\u00a0<em>5&#8217;53<\/em><br \/>\nPekko K\u00e4ppi, Tommi Laine, Nuutti Vapaavuori, san. \/ lyrics Pekko K\u00e4ppi<\/p>\n<\/div>\n<\/div>\n<\/div>\n","protected":false},"excerpt":{"rendered":"<p>\u00c4\u00e4nitetty ja miksattu Musiikkitalossa 2018 Recorded and mixed in 2018 at the Helsinki Music Center \u00c4\u00e4nitys ja miksaus \/ Recording and mixing:\u00a0Tuomas Haimakainen Taiteellinen tuottaja \/ Artistic producer:\u00a0Timo Alakotila Masterointi \/ Mastering:\u00a0Svante Forsb\u00e4ck\u00a0at Chartmakers Valokuvat ja kannet \/ Photography and cover:\u00a0Jimmy Tr\u00e4skelin Vastaava tuottaja \/ Executive producer:\u00a0Juhani N\u00e4reharju Muusikot: Taiteellinen johtaja \/ Artistic director:\u00a0Petri Prauda [&hellip;]<\/p>\n","protected":false},"featured_media":956,"comment_status":"closed","ping_status":"closed","template":"","meta":{"_acf_changed":false},"product_brand":[],"product_cat":[65],"product_tag":[],"class_list":{"0":"post-947","1":"product","2":"type-product","3":"status-publish","4":"has-post-thumbnail","6":"product_cat-aanitteet","8":"first","9":"instock","10":"shipping-taxable","11":"product-type-simple"},"acf":[],"_links":{"self":[{"href":"https:\/\/etno.net\/en\/wp-json\/wp\/v2\/product\/947","targetHints":{"allow":["GET"]}}],"collection":[{"href":"https:\/\/etno.net\/en\/wp-json\/wp\/v2\/product"}],"about":[{"href":"https:\/\/etno.net\/en\/wp-json\/wp\/v2\/types\/product"}],"replies":[{"embeddable":true,"href":"https:\/\/etno.net\/en\/wp-json\/wp\/v2\/comments?post=947"}],"wp:featuredmedia":[{"embeddable":true,"href":"https:\/\/etno.net\/en\/wp-json\/wp\/v2\/media\/956"}],"wp:attachment":[{"href":"https:\/\/etno.net\/en\/wp-json\/wp\/v2\/media?parent=947"}],"wp:term":[{"taxonomy":"product_brand","embeddable":true,"href":"https:\/\/etno.net\/en\/wp-json\/wp\/v2\/product_brand?post=947"},{"taxonomy":"product_cat","embeddable":true,"href":"https:\/\/etno.net\/en\/wp-json\/wp\/v2\/product_cat?post=947"},{"taxonomy":"product_tag","embeddable":true,"href":"https:\/\/etno.net\/en\/wp-json\/wp\/v2\/product_tag?post=947"}],"curies":[{"name":"wp","href":"https:\/\/api.w.org\/{rel}","templated":true}]}}