{"id":953,"date":"2020-10-21T10:58:47","date_gmt":"2020-10-21T08:58:47","guid":{"rendered":"https:\/\/etno.net\/?post_type=product&#038;p=953"},"modified":"2021-12-23T14:54:32","modified_gmt":"2021-12-23T12:54:32","slug":"progmatics-vaarallinen-lehmankello","status":"publish","type":"product","link":"https:\/\/etno.net\/en\/julkaisu\/aanitteet\/progmatics-vaarallinen-lehmankello","title":{"rendered":"Progmatics: Vaarallinen lehm\u00e4nkello"},"content":{"rendered":"<p>Tuotanto Janne Viksten ja Jouko Kyh\u00e4l\u00e4<br \/>\n\u00c4\u00e4nitys Janne Viksten<br \/>\nMiksaus Janne Viksten ja Jouko Kyh\u00e4l\u00e4<\/p>\n<p><strong>1. Vaarallinen lehm\u00e4nkello<\/strong><\/p>\n<!--[if lt IE 9]><script>document.createElement('audio');<\/script><![endif]-->\n<audio class=\"wp-audio-shortcode\" id=\"audio-953-1\" preload=\"none\" style=\"width: 100%;\" controls=\"controls\"><source type=\"audio\/mpeg\" src=\"https:\/\/etno.net\/wp-content\/uploads\/2020\/10\/etn_fcd_014_014_sou_001_prv.mp3?_=1\" \/><a href=\"https:\/\/etno.net\/wp-content\/uploads\/2020\/10\/etn_fcd_014_014_sou_001_prv.mp3\">https:\/\/etno.net\/wp-content\/uploads\/2020\/10\/etn_fcd_014_014_sou_001_prv.mp3<\/a><\/audio>\n<p>S\u00e4v. trad., sov. Jouko Kyh\u00e4l\u00e4, Janne Lappalainen, Markku Lepist\u00f6, Perttu Paappanen.<\/p>\n<p>Jouko Kyh\u00e4l\u00e4: kosketinsoittimet<br \/>\nJanne Lappalainen: tenorisaksofoni<br \/>\nMarkku Lepist\u00f6: haitarit<br \/>\nPerttu Paappanen: viulu<\/p>\n<p><strong>2. Ketun Reinon polkka<\/strong><br \/>\nS\u00e4v. trad., sov. Jouko Kyh\u00e4l\u00e4, Janne Lappalainen, Markku Lepist\u00f6, Perttu Paappanen.<\/p>\n<p>Jouko Kyh\u00e4l\u00e4: huuliharput<br \/>\nJanne Lappalainen: buzuki<br \/>\nMarkku Lepist\u00f6: haitarit<br \/>\nPerttu Paappanen: viulu<\/p>\n<p><strong>3. Suite Orientale<\/strong><br \/>\nS\u00e4v. Perttu Paappanen, sov. Jouko Kyh\u00e4l\u00e4, Janne Lappalainen, Markku Lepist\u00f6, Perttu Paappanen.<\/p>\n<p>Jouko Kyh\u00e4l\u00e4: kosketinsoittimet<br \/>\nJanne Lappalainen: buzuki<br \/>\nMarkku Lepist\u00f6: haitarit<br \/>\nPerttu Paappanen: viulu<\/p>\n<p><strong>4. Naapuri<\/strong><br \/>\nS\u00e4v. Jouko Kyh\u00e4l\u00e4, Janne Lappalainen, san. Jouko Kyh\u00e4l\u00e4, Janne Lappalainen, sov. Jouko Kyh\u00e4l\u00e4, Janne Lappalainen, Markku Lepist\u00f6, Perttu Paappanen, Marko Timonen.<\/p>\n<p>Jouko Kyh\u00e4l\u00e4: laulu, piano<br \/>\nJanne Lappalainen: buzuki<br \/>\nMarkku Lepist\u00f6: haitarit<br \/>\nPerttu Paappanen: viulu<br \/>\nMarko Timonen: rummut<\/p>\n<p><strong>5. Lappfj\u00e4rds brudmarsch<\/strong><\/p>\n<audio class=\"wp-audio-shortcode\" id=\"audio-953-2\" preload=\"none\" style=\"width: 100%;\" controls=\"controls\"><source type=\"audio\/mpeg\" src=\"https:\/\/etno.net\/wp-content\/uploads\/2020\/10\/etn_fcd_014_014_sou_005_prv.mp3?_=2\" \/><a href=\"https:\/\/etno.net\/wp-content\/uploads\/2020\/10\/etn_fcd_014_014_sou_005_prv.mp3\">https:\/\/etno.net\/wp-content\/uploads\/2020\/10\/etn_fcd_014_014_sou_005_prv.mp3<\/a><\/audio>\n<p>S\u00e4v. trad., sov. Jouko Kyh\u00e4l\u00e4, Janne Lappalainen, Markku Lepist\u00f6, Perttu Paappanen.<\/p>\n<p>Jouko Kyh\u00e4l\u00e4: huuliharput<br \/>\nJanne Lappalainen: buzuki<br \/>\nMarkku Lepist\u00f6: haitarit<br \/>\nPerttu Paappanen: viulu<\/p>\n<p><strong>6. Finn reel<\/strong><br \/>\nS\u00e4v. Markku Lepist\u00f6, sov. Jouko Kyh\u00e4l\u00e4, Janne Lappalainen, Markku Lepist\u00f6, Perttu Paappanen.<\/p>\n<p>Jouko Kyh\u00e4l\u00e4: kosketinsoittimet<br \/>\nJanne Lappalainen: tenoribanjo<br \/>\nMarkku Lepist\u00f6: haitarit<br \/>\nPerttu Paappanen: viulu<\/p>\n<p><strong>7. Hannun hambo<\/strong><br \/>\nS\u00e4v. Hannu Sepp\u00e4nen, sov. Jouko Kyh\u00e4l\u00e4, Janne Lappalainen, Markku Lepist\u00f6, Perttu Paappanen.<\/p>\n<p>Jouko Kyh\u00e4l\u00e4: huuliharput<br \/>\nJanne Lappalainen: buzuki<br \/>\nMarkku Lepist\u00f6: haitarit<br \/>\nPerttu Paappanen: viulu<\/p>\n<p><strong>8. Seijarin ja Pinnin polskat<\/strong><\/p>\n<audio class=\"wp-audio-shortcode\" id=\"audio-953-3\" preload=\"none\" style=\"width: 100%;\" controls=\"controls\"><source type=\"audio\/mpeg\" src=\"https:\/\/etno.net\/wp-content\/uploads\/2020\/10\/etn_fcd_014_014_sou_008_prv.mp3?_=3\" \/><a href=\"https:\/\/etno.net\/wp-content\/uploads\/2020\/10\/etn_fcd_014_014_sou_008_prv.mp3\">https:\/\/etno.net\/wp-content\/uploads\/2020\/10\/etn_fcd_014_014_sou_008_prv.mp3<\/a><\/audio>\n<p>S\u00e4v. trad., sov. Jouko Kyh\u00e4l\u00e4, Janne Lappalainen, Markku Lepist\u00f6, Perttu Paappanen.<\/p>\n<p>Jouko Kyh\u00e4l\u00e4: huuliharput<br \/>\nJanne Lappalainen: buzuki<br \/>\nMarkku Lepist\u00f6: haitarit<br \/>\nPerttu Paappanen: viulu<\/p>\n<p><strong>9. Pers hambo<\/strong><br \/>\nS\u00e4v. Perttu Paappanen, sov. Jouko Kyh\u00e4l\u00e4, Janne Lappalainen, Markku Lepist\u00f6, Perttu Paappanen.<\/p>\n<p>Jouko Kyh\u00e4l\u00e4: piano<br \/>\nJanne Lappalainen: tenorisaksofoni<br \/>\nMarkku Lepist\u00f6: haitarit<br \/>\nPerttu Paappanen: viulu<\/p>\n<p><strong>10. Satiaisen polska<\/strong><br \/>\nS\u00e4v. trad., sov. Jouko Kyh\u00e4l\u00e4, Janne Lappalainen, Markku Lepist\u00f6, Perttu Paappanen.<\/p>\n<p>Jouko Kyh\u00e4l\u00e4: huuliharput<br \/>\nJanne Lappalainen: buzuki<br \/>\nMarkku Lepist\u00f6: haitarit<br \/>\nPerttu Paappanen: viulu<\/p>\n<p><strong>11. Polska des Boots<\/strong><br \/>\nS\u00e4v. trad., sov. Jouko Kyh\u00e4l\u00e4, Janne Lappalainen, Markku Lepist\u00f6, Perttu Paappanen.<\/p>\n<p>Jouko Kyh\u00e4l\u00e4: Hammond<br \/>\nJanne Lappalainen: tenoribanjo, s\u00e4hk\u00f6kitara<br \/>\nMarkku Lepist\u00f6: haitarit, jatsarit<br \/>\nPerttu Paappanen: viulu<\/p>\n<p><strong>12. \u00d6\u00f6pari<\/strong><br \/>\nS\u00e4v. trad., sov. Jouko Kyh\u00e4l\u00e4, Janne Lappalainen, Markku Lepist\u00f6, Perttu Paappanen.<\/p>\n<p>Jouko Kyh\u00e4l\u00e4: huuliharput<br \/>\nJanne Lappalainen: buzuki<br \/>\nMarkku Lepist\u00f6: haitarit<br \/>\nPerttu Paappanen: viulu<\/p>\n","protected":false},"excerpt":{"rendered":"<p>Progmatics on nelj\u00e4n miehen yhtye, joka tunnetaan paitsi tyylikk\u00e4\u00e4st\u00e4 ulkoasustaan my\u00f6s energisest\u00e4 keikkameiningist\u00e4\u00e4n. Progmaticsin esikois-CD rynni markkinoille lokakuussa 1996, mink\u00e4 j\u00e4lkeen levyn hittipiisej\u00e4 &#8221;Vaarallinen lehm\u00e4nkello&#8221; ja &#8221;Naapuri&#8221; on kuultu radiossa hyvinkin taajaan.<\/p>\n<p>Progmaticsin musiikki on pelimannihenkist\u00e4 miesenergiaa tulvivaa tykytyst\u00e4. Musiikillisesti yhtyeen toinen jalka on tiukasti Jukolan pellossa ja toinen kiit\u00e4\u00e4 nykyp\u00e4iv\u00e4n soundi- ja rytmimaailmoissa. Akustiset soittimet ja s\u00e4hk\u00f6inen sointimaailma yhtyv\u00e4t luonnollisen kuuloiseksi fuusioksi s\u00e4teillen ymp\u00e4rist\u00f6\u00f6n positiivista Progmatics-henke\u00e4.<\/p>\n<p><em>Jouko Kyh\u00e4l\u00e4<\/em><\/p>","protected":false},"featured_media":957,"comment_status":"closed","ping_status":"closed","template":"","meta":{"_acf_changed":false},"product_brand":[],"product_cat":[65],"product_tag":[],"class_list":{"0":"post-953","1":"product","2":"type-product","3":"status-publish","4":"has-post-thumbnail","6":"product_cat-aanitteet","8":"first","9":"instock","10":"shipping-taxable","11":"product-type-simple"},"acf":[],"_links":{"self":[{"href":"https:\/\/etno.net\/en\/wp-json\/wp\/v2\/product\/953","targetHints":{"allow":["GET"]}}],"collection":[{"href":"https:\/\/etno.net\/en\/wp-json\/wp\/v2\/product"}],"about":[{"href":"https:\/\/etno.net\/en\/wp-json\/wp\/v2\/types\/product"}],"replies":[{"embeddable":true,"href":"https:\/\/etno.net\/en\/wp-json\/wp\/v2\/comments?post=953"}],"wp:featuredmedia":[{"embeddable":true,"href":"https:\/\/etno.net\/en\/wp-json\/wp\/v2\/media\/957"}],"wp:attachment":[{"href":"https:\/\/etno.net\/en\/wp-json\/wp\/v2\/media?parent=953"}],"wp:term":[{"taxonomy":"product_brand","embeddable":true,"href":"https:\/\/etno.net\/en\/wp-json\/wp\/v2\/product_brand?post=953"},{"taxonomy":"product_cat","embeddable":true,"href":"https:\/\/etno.net\/en\/wp-json\/wp\/v2\/product_cat?post=953"},{"taxonomy":"product_tag","embeddable":true,"href":"https:\/\/etno.net\/en\/wp-json\/wp\/v2\/product_tag?post=953"}],"curies":[{"name":"wp","href":"https:\/\/api.w.org\/{rel}","templated":true}]}}