{"id":966,"date":"2020-10-21T11:40:10","date_gmt":"2020-10-21T09:40:10","guid":{"rendered":"https:\/\/etno.net\/?post_type=product&#038;p=966"},"modified":"2021-11-12T09:48:29","modified_gmt":"2021-11-12T07:48:29","slug":"pommaripoika","status":"publish","type":"product","link":"https:\/\/etno.net\/en\/julkaisu\/aanitteet\/pommaripoika","title":{"rendered":"Pommaripoika"},"content":{"rendered":"<div class=\"field field-name-field-kamucd-teknikot field-type-text-long field-label-hidden\">\n<div class=\"field-items\">\n<div class=\"field-item even\">\n<p>Toimitus: Arkisto- ja tutkimusty\u00f6, materiaalin etsint\u00e4 ja valinta sek\u00e4 liitejulkaisun tekstit\u00a0<strong>Johannes Heikkil\u00e4<\/strong>\u00a0ja\u00a0<strong>Hannu Virtanen<\/strong><br \/>\nRaitojen koonti yhdess\u00e4 toimittajien kanssa ja digitointi\u00a0<strong>Maria-Elisa Marjusaari<\/strong><br \/>\nMasterointi\u00a0<strong>Vesa Norilo<\/strong><br \/>\nGraafinen suunnittelu ja kannen valokuvat vuodelta 2018\u00a0<strong>Jimmy Tr\u00e4skelin<\/strong><\/p>\n<\/div>\n<\/div>\n<\/div>\n<div class=\"field field-name-field-kamucd-raidat field-type-text-long field-label-hidden\">\n<div class=\"field-items\">\n<div class=\"field-item even\">\n<h2>CD 1:\u00a0<em>Sattuuko joku tiet\u00e4m\u00e4\u00e4n<\/em><\/h2>\n<h3>Hengelliset ja kantaaottavat laulut, laulelmat<\/h3>\n<p>1. Ah suru suur&#8217;!<br \/>\n2. Savilintu<br \/>\n3. Yl\u00f6snousemusballadi<br \/>\n4. Uuden sanoman satama<br \/>\n5. Sukarnokh Sukarnokhissa<br \/>\n6. Herra kiinnit\u00e4 minut<br \/>\n7. Joki kiit\u00e4\u00e4<br \/>\n8. Min\u00e4 tied\u00e4n<br \/>\n9. Joulun valkea puu<br \/>\n10. Pitk\u00e4n-pitk\u00e4 tie Beetlehemiin<br \/>\n11. Laulu lesken rovoista<br \/>\n12. Tuuti tuuti tummaistani<br \/>\n13. Harvoinpa harvoin<br \/>\n14. Laulu silmien s\u00e4\u00e4liloisteesta<br \/>\n15. Vaivaisen hiljaishoito<br \/>\n16. Entisen porvarin tunnustuksia<br \/>\n17. My\u00f6s metallity\u00f6l\u00e4inen ihminen on<br \/>\n<strong>18. Sattuuko joku tiet\u00e4m\u00e4\u00e4n<\/strong><\/p>\n<!--[if lt IE 9]><script>document.createElement('audio');<\/script><![endif]-->\n<audio class=\"wp-audio-shortcode\" id=\"audio-966-1\" preload=\"none\" style=\"width: 100%;\" controls=\"controls\"><source type=\"audio\/mpeg\" src=\"https:\/\/etno.net\/wp-content\/uploads\/2020\/10\/cd1_18_sattuuko_joku_tietamaan.mp3?_=1\" \/><a href=\"https:\/\/etno.net\/wp-content\/uploads\/2020\/10\/cd1_18_sattuuko_joku_tietamaan.mp3\">https:\/\/etno.net\/wp-content\/uploads\/2020\/10\/cd1_18_sattuuko_joku_tietamaan.mp3<\/a><\/audio>\n<p>19. Y\u00f6n usvaan peittyy<br \/>\n20. Ty\u00f6tt\u00f6m\u00e4n laulu<br \/>\n21. L\u00f6i putkan kello kuus<br \/>\n22. H\u00e4n<br \/>\n23. Vie minut metsiin<br \/>\n24. Iltap\u00e4iv\u00e4ll\u00e4 viel\u00e4 k\u00e4\u00e4nnyit<br \/>\n25. Me kasvamme vaan silti v\u00e4henemme<br \/>\n26. P\u00e4\u00e4si\u00e4ismets\u00e4<br \/>\n27. Ruoho<\/p>\n<h2>CD 2:\u00a0<em>Herra Melperi<\/em><\/h2>\n<h3>Kankaan Pelimannit, Murhaballadeja, Laitinen &amp; Folkkarit<\/h3>\n<p>1. Kaksi kuninkaanlasta<br \/>\n2. Herra Petteri<br \/>\n<strong>3. Herra Melperi<\/strong><\/p>\n<audio class=\"wp-audio-shortcode\" id=\"audio-966-2\" preload=\"none\" style=\"width: 100%;\" controls=\"controls\"><source type=\"audio\/mpeg\" src=\"https:\/\/etno.net\/wp-content\/uploads\/2020\/10\/cd2_03_herra_melperi.mp3?_=2\" \/><a href=\"https:\/\/etno.net\/wp-content\/uploads\/2020\/10\/cd2_03_herra_melperi.mp3\">https:\/\/etno.net\/wp-content\/uploads\/2020\/10\/cd2_03_herra_melperi.mp3<\/a><\/audio>\n<p>4. Nyt suruissani fiuliain<br \/>\n5. Mies kapakas se kerran joi<br \/>\n6. Oi lumi liitele<br \/>\n7. Aalonksi ja Emueli<br \/>\n8. Sonja eli Aspis-saatanan soitto<br \/>\n9. V\u00e4in\u00f6n sotiisi<br \/>\n10. Reissussa saa poika ryyp\u00e4t\u00e4 viinaa<br \/>\n11. Min\u00e4 en viitti saunas maata<br \/>\n12. Katriina<br \/>\n13. Itkuvirsi sodissa kaatuneille<br \/>\n14. Mies kapakas se kerran joi<\/p>\n<h2>CD 3:\u00a0<em>Hiiden hirvi<\/em><\/h2>\n<h3>Runolaulua, muinaisia \u00e4\u00e4ni\u00e4<\/h3>\n<p>1. Hiien hirven hiihd\u00e4nt\u00e4<br \/>\n2. H\u00e4\u00e4t &#8211; Sulhasen kehunta<br \/>\n3. H\u00e4\u00e4t &#8211; Sulhasen moitinta<br \/>\n4. Viikon viivyin Viipurissa<br \/>\n5. Ei lopu loiut minulta<br \/>\n6. Pakkanen pahansukuinen<br \/>\n7. Jo oli maattu marjueni<br \/>\n8. Alahall on allin mieli<br \/>\n9. Vaivanen poika<br \/>\n10. Plimpotusta<br \/>\n11. Vaka vanha V\u00e4in\u00e4m\u00f6inen + Oo Finland Oo<br \/>\n12. Kisavirsi<br \/>\n13. Karhun synty<br \/>\n14. Oluen ylistys<br \/>\n15. Mets\u00e4st\u00e4j\u00e4n kehut<br \/>\n16. Karhun vihat<br \/>\n17. On the Shoulders of the Great Bear<br \/>\n<strong>18. Hiien hirvi<\/strong><\/p>\n<audio class=\"wp-audio-shortcode\" id=\"audio-966-3\" preload=\"none\" style=\"width: 100%;\" controls=\"controls\"><source type=\"audio\/mpeg\" src=\"https:\/\/etno.net\/wp-content\/uploads\/2020\/10\/cd3_18_hiien_hirvi.mp3?_=3\" \/><a href=\"https:\/\/etno.net\/wp-content\/uploads\/2020\/10\/cd3_18_hiien_hirvi.mp3\">https:\/\/etno.net\/wp-content\/uploads\/2020\/10\/cd3_18_hiien_hirvi.mp3<\/a><\/audio>\n<p>19. Ortus V\u00e4in\u00e4m\u00f6inis<br \/>\n20. V\u00e4in\u00e4m\u00f6inen fidibus canit<br \/>\n21. V\u00e4in\u00e4m\u00f6isen synty<\/p>\n<h2>CD 4:\u00a0<em>Mets\u00e4n huuto<\/em><\/h2>\n<h3>Improvisaatio &#8211; ihmisen \u00e4\u00e4ni<\/h3>\n<p>1. Pyh\u00e4 uni<br \/>\n2. Olgan laulu<br \/>\n<strong>3. Riistaryyppy<\/strong><\/p>\n<audio class=\"wp-audio-shortcode\" id=\"audio-966-4\" preload=\"none\" style=\"width: 100%;\" controls=\"controls\"><source type=\"audio\/mpeg\" src=\"https:\/\/etno.net\/wp-content\/uploads\/2020\/10\/cd4_03_riistaryyppy.mp3?_=4\" \/><a href=\"https:\/\/etno.net\/wp-content\/uploads\/2020\/10\/cd4_03_riistaryyppy.mp3\">https:\/\/etno.net\/wp-content\/uploads\/2020\/10\/cd4_03_riistaryyppy.mp3<\/a><\/audio>\n<p>4. Verhoaaria<br \/>\n5. Viklatuksia<br \/>\n6. Mets\u00e4kaurista ruusunter\u00e4lehdill\u00e4<br \/>\n7. Mets\u00e4styslaulu<br \/>\n8. Karhunkallohonka ja Hiisi, pyh\u00e4 lehto<br \/>\n9. Mikonkatu live<br \/>\n10. Boota<br \/>\n11. Kalevala Laitisen mukaan<br \/>\n12. Dona nobis pacem<br \/>\n13. Siis siunaa Herra aina<\/p>\n<h2>CD 5:\u00a0<em>Jos olet veli<\/em><\/h2>\n<h3>Laulajana eri yhtyeiss\u00e4<\/h3>\n<p>1. Pommaripoika<br \/>\n2. Rauhan satama<br \/>\n3. Retales<br \/>\n4. Mustan aijan<br \/>\n5. Kyyhkyseni<br \/>\n6. Rakkaani tule vuorille<br \/>\n7. Vellamo<br \/>\n8. Silm\u00e4peli<br \/>\n9. Kemppaisen avioel\u00e4m\u00e4<br \/>\n10. Savonpojan Amerikkaan tulo<br \/>\n11. Taattoni maja<br \/>\n12. Hautauslaulu<br \/>\n13. Pohjoisessa Pietarsaaren kaupungissa<br \/>\n<strong>14. Jos olet veli<\/strong><\/p>\n<audio class=\"wp-audio-shortcode\" id=\"audio-966-5\" preload=\"none\" style=\"width: 100%;\" controls=\"controls\"><source type=\"audio\/mpeg\" src=\"https:\/\/etno.net\/wp-content\/uploads\/2020\/10\/cd5_14_jos_olet_veli.mp3?_=5\" \/><a href=\"https:\/\/etno.net\/wp-content\/uploads\/2020\/10\/cd5_14_jos_olet_veli.mp3\">https:\/\/etno.net\/wp-content\/uploads\/2020\/10\/cd5_14_jos_olet_veli.mp3<\/a><\/audio>\n<p>15. Valoa ikkunasta<br \/>\n16. Lapsuuteni maa<br \/>\n17. Lauantai-iltana<br \/>\n18. Satakieli<br \/>\n19. Mataleena<br \/>\n20. Oli mulla ennen<\/p>\n<h2>CD 6: Kymmenell\u00e4 rivill\u00e4<\/h2>\n<h3>S\u00e4velt\u00e4j\u00e4n penkilt\u00e4, Laitinen &amp; Pohjonen<\/h3>\n<p>1. Tuuti tuuti<br \/>\n<strong>2. Kymmenell\u00e4 rivill\u00e4<\/strong><\/p>\n<audio class=\"wp-audio-shortcode\" id=\"audio-966-6\" preload=\"none\" style=\"width: 100%;\" controls=\"controls\"><source type=\"audio\/mpeg\" src=\"https:\/\/etno.net\/wp-content\/uploads\/2020\/10\/cd6_02_kymmenella_rivilla.mp3?_=6\" \/><a href=\"https:\/\/etno.net\/wp-content\/uploads\/2020\/10\/cd6_02_kymmenella_rivilla.mp3\">https:\/\/etno.net\/wp-content\/uploads\/2020\/10\/cd6_02_kymmenella_rivilla.mp3<\/a><\/audio>\n<p>3. Rissakka<br \/>\n4. Plimprovisaatio<br \/>\n5. Tie<br \/>\n6. Linn\u00e9 i Lappland 1732<br \/>\n7. Ja se ilta<br \/>\n8. Polska<br \/>\n9. Onko sinun paperisi kastunu<br \/>\n10. Kuolemaantuomitun hyv\u00e4stij\u00e4tt\u00f6<\/p>\n<\/div>\n<\/div>\n<\/div>\n","protected":false},"excerpt":{"rendered":"<p>Toimitus: Arkisto- ja tutkimusty\u00f6, materiaalin etsint\u00e4 ja valinta sek\u00e4 liitejulkaisun tekstit\u00a0Johannes Heikkil\u00e4\u00a0ja\u00a0Hannu Virtanen Raitojen koonti yhdess\u00e4 toimittajien kanssa ja digitointi\u00a0Maria-Elisa Marjusaari Masterointi\u00a0Vesa Norilo Graafinen suunnittelu ja kannen valokuvat vuodelta 2018\u00a0Jimmy Tr\u00e4skelin CD 1:\u00a0Sattuuko joku tiet\u00e4m\u00e4\u00e4n Hengelliset ja kantaaottavat laulut, laulelmat 1. Ah suru suur&#8217;! 2. Savilintu 3. Yl\u00f6snousemusballadi 4. Uuden sanoman satama 5. Sukarnokh Sukarnokhissa [&hellip;]<\/p>\n","protected":false},"featured_media":974,"comment_status":"closed","ping_status":"closed","template":"","meta":{"_acf_changed":false},"product_brand":[],"product_cat":[65],"product_tag":[],"class_list":{"0":"post-966","1":"product","2":"type-product","3":"status-publish","4":"has-post-thumbnail","6":"product_cat-aanitteet","8":"first","9":"instock","10":"shipping-taxable","11":"product-type-simple"},"acf":[],"_links":{"self":[{"href":"https:\/\/etno.net\/en\/wp-json\/wp\/v2\/product\/966","targetHints":{"allow":["GET"]}}],"collection":[{"href":"https:\/\/etno.net\/en\/wp-json\/wp\/v2\/product"}],"about":[{"href":"https:\/\/etno.net\/en\/wp-json\/wp\/v2\/types\/product"}],"replies":[{"embeddable":true,"href":"https:\/\/etno.net\/en\/wp-json\/wp\/v2\/comments?post=966"}],"wp:featuredmedia":[{"embeddable":true,"href":"https:\/\/etno.net\/en\/wp-json\/wp\/v2\/media\/974"}],"wp:attachment":[{"href":"https:\/\/etno.net\/en\/wp-json\/wp\/v2\/media?parent=966"}],"wp:term":[{"taxonomy":"product_brand","embeddable":true,"href":"https:\/\/etno.net\/en\/wp-json\/wp\/v2\/product_brand?post=966"},{"taxonomy":"product_cat","embeddable":true,"href":"https:\/\/etno.net\/en\/wp-json\/wp\/v2\/product_cat?post=966"},{"taxonomy":"product_tag","embeddable":true,"href":"https:\/\/etno.net\/en\/wp-json\/wp\/v2\/product_tag?post=966"}],"curies":[{"name":"wp","href":"https:\/\/api.w.org\/{rel}","templated":true}]}}