{"id":975,"date":"2020-10-21T11:56:53","date_gmt":"2020-10-21T09:56:53","guid":{"rendered":"https:\/\/etno.net\/?post_type=product&#038;p=975"},"modified":"2021-11-12T09:49:41","modified_gmt":"2021-11-12T07:49:41","slug":"alku-the-beginning","status":"publish","type":"product","link":"https:\/\/etno.net\/en\/julkaisu\/aanitteet\/alku-the-beginning","title":{"rendered":"P\u00e4ivi Hirvonen: Alku &#8211; The Beginning"},"content":{"rendered":"<div class=\"field field-name-field-kamucd-teknikot field-type-text-long field-label-hidden\">\n<div class=\"field-items\">\n<div class=\"field-item even\">\n<p>Produced by\u00a0<strong>P\u00e4ivi Hirvonen, Esko Grundstr\u00f6m, Tero Pajunen<\/strong><br \/>\nPhotos by\u00a0<strong>Antti Kokkola<\/strong><br \/>\nGraphic design by\u00a0<strong>Johanna-Adele J\u00fcssi<\/strong><br \/>\nEnglish texts and translations by\u00a0<strong>Sara Norja<\/strong><br \/>\nRecorded and mixed by\u00a0<strong>Esko Grundstr\u00f6m<\/strong><br \/>\nMastered by\u00a0<strong>Jaakko Viital\u00e4hde<\/strong>\u00a0at Virtal\u00e4hde Mastering<br \/>\nRecorded at Sibelius Academy Music Center Kallio-Kuninkala 14.-18.5.2017<\/p>\n<p><strong>Thank you:<\/strong>\u00a0Tero and Esko, Christian Pliefke, Aija Puurtinen, Maija, Iida, Tomas, Antti, Johanna, Sara, Jaakko, Sibelius Academy Folk Music Department<\/p>\n<\/div>\n<\/div>\n<\/div>\n<div class=\"field field-name-field-kamucd-yht-kokoonpano field-type-text-long field-label-inline clearfix\">\n<div class=\"field-label\">Muusikot:<\/div>\n<div class=\"field-items\">\n<div class=\"field-item even\">\n<p><strong>P\u00e4ivi Hirvonen<\/strong>\u00a0&#8211; Fiddles, voice and bowed lyre<\/p>\n<\/div>\n<\/div>\n<\/div>\n<div class=\"field field-name-field-kamucd-raidat field-type-text-long field-label-hidden\">\n<div class=\"field-items\">\n<div class=\"field-item even\">\n<p><strong>1. Nouskaa neidot \/ Arise, maidens<\/strong><\/p>\n<!--[if lt IE 9]><script>document.createElement('audio');<\/script><![endif]-->\n<audio class=\"wp-audio-shortcode\" id=\"audio-975-1\" preload=\"none\" style=\"width: 100%;\" controls=\"controls\"><source type=\"audio\/mpeg\" src=\"https:\/\/etno.net\/wp-content\/uploads\/2020\/10\/hirvonencd_etnonet_01.mp3?_=1\" \/><a href=\"https:\/\/etno.net\/wp-content\/uploads\/2020\/10\/hirvonencd_etnonet_01.mp3\">https:\/\/etno.net\/wp-content\/uploads\/2020\/10\/hirvonencd_etnonet_01.mp3<\/a><\/audio>\n<p>2. V\u00e4in\u00f6l\u00e4inen \/ V\u00e4in\u00f6l\u00e4inen<\/p>\n<p>3. Neidon pako \/ The maiden&#8217;s escape<\/p>\n<p><strong>4. Viinanpiru \/ Booze devil<\/strong><\/p>\n<audio class=\"wp-audio-shortcode\" id=\"audio-975-2\" preload=\"none\" style=\"width: 100%;\" controls=\"controls\"><source type=\"audio\/mpeg\" src=\"https:\/\/etno.net\/wp-content\/uploads\/2020\/10\/hirvonencd_etnonet_04.mp3?_=2\" \/><a href=\"https:\/\/etno.net\/wp-content\/uploads\/2020\/10\/hirvonencd_etnonet_04.mp3\">https:\/\/etno.net\/wp-content\/uploads\/2020\/10\/hirvonencd_etnonet_04.mp3<\/a><\/audio>\n<p><strong>5. Eik\u00e4 mun saisi laulella \/ And I shouldn&#8217;t be singing<\/strong><\/p>\n<audio class=\"wp-audio-shortcode\" id=\"audio-975-3\" preload=\"none\" style=\"width: 100%;\" controls=\"controls\"><source type=\"audio\/mpeg\" src=\"https:\/\/etno.net\/wp-content\/uploads\/2020\/10\/hirvonencd_etnonet_05.mp3?_=3\" \/><a href=\"https:\/\/etno.net\/wp-content\/uploads\/2020\/10\/hirvonencd_etnonet_05.mp3\">https:\/\/etno.net\/wp-content\/uploads\/2020\/10\/hirvonencd_etnonet_05.mp3<\/a><\/audio>\n<p>6. Ruskatanssi \/ Autumn dance<\/p>\n<p>7. Tuuti tuuti, tuomenmarja \/ Lully lullay, bird-cherry<\/p>\n<\/div>\n<\/div>\n<\/div>\n","protected":false},"excerpt":{"rendered":"<p>Produced by\u00a0P\u00e4ivi Hirvonen, Esko Grundstr\u00f6m, Tero Pajunen Photos by\u00a0Antti Kokkola Graphic design by\u00a0Johanna-Adele J\u00fcssi English texts and translations by\u00a0Sara Norja Recorded and mixed by\u00a0Esko Grundstr\u00f6m Mastered by\u00a0Jaakko Viital\u00e4hde\u00a0at Virtal\u00e4hde Mastering Recorded at Sibelius Academy Music Center Kallio-Kuninkala 14.-18.5.2017 Thank you:\u00a0Tero and Esko, Christian Pliefke, Aija Puurtinen, Maija, Iida, Tomas, Antti, Johanna, Sara, Jaakko, Sibelius Academy [&hellip;]<\/p>\n","protected":false},"featured_media":979,"comment_status":"closed","ping_status":"closed","template":"","meta":{"_acf_changed":false},"product_brand":[],"product_cat":[65],"product_tag":[],"class_list":{"0":"post-975","1":"product","2":"type-product","3":"status-publish","4":"has-post-thumbnail","6":"product_cat-aanitteet","8":"first","9":"instock","10":"shipping-taxable","11":"product-type-simple"},"acf":[],"_links":{"self":[{"href":"https:\/\/etno.net\/en\/wp-json\/wp\/v2\/product\/975","targetHints":{"allow":["GET"]}}],"collection":[{"href":"https:\/\/etno.net\/en\/wp-json\/wp\/v2\/product"}],"about":[{"href":"https:\/\/etno.net\/en\/wp-json\/wp\/v2\/types\/product"}],"replies":[{"embeddable":true,"href":"https:\/\/etno.net\/en\/wp-json\/wp\/v2\/comments?post=975"}],"wp:featuredmedia":[{"embeddable":true,"href":"https:\/\/etno.net\/en\/wp-json\/wp\/v2\/media\/979"}],"wp:attachment":[{"href":"https:\/\/etno.net\/en\/wp-json\/wp\/v2\/media?parent=975"}],"wp:term":[{"taxonomy":"product_brand","embeddable":true,"href":"https:\/\/etno.net\/en\/wp-json\/wp\/v2\/product_brand?post=975"},{"taxonomy":"product_cat","embeddable":true,"href":"https:\/\/etno.net\/en\/wp-json\/wp\/v2\/product_cat?post=975"},{"taxonomy":"product_tag","embeddable":true,"href":"https:\/\/etno.net\/en\/wp-json\/wp\/v2\/product_tag?post=975"}],"curies":[{"name":"wp","href":"https:\/\/api.w.org\/{rel}","templated":true}]}}