{"id":980,"date":"2020-10-21T12:00:07","date_gmt":"2020-10-21T10:00:07","guid":{"rendered":"https:\/\/etno.net\/?post_type=product&#038;p=980"},"modified":"2021-11-12T09:51:09","modified_gmt":"2021-11-12T07:51:09","slug":"elo","status":"publish","type":"product","link":"https:\/\/etno.net\/en\/julkaisu\/aanitteet\/elo","title":{"rendered":"Ilo Ensemble: Elo"},"content":{"rendered":"<div class=\"field field-name-field-kamucd-teknikot field-type-text-long field-label-hidden\">\n<div class=\"field-items\">\n<div class=\"field-item even\">\n<p>Tuottaja \/ Producer\u00a0<strong>Ilo Ensemble<\/strong><br \/>\nValokuvat \/ Photos\u00a0<strong>Anne Roininen<\/strong><br \/>\nGraafinen suunnittelu \/ Graphic design\u00a0<strong>Paula Susitaival<\/strong><br \/>\nK\u00e4\u00e4nn\u00f6kset \/ English translations<strong>\u00a0Markus Palm\u00e9n<\/strong><br \/>\n\u00c4\u00e4nitys, miksaus &amp; masterointi \/ Recording, mixing &amp; mastering\u00a0<strong>Vesa Norilo<\/strong><br \/>\n\u00c4\u00e4nitysaika &amp; -paikka \/ Recorded at Kallio-Kuninkala Studios, Finland 3.-5.2. &amp; 23.-25.5.2017<\/p>\n<p>Kiitokset \/ Thank you P\u00e4ivi J\u00e4rvinen, Anneli Asplund, Kunkkula, Vesa, Anne, Paula, Markus, perheet ja yst\u00e4v\u00e4t, Las Ketchup &#8211; kiitos inspiroivasta energiasta!<\/p>\n<\/div>\n<\/div>\n<\/div>\n<div class=\"field field-name-field-kamucd-yht-kokoonpano field-type-text-long field-label-inline clearfix\">\n<div class=\"field-label\">Muusikot:<\/div>\n<div class=\"field-items\">\n<div class=\"field-item even\">\n<p>Laulu\/Vocals:<br \/>\n<strong>Helmi Camus<br \/>\nSalla Haavisto<br \/>\nLotta Hagfors<br \/>\nTiina Palm\u00e9n<br \/>\nUlla Silvennoinen<\/strong><\/p>\n<\/div>\n<\/div>\n<\/div>\n<div class=\"field field-name-field-kamucd-raidat field-type-text-long field-label-hidden\">\n<div class=\"field-items\">\n<div class=\"field-item even\">\n<p><strong>1. Lemmin salaa<\/strong><\/p>\n<!--[if lt IE 9]><script>document.createElement('audio');<\/script><![endif]-->\n<audio class=\"wp-audio-shortcode\" id=\"audio-980-1\" preload=\"none\" style=\"width: 100%;\" controls=\"controls\"><source type=\"audio\/mpeg\" src=\"https:\/\/etno.net\/wp-content\/uploads\/2020\/10\/01_lemminsalaa_etnonet.mp3?_=1\" \/><a href=\"https:\/\/etno.net\/wp-content\/uploads\/2020\/10\/01_lemminsalaa_etnonet.mp3\">https:\/\/etno.net\/wp-content\/uploads\/2020\/10\/01_lemminsalaa_etnonet.mp3<\/a><\/audio>\n<p>2. Yksin laulan<\/p>\n<p>3. Arkireki<\/p>\n<p>4. Tuuli se lastani tuudittaa<\/p>\n<p><strong>5. Amerikas<\/strong><\/p>\n<audio class=\"wp-audio-shortcode\" id=\"audio-980-2\" preload=\"none\" style=\"width: 100%;\" controls=\"controls\"><source type=\"audio\/mpeg\" src=\"https:\/\/etno.net\/wp-content\/uploads\/2020\/10\/05_amerikas_etnonet.mp3?_=2\" \/><a href=\"https:\/\/etno.net\/wp-content\/uploads\/2020\/10\/05_amerikas_etnonet.mp3\">https:\/\/etno.net\/wp-content\/uploads\/2020\/10\/05_amerikas_etnonet.mp3<\/a><\/audio>\n<p>6. Unta vailla<\/p>\n<p>7. Kahden tyt\u00f6n rakkaus<\/p>\n<p><strong>8. Saarni<\/strong><\/p>\n<audio class=\"wp-audio-shortcode\" id=\"audio-980-3\" preload=\"none\" style=\"width: 100%;\" controls=\"controls\"><source type=\"audio\/mpeg\" src=\"https:\/\/etno.net\/wp-content\/uploads\/2020\/10\/08_saarni.mp3?_=3\" \/><a href=\"https:\/\/etno.net\/wp-content\/uploads\/2020\/10\/08_saarni.mp3\">https:\/\/etno.net\/wp-content\/uploads\/2020\/10\/08_saarni.mp3<\/a><\/audio>\n<p>9. Alttarille asti<\/p>\n<p>10. Tissit<\/p>\n<\/div>\n<\/div>\n<\/div>\n","protected":false},"excerpt":{"rendered":"<p>Tuottaja \/ Producer\u00a0Ilo Ensemble Valokuvat \/ Photos\u00a0Anne Roininen Graafinen suunnittelu \/ Graphic design\u00a0Paula Susitaival K\u00e4\u00e4nn\u00f6kset \/ English translations\u00a0Markus Palm\u00e9n \u00c4\u00e4nitys, miksaus &amp; masterointi \/ Recording, mixing &amp; mastering\u00a0Vesa Norilo \u00c4\u00e4nitysaika &amp; -paikka \/ Recorded at Kallio-Kuninkala Studios, Finland 3.-5.2. &amp; 23.-25.5.2017 Kiitokset \/ Thank you P\u00e4ivi J\u00e4rvinen, Anneli Asplund, Kunkkula, Vesa, Anne, Paula, Markus, perheet [&hellip;]<\/p>\n","protected":false},"featured_media":984,"comment_status":"closed","ping_status":"closed","template":"","meta":{"_acf_changed":false},"product_brand":[],"product_cat":[65],"product_tag":[],"class_list":{"0":"post-980","1":"product","2":"type-product","3":"status-publish","4":"has-post-thumbnail","6":"product_cat-aanitteet","8":"first","9":"instock","10":"shipping-taxable","11":"product-type-simple"},"acf":[],"_links":{"self":[{"href":"https:\/\/etno.net\/en\/wp-json\/wp\/v2\/product\/980","targetHints":{"allow":["GET"]}}],"collection":[{"href":"https:\/\/etno.net\/en\/wp-json\/wp\/v2\/product"}],"about":[{"href":"https:\/\/etno.net\/en\/wp-json\/wp\/v2\/types\/product"}],"replies":[{"embeddable":true,"href":"https:\/\/etno.net\/en\/wp-json\/wp\/v2\/comments?post=980"}],"wp:featuredmedia":[{"embeddable":true,"href":"https:\/\/etno.net\/en\/wp-json\/wp\/v2\/media\/984"}],"wp:attachment":[{"href":"https:\/\/etno.net\/en\/wp-json\/wp\/v2\/media?parent=980"}],"wp:term":[{"taxonomy":"product_brand","embeddable":true,"href":"https:\/\/etno.net\/en\/wp-json\/wp\/v2\/product_brand?post=980"},{"taxonomy":"product_cat","embeddable":true,"href":"https:\/\/etno.net\/en\/wp-json\/wp\/v2\/product_cat?post=980"},{"taxonomy":"product_tag","embeddable":true,"href":"https:\/\/etno.net\/en\/wp-json\/wp\/v2\/product_tag?post=980"}],"curies":[{"name":"wp","href":"https:\/\/api.w.org\/{rel}","templated":true}]}}