{"id":990,"date":"2020-10-22T11:29:26","date_gmt":"2020-10-22T09:29:26","guid":{"rendered":"https:\/\/etno.net\/?post_type=product&#038;p=990"},"modified":"2021-12-23T14:53:59","modified_gmt":"2021-12-23T12:53:59","slug":"tellu-suden-aika","status":"publish","type":"product","link":"https:\/\/etno.net\/en\/julkaisu\/aanitteet\/tellu-suden-aika","title":{"rendered":"Tellu: Suden aika"},"content":{"rendered":"<p>Tuottajat Heikki Valpola ja Tellu Virkkala<br \/>\n\u00c4\u00e4nitys ja miksaus Janne Viksten<\/p>\n<p><strong>1. Outro<\/strong><br \/>\nS\u00e4v. trad., san. trad., Tellu Turkka, sov. Tellu Turkka.<\/p>\n<p>Tina Johansson: ly\u00f6m\u00e4soittimet<br \/>\nSanna Kurki-Suonio: laulu<br \/>\nLiisa Matveinen: laulu<br \/>\nPia Rask: laulu<br \/>\nTellu Turkka: laulu<\/p>\n<p><strong>2. Intro<\/strong><\/p>\n<!--[if lt IE 9]><script>document.createElement('audio');<\/script><![endif]-->\n<audio class=\"wp-audio-shortcode\" id=\"audio-990-1\" preload=\"none\" style=\"width: 100%;\" controls=\"controls\"><source type=\"audio\/mpeg\" src=\"https:\/\/etno.net\/wp-content\/uploads\/2020\/10\/etn_fcd_015_015_sou_002_prv.mp3?_=1\" \/><a href=\"https:\/\/etno.net\/wp-content\/uploads\/2020\/10\/etn_fcd_015_015_sou_002_prv.mp3\">https:\/\/etno.net\/wp-content\/uploads\/2020\/10\/etn_fcd_015_015_sou_002_prv.mp3<\/a><\/audio>\n<p>S\u00e4v. trad., san. trad., Tellu Turkka, sov. Tellu Turkka.<\/p>\n<p>Tina Johansson: ly\u00f6m\u00e4soittimet<br \/>\nSanna Kurki-Suonio: laulu<br \/>\nLiisa Matveinen: laulu<br \/>\nPia Rask: laulu<br \/>\nTellu Turkka: laulu<\/p>\n<p><strong>3. Kosinta<\/strong><br \/>\nS\u00e4v. Tellu Turkka, san. trad., Tellu Turkka, sov. Tellu Turkka.<\/p>\n<p>Tina Johansson: ly\u00f6m\u00e4soittimet<br \/>\nSanna Kurki-Suonio: laulu<br \/>\nAnita Lehtola: laulu<br \/>\nLiisa Matveinen: laulu<br \/>\nOuti Pulkkinen: laulu<br \/>\nPia Rask: laulu<br \/>\nTellu Turkka: laulu<\/p>\n<p><strong>4. Malinan itku<\/strong><br \/>\nS\u00e4v. Malina Vetsinei, san. Malina Vetsinei.<\/p>\n<p>Tina Johansson: ly\u00f6m\u00e4soittimet<br \/>\nSanna Kurki-Suonio: laulu<br \/>\nLiisa Matveinen: laulu<br \/>\nPia Rask: laulu<br \/>\nTellu Turkka: laulu<br \/>\nMalina Vetsinei: laulu<\/p>\n<p><strong>5. Jopa jouvuit, neito rukka<\/strong><br \/>\nS\u00e4v. Tellu Turkka, san. trad., Tellu Turkka, sov. Tellu Turkka.<\/p>\n<p>Tina Johansson: ly\u00f6m\u00e4soittimet<br \/>\nSanna Kurki-Suonio: laulu<br \/>\nLiisa Matveinen: laulu<br \/>\nNikko Prauda: bodhran<br \/>\nPia Rask: laulu<br \/>\nTellu Turkka: laulu<\/p>\n<p><strong>6. Manaus<\/strong><\/p>\n<audio class=\"wp-audio-shortcode\" id=\"audio-990-2\" preload=\"none\" style=\"width: 100%;\" controls=\"controls\"><source type=\"audio\/mpeg\" src=\"https:\/\/etno.net\/wp-content\/uploads\/2020\/10\/etn_fcd_015_015_sou_006_prv.mp3?_=2\" \/><a href=\"https:\/\/etno.net\/wp-content\/uploads\/2020\/10\/etn_fcd_015_015_sou_006_prv.mp3\">https:\/\/etno.net\/wp-content\/uploads\/2020\/10\/etn_fcd_015_015_sou_006_prv.mp3<\/a><\/audio>\n<p>S\u00e4v. Tellu Turkka, san. trad., Tellu Turkka, sov. Tellu Turkka.<\/p>\n<p>Tina Johansson: ly\u00f6m\u00e4soittimet<br \/>\nSanna Kurki-Suonio: laulu<br \/>\nLiisa Matveinen: laulu<br \/>\nOuti Pulkkinen: kyylaus<br \/>\nPia Rask: laulu<br \/>\nTellu Turkka: laulu<\/p>\n<p><strong>7. Et\u00e4h\u00e4ll&#8217; on miun emoni<\/strong><br \/>\nS\u00e4v. trad., san. trad., Tellu Turkka, sov. Tellu Turkka.<\/p>\n<p>Tina Johansson: ly\u00f6m\u00e4soittimet<br \/>\nSanna Kurki-Suonio: laulu<br \/>\nLiisa Matveinen: laulu<br \/>\nPia Rask: laulu<br \/>\nTellu Turkka: laulu<\/p>\n<p><strong>8. Tuulet<\/strong><\/p>\n<audio class=\"wp-audio-shortcode\" id=\"audio-990-3\" preload=\"none\" style=\"width: 100%;\" controls=\"controls\"><source type=\"audio\/mpeg\" src=\"https:\/\/etno.net\/wp-content\/uploads\/2020\/10\/etn_fcd_015_015_sou_008_prv.mp3?_=3\" \/><a href=\"https:\/\/etno.net\/wp-content\/uploads\/2020\/10\/etn_fcd_015_015_sou_008_prv.mp3\">https:\/\/etno.net\/wp-content\/uploads\/2020\/10\/etn_fcd_015_015_sou_008_prv.mp3<\/a><\/audio>\n<p>S\u00e4v. trad., Tellu Turkka, san. trad., Tellu Turkka, sov. Tellu Turkka.<\/p>\n<p>Tina Johansson: ly\u00f6m\u00e4soittimet<br \/>\nSanna Kurki-Suonio: laulu<br \/>\nLiisa Matveinen: laulu<br \/>\nPia Rask: laulu<br \/>\nTellu Turkka: laulu<\/p>\n<p><strong>9. Kev\u00e4t<\/strong><br \/>\nS\u00e4v. Tellu Turkka, san. trad., Tellu Turkka, sov. Tellu Turkka.<\/p>\n<p>Tina Johansson: ly\u00f6m\u00e4soittimet<br \/>\nSanna Kurki-Suonio: laulu<br \/>\nLiisa Matveinen: laulu<br \/>\nPia Rask: laulu<br \/>\nTellu Turkka: laulu<\/p>\n","protected":false},"excerpt":{"rendered":"<p>Kun vuonna -89 aloitin opintoni Sibelius-Akatemiassa, olin vannoutunut viulisti, joka lauloi vain sivutoimeksi. Laulaminen kiinnosti kuitenkin, ja kun vuonna -90 aloimme Sannan kanssa laulaa Hedningarna-yhtyeess\u00e4, alkoi matkani kalevalaisen laulun maailmaan.<\/p>\n<p>Ihastus vanhaan laulutapaan ja kauniiseen runokieleen syveni rakkaudeksi. Kun viel\u00e4 vuonna -94 kiinnostuin vanhoista saduista ja niiden tulkinnoista, oli aika kyps\u00e4 yhdist\u00e4\u00e4 n\u00e4m\u00e4 kiinnostukseni kohteet ja tehd\u00e4 oma runolaulusatu.<\/p>\n<p>T\u00e4ss\u00e4 se on, minun satuni &#8211; Suden aika.<\/p>\n<p><em>Tellu Virkkala<\/em><\/p>","protected":false},"featured_media":994,"comment_status":"closed","ping_status":"closed","template":"","meta":{"_acf_changed":false},"product_brand":[],"product_cat":[65],"product_tag":[],"class_list":{"0":"post-990","1":"product","2":"type-product","3":"status-publish","4":"has-post-thumbnail","6":"product_cat-aanitteet","8":"first","9":"instock","10":"shipping-taxable","11":"product-type-simple"},"acf":[],"_links":{"self":[{"href":"https:\/\/etno.net\/en\/wp-json\/wp\/v2\/product\/990","targetHints":{"allow":["GET"]}}],"collection":[{"href":"https:\/\/etno.net\/en\/wp-json\/wp\/v2\/product"}],"about":[{"href":"https:\/\/etno.net\/en\/wp-json\/wp\/v2\/types\/product"}],"replies":[{"embeddable":true,"href":"https:\/\/etno.net\/en\/wp-json\/wp\/v2\/comments?post=990"}],"wp:featuredmedia":[{"embeddable":true,"href":"https:\/\/etno.net\/en\/wp-json\/wp\/v2\/media\/994"}],"wp:attachment":[{"href":"https:\/\/etno.net\/en\/wp-json\/wp\/v2\/media?parent=990"}],"wp:term":[{"taxonomy":"product_brand","embeddable":true,"href":"https:\/\/etno.net\/en\/wp-json\/wp\/v2\/product_brand?post=990"},{"taxonomy":"product_cat","embeddable":true,"href":"https:\/\/etno.net\/en\/wp-json\/wp\/v2\/product_cat?post=990"},{"taxonomy":"product_tag","embeddable":true,"href":"https:\/\/etno.net\/en\/wp-json\/wp\/v2\/product_tag?post=990"}],"curies":[{"name":"wp","href":"https:\/\/api.w.org\/{rel}","templated":true}]}}