{"id":995,"date":"2020-10-22T11:38:41","date_gmt":"2020-10-22T09:38:41","guid":{"rendered":"https:\/\/etno.net\/?post_type=product&#038;p=995"},"modified":"2021-12-23T14:53:32","modified_gmt":"2021-12-23T12:53:32","slug":"tapani-varis-munniharppuuna","status":"publish","type":"product","link":"https:\/\/etno.net\/en\/julkaisu\/aanitteet\/tapani-varis-munniharppuuna","title":{"rendered":"Tapani Varis: Munniharppuuna"},"content":{"rendered":"<p>Tuotanto ja miksaus Tapani Varis, Teemu Korpip\u00e4\u00e4 ja Kurt Lindblad<br \/>\n\u00c4\u00e4nitys Teemu Korpip\u00e4\u00e4<\/p>\n<p><strong>1. Gammal br\u00f6llopspolska<\/strong><br \/>\nS\u00e4v. trad.<\/p>\n<p>Legendaarisen korsn\u00e4silaisviulistin Johan Erik Taklaxin ohjelmistosta<\/p>\n<p>Tapani Varis: munniharppu<\/p>\n<p><strong>2. Polska<\/strong><br \/>\nS\u00e4v. trad., sov. Piia Kleemola, Tapani Varis.<\/p>\n<p>E. Vibergilt\u00e4 Bromarvista. S\u00e4velm\u00e4kokoelmasta \u00c4ldre dansmelodier<\/p>\n<p>Piia Kleemola: viulu<br \/>\nMarja Penttinen: munniharppu<br \/>\nTapani Varis: munniharppu<\/p>\n<p><strong>3. Munniharppuuna<\/strong><\/p>\n<!--[if lt IE 9]><script>document.createElement('audio');<\/script><![endif]-->\n<audio class=\"wp-audio-shortcode\" id=\"audio-995-1\" preload=\"none\" style=\"width: 100%;\" controls=\"controls\"><source type=\"audio\/mpeg\" src=\"https:\/\/etno.net\/wp-content\/uploads\/2020\/10\/etn_fcd_016_016_sou_003_prv.mp3?_=1\" \/><a href=\"https:\/\/etno.net\/wp-content\/uploads\/2020\/10\/etn_fcd_016_016_sou_003_prv.mp3\">https:\/\/etno.net\/wp-content\/uploads\/2020\/10\/etn_fcd_016_016_sou_003_prv.mp3<\/a><\/audio>\n<p>S\u00e4v. Tapani Varis, sov. Teemu Korpip\u00e4\u00e4, Kurt Lindblad, Veikko Ojanlatva, Tapani Varis.<\/p>\n<p>Piia Kleemola: viulu<br \/>\nTeemu Korpip\u00e4\u00e4: Akai S950 -s\u00e4mpleri<br \/>\nKurt Lindblad: bassomunniharppu<br \/>\nVeikko Ojanlatva: akustinen kitara<br \/>\nTapani Varis: munniharppu<\/p>\n<p><strong>4. Mets\u00e4pelto d<\/strong><\/p>\n<audio class=\"wp-audio-shortcode\" id=\"audio-995-2\" preload=\"none\" style=\"width: 100%;\" controls=\"controls\"><source type=\"audio\/mpeg\" src=\"https:\/\/etno.net\/wp-content\/uploads\/2020\/10\/etn_fcd_016_016_sou_004_prv.mp3?_=2\" \/><a href=\"https:\/\/etno.net\/wp-content\/uploads\/2020\/10\/etn_fcd_016_016_sou_004_prv.mp3\">https:\/\/etno.net\/wp-content\/uploads\/2020\/10\/etn_fcd_016_016_sou_004_prv.mp3<\/a><\/audio>\n<p>S\u00e4v. trad., sov. Tapani Varis.<\/p>\n<p>Polska kuulun vimpelil\u00e4isviulupelimannin Erkki Mets\u00e4pellon ohjelmistosta<\/p>\n<p>Piia Kleemola: viulu<br \/>\nTapani Varis: munniharppu<\/p>\n<p><strong>5. Fanitullen<\/strong><br \/>\nS\u00e4v. trad.<\/p>\n<p>Norjalainen tanssis\u00e4velm\u00e4 Bj\u00f8rgulf Straumelta<\/p>\n<p>Tapani Varis: munniharppu<\/p>\n<p><strong>6. G-Taklax (in A)<\/strong><br \/>\nS\u00e4v. trad., sov. Kurt Lindblad, Tapani Varis.<\/p>\n<p>My\u00f6s J. E. Taklaxilta<\/p>\n<p>Teemu Korpip\u00e4\u00e4: Akai S950 -s\u00e4mpleri<br \/>\nKurt Lindblad: bassopitk\u00e4huilu<br \/>\nMarja Penttinen: renessanssibassopoikkihuilu<br \/>\nTapani Varis: munniharppu<\/p>\n<p><strong>7. Maanitus<\/strong><br \/>\nS\u00e4v. trad.<\/p>\n<p>Jouhikkos\u00e4velm\u00e4 impilahtelaiselta Juho Vaittiselta<\/p>\n<p>Tapani Varis: munniharppu<\/p>\n<p><strong>8. Menuetti<\/strong><br \/>\nS\u00e4v. trad., sov. Piia Kleemola, Tapani Varis.<\/p>\n<p>Johan Johanssonilta Oravaisista, \u00c4ldre dansmelodier -kokoelmasta<\/p>\n<p>Piia Kleemola: jouhikko<br \/>\nTapani Varis: munniharppu<\/p>\n<p><strong>9. Palkintopolska<\/strong><br \/>\nS\u00e4v. trad.<\/p>\n<p>Kortesj\u00e4rvel\u00e4isviulisti Matti Haudanmaan ohjelmistoa<\/p>\n<p>Tapani Varis: munniharppu<\/p>\n<p><strong>10. Valssi<\/strong><br \/>\nS\u00e4v. Tapani Varis.<\/p>\n<p>Tapani Varis: munniharppu<\/p>\n<p><strong>11. Tantsun p\u00e4\u00e4lle<\/strong><br \/>\nS\u00e4v. trad., sov. Teemu Korpip\u00e4\u00e4, Kurt Lindblad, Tapani Varis.<\/p>\n<p>Paimensoittus\u00e4velm\u00e4 Inkerin Soikkolasta Nattal&#8217;a Vassililta<\/p>\n<p>Teemu Korpip\u00e4\u00e4: Akai S950 -s\u00e4mpleri<br \/>\nTapani Varis: munniharppu<\/p>\n<p><strong>12. Jesus din s\u00f8de f\u00f6rening<\/strong><\/p>\n<audio class=\"wp-audio-shortcode\" id=\"audio-995-3\" preload=\"none\" style=\"width: 100%;\" controls=\"controls\"><source type=\"audio\/mpeg\" src=\"https:\/\/etno.net\/wp-content\/uploads\/2020\/10\/etn_fcd_016_016_sou_012_prv.mp3?_=3\" \/><a href=\"https:\/\/etno.net\/wp-content\/uploads\/2020\/10\/etn_fcd_016_016_sou_012_prv.mp3\">https:\/\/etno.net\/wp-content\/uploads\/2020\/10\/etn_fcd_016_016_sou_012_prv.mp3<\/a><\/audio>\n<p>S\u00e4v. trad., sov. Kurt Lindblad, Tapani Varis.<\/p>\n<p>Virsis\u00e4velm\u00e4 norjalaiselta pitk\u00e4huilunsoittaja Eivind Grovenilta<\/p>\n<p>Kurt Lindblad: bassopitk\u00e4huilu<br \/>\nMarja Penttinen: renessanssibassopoikkihuilu<br \/>\nTapani Varis: munniharppu<\/p>\n<p><strong>13. Omsk &#8211; avoin kaupunki<\/strong><br \/>\nS\u00e4v. Kurt Lindblad, sov. Kurt Lindblad.<\/p>\n<p>Teemu Korpip\u00e4\u00e4: tenoribanjo<br \/>\nKurt Lindblad: bassomunniharppu<br \/>\nTapani Varis: munniharppu<\/p>\n<p><strong>14. Sord\u00f8len<\/strong><br \/>\nS\u00e4v. trad.<\/p>\n<p>Norjalaisen \u00c5ni Rysstadin ohjelmistosta<\/p>\n<p>Tapani Varis: munniharppu<\/p>\n","protected":false},"excerpt":{"rendered":"<p>Munniharppuuna-levy sis\u00e4lt\u00e4\u00e4 uusien s\u00e4vellysten lis\u00e4ksi perinnes\u00e4velmi\u00e4 Suomesta, Norjasta ja Inkerist\u00e4. Useimmat norjalaiss\u00e4velm\u00e4t ovat per\u00e4isin munniharpputraditiosta, suomalaiset ja karjalaiset viulisteilta, huilisteilta ja jouhikonsoittajilta.<\/p>\n<p>T\u00e4m\u00e4 levy on Tapani Variksen ensimm\u00e4inen soololevy sek\u00e4 my\u00f6s ensimm\u00e4inen Suomessa julkaistu \u00e4\u00e4nite, jossa munniharppu eli m\u00e4ristysrauta on p\u00e4\u00e4osassa. Munniharppu on j\u00e4nnitt\u00e4v\u00e4n\u00e4 \u00e4\u00e4nen\u00e4 tuttu monille ihmisille, mutta harva tiet\u00e4\u00e4 t\u00e4m\u00e4n pienen soittopelin olevan my\u00f6s varteenotettava soolosoitin. Tapani Variksen Munniharppuuna-levy poistaa v\u00e4\u00e4r\u00e4t k\u00e4sitykset.<\/p>\n<p><em>Kurt Lindblad<\/em><\/p>","protected":false},"featured_media":996,"comment_status":"closed","ping_status":"closed","template":"","meta":{"_acf_changed":false},"product_brand":[],"product_cat":[65],"product_tag":[],"class_list":{"0":"post-995","1":"product","2":"type-product","3":"status-publish","4":"has-post-thumbnail","6":"product_cat-aanitteet","8":"first","9":"instock","10":"shipping-taxable","11":"product-type-simple"},"acf":[],"_links":{"self":[{"href":"https:\/\/etno.net\/en\/wp-json\/wp\/v2\/product\/995","targetHints":{"allow":["GET"]}}],"collection":[{"href":"https:\/\/etno.net\/en\/wp-json\/wp\/v2\/product"}],"about":[{"href":"https:\/\/etno.net\/en\/wp-json\/wp\/v2\/types\/product"}],"replies":[{"embeddable":true,"href":"https:\/\/etno.net\/en\/wp-json\/wp\/v2\/comments?post=995"}],"wp:featuredmedia":[{"embeddable":true,"href":"https:\/\/etno.net\/en\/wp-json\/wp\/v2\/media\/996"}],"wp:attachment":[{"href":"https:\/\/etno.net\/en\/wp-json\/wp\/v2\/media?parent=995"}],"wp:term":[{"taxonomy":"product_brand","embeddable":true,"href":"https:\/\/etno.net\/en\/wp-json\/wp\/v2\/product_brand?post=995"},{"taxonomy":"product_cat","embeddable":true,"href":"https:\/\/etno.net\/en\/wp-json\/wp\/v2\/product_cat?post=995"},{"taxonomy":"product_tag","embeddable":true,"href":"https:\/\/etno.net\/en\/wp-json\/wp\/v2\/product_tag?post=995"}],"curies":[{"name":"wp","href":"https:\/\/api.w.org\/{rel}","templated":true}]}}